{"id":1332,"date":"2025-10-07T10:49:30","date_gmt":"2025-10-07T08:49:30","guid":{"rendered":"https:\/\/rexel.conversal.io\/?page_id=1332"},"modified":"2026-02-02T16:45:24","modified_gmt":"2026-02-02T15:45:24","slug":"security-statement","status":"publish","type":"page","link":"https:\/\/rexel.conversal.io\/fr\/security-statement\/","title":{"rendered":"Security Statement"},"content":{"rendered":"\n<div class=\"wp-block-cover alignfull has-custom-content-position is-position-bottom-left has-white-color has-text-color has-link-color wp-elements-4726041c3a3ba3ed500774d2e118ff9f\" style=\"border-bottom-left-radius:80px;border-bottom-right-radius:80px;padding-bottom:var(--wp--preset--spacing--120-60);min-height:560px;aspect-ratio:unset;\"><span aria-hidden=\"true\" class=\"wp-block-cover__background has-dark-background-color has-background-dim-100 has-background-dim\"><\/span><div class=\"wp-block-cover__inner-container has-global-padding is-layout-constrained wp-container-core-cover-is-layout-2b988179 wp-block-cover-is-layout-constrained\"><h1 class=\"has-link-color wp-elements-88f0857fdc8bad98dfdc5c16977574b2 wp-block-post-title has-text-color has-white-color\">Security Statement<\/h1>\n\n<div class=\"yoast-breadcrumbs\"><span><span><a href=\"https:\/\/rexel.conversal.io\/fr\/\">Home<\/a><\/span> <span class=\"sep\"><\/span> <span class=\"breadcrumb_last\" aria-current=\"page\">Security Statement<\/span><\/span><\/div><\/div><\/div>\n\n\n\n<h2 class=\"wp-block-heading\">Votre s\u00e9curit\u00e9 compte pour nous<\/h2>\n\n\n\n<p><strong>Rexel met en \u0153uvre tous les moyens \u00e0 sa disposition afin de pr\u00e9venir et lutter contre les fraudes. Nous vous informons pour reconna\u00eetre et d\u00e9jouer les tentatives de fraude.<\/strong><\/p>\n\n\n\n<h3 class=\"wp-block-heading\"><strong>1. Prot\u00e9gez vos informations personnelles<\/strong><\/h3>\n\n\n\n<p>Ne transmettez jamais de donn\u00e9es confidentielles par e-mail, sms ou par t\u00e9l\u00e9phone, telles que des mots de passe, les informations de votre carte de cr\u00e9dit, ou un code re\u00e7u par SMS etc..<\/p>\n\n\n\n<h3 class=\"wp-block-heading\"><strong>2.&nbsp;<\/strong><strong>Changez r\u00e9guli\u00e8rement de mot de passe<\/strong><\/h3>\n\n\n\n<p>N\u2019utilisez pas des mots de passe \u00ab faibles \u00bb ou le m\u00eame mot de passe sur plusieurs comptes. Une telle pratique renforce la vuln\u00e9rabilit\u00e9 de vos donn\u00e9es en cas de piratage d\u2019un seul de ces comptes, avec des cons\u00e9quences souvent graves : piratage de boite mail, vol de coordonn\u00e9es bancaires, usurpation d\u2019identit\u00e9, demandes de ran\u00e7on\u2026<\/p>\n\n\n\n<p>Assurez-vous que votre mot de passe fiable comporte au minimum 12 caract\u00e8res m\u00e9langeant au moins trois des quatre types de signes suivants : des majuscules, des minuscules, des chiffres ou des caract\u00e8res sp\u00e9ciaux (comme par exemple!#?).<\/p>\n\n\n\n<h3 class=\"wp-block-heading\"><strong>3.&nbsp;<\/strong><strong>Prot\u00e9gez votre ordinateur avec un anti-virus et installez un pare-feu<\/strong><\/h3>\n\n\n\n<h3 class=\"wp-block-heading\"><strong>4. Prenez le temps de v\u00e9rifier, m\u00eame dans l\u2019urgence et sous la pression, les demandes de virement, de commandes, de changement de compte bancaire.<\/strong><\/h3>\n\n\n\n<p>Soyez vigilants d\u00e8s qu\u2019une demande cumule les 3 caract\u00e9ristiques suivantes : urgence, insistance et montant important.<\/p>\n\n\n\n<p>En cas de doute, n\u2019h\u00e9sitez pas \u00e0 appeler votre contact sur son num\u00e9ro de t\u00e9l\u00e9phone habituel et non celui fourni par l\u2019escroc.<\/p>\n\n\n\n<h3 class=\"wp-block-heading\"><strong>5. M\u00e9fiez-vous des messages frauduleux<\/strong><\/h3>\n\n\n\n<p>Des messages frauduleux qualifi\u00e9s de \u201cphishing\u201d ou de \u201cspoofing\u201d sont de plus en plus fr\u00e9quents et peuvent sembler l\u00e9gitimes en faisant appara\u00eetre les logos et marques REXEL ou en se pr\u00e9sentant comme des collaborateurs de Rexel Belgique et utilisant des adresses mails pouvant contenir le terme \u00ab&nbsp;Rexel&nbsp;\u00bb.<\/p>\n\n\n\n<p>Toutes communications \u00e9lectroniques \u00e9manant d\u2019autres domaines (tels que&nbsp;<a href=\"mailto:contact@rexelbelgique.com\">contact@rexelbelgique.com<\/a>,&nbsp;<a href=\"mailto:contact@rexel-belgique.net\">contact@rexel-belgique.net<\/a>,&nbsp;<a href=\"mailto:contact@rexel-belgique.org\">contact@rexel-belgique.org<\/a>,&nbsp;<a href=\"mailto:contact@rexelsas.com\">contact@rexelsas.com<\/a>\u2026) et pouvant comporter le nom d\u2019un collaborateur de Rexel Belgique peuvent potentiellement constituer des tentatives malveillantes et doivent faire l\u2019objet d\u2019une prudence particuli\u00e8re et d\u2019une remont\u00e9e \u00e0&nbsp;<a href=\"mailto:info-legal@rexel.com\">info-legal@rexel.com<\/a>.<\/p>\n\n\n\n<p>Si vous recevez un e-mail de ce type :<\/p>\n\n\n\n<ul class=\"wp-block-list\">\n<li>Ne r\u00e9pondez pas et ne cliquez sur aucun des liens propos\u00e9s,<\/li>\n\n\n\n<li>Ne communiquez jamais d\u2019information bancaire ou personnelle,<\/li>\n\n\n\n<li>Supprimez l\u2019e-mail de votre bo\u00eete mail<\/li>\n<\/ul>\n\n\n\n<p>Vous pouvez \u00e9galement remonter vos interrogations \u00e0 l\u2019adresse\u00a0:<br><a href=\"mailto:data.breach@rexel.be\"><strong>data.breach@rexel.be<\/strong><\/a><\/p>\n","protected":false},"excerpt":{"rendered":"<p>Votre s\u00e9curit\u00e9 compte pour nous Rexel met en \u0153uvre tous les moyens \u00e0 sa disposition afin de pr\u00e9venir et lutter contre les fraudes. Nous vous informons pour reconna\u00eetre et d\u00e9jouer les tentatives de fraude. 1. Prot\u00e9gez vos informations personnelles Ne transmettez jamais de donn\u00e9es confidentielles par e-mail, sms ou par t\u00e9l\u00e9phone, telles que des mots [&hellip;]<\/p>\n","protected":false},"author":3,"featured_media":0,"parent":0,"menu_order":0,"comment_status":"closed","ping_status":"closed","template":"","meta":{"_acf_changed":false,"inline_featured_image":false,"footnotes":"","_links_to":"","_links_to_target":""},"class_list":["post-1332","page","type-page","status-publish","hentry"],"acf":[],"yoast_head":"<!-- This site is optimized with the Yoast SEO plugin v26.9 - https:\/\/yoast.com\/product\/yoast-seo-wordpress\/ -->\n<title>Security Statement - Rexel<\/title>\n<meta name=\"robots\" content=\"noindex, follow, max-snippet:-1, max-image-preview:large, max-video-preview:-1\" \/>\n<meta property=\"og:locale\" content=\"fr_FR\" \/>\n<meta property=\"og:type\" content=\"article\" \/>\n<meta property=\"og:title\" content=\"Security Statement - Rexel\" \/>\n<meta property=\"og:description\" content=\"Votre s\u00e9curit\u00e9 compte pour nous Rexel met en \u0153uvre tous les moyens \u00e0 sa disposition afin de pr\u00e9venir et lutter contre les fraudes. Nous vous informons pour reconna\u00eetre et d\u00e9jouer les tentatives de fraude. 1. Prot\u00e9gez vos informations personnelles Ne transmettez jamais de donn\u00e9es confidentielles par e-mail, sms ou par t\u00e9l\u00e9phone, telles que des mots [&hellip;]\" \/>\n<meta property=\"og:url\" content=\"https:\/\/rexel.conversal.io\/fr\/security-statement\/\" \/>\n<meta property=\"og:site_name\" content=\"Rexel\" \/>\n<meta property=\"article:modified_time\" content=\"2026-02-02T15:45:24+00:00\" \/>\n<meta name=\"twitter:card\" content=\"summary_large_image\" \/>\n<meta name=\"twitter:label1\" content=\"Dur\u00e9e de lecture estim\u00e9e\" \/>\n\t<meta name=\"twitter:data1\" content=\"2 minutes\" \/>\n<script type=\"application\/ld+json\" class=\"yoast-schema-graph\">{\"@context\":\"https:\/\/schema.org\",\"@graph\":[{\"@type\":\"WebPage\",\"@id\":\"https:\/\/rexel.conversal.io\/fr\/security-statement\/\",\"url\":\"https:\/\/rexel.conversal.io\/fr\/security-statement\/\",\"name\":\"Security Statement - Rexel\",\"isPartOf\":{\"@id\":\"https:\/\/rexel.conversal.io\/fr\/#website\"},\"datePublished\":\"2025-10-07T08:49:30+00:00\",\"dateModified\":\"2026-02-02T15:45:24+00:00\",\"breadcrumb\":{\"@id\":\"https:\/\/rexel.conversal.io\/fr\/security-statement\/#breadcrumb\"},\"inLanguage\":\"fr-FR\",\"potentialAction\":[{\"@type\":\"ReadAction\",\"target\":[\"https:\/\/rexel.conversal.io\/fr\/security-statement\/\"]}]},{\"@type\":\"BreadcrumbList\",\"@id\":\"https:\/\/rexel.conversal.io\/fr\/security-statement\/#breadcrumb\",\"itemListElement\":[{\"@type\":\"ListItem\",\"position\":1,\"name\":\"Home\",\"item\":\"https:\/\/rexel.conversal.io\/fr\/\"},{\"@type\":\"ListItem\",\"position\":2,\"name\":\"Security Statement\"}]},{\"@type\":\"WebSite\",\"@id\":\"https:\/\/rexel.conversal.io\/fr\/#website\",\"url\":\"https:\/\/rexel.conversal.io\/fr\/\",\"name\":\"Rexel\",\"description\":\"\",\"potentialAction\":[{\"@type\":\"SearchAction\",\"target\":{\"@type\":\"EntryPoint\",\"urlTemplate\":\"https:\/\/rexel.conversal.io\/fr\/?s={search_term_string}\"},\"query-input\":{\"@type\":\"PropertyValueSpecification\",\"valueRequired\":true,\"valueName\":\"search_term_string\"}}],\"inLanguage\":\"fr-FR\"}]}<\/script>\n<!-- \/ Yoast SEO plugin. -->","yoast_head_json":{"title":"Security Statement - Rexel","robots":{"index":"noindex","follow":"follow","max-snippet":"max-snippet:-1","max-image-preview":"max-image-preview:large","max-video-preview":"max-video-preview:-1"},"og_locale":"fr_FR","og_type":"article","og_title":"Security Statement - Rexel","og_description":"Votre s\u00e9curit\u00e9 compte pour nous Rexel met en \u0153uvre tous les moyens \u00e0 sa disposition afin de pr\u00e9venir et lutter contre les fraudes. Nous vous informons pour reconna\u00eetre et d\u00e9jouer les tentatives de fraude. 1. Prot\u00e9gez vos informations personnelles Ne transmettez jamais de donn\u00e9es confidentielles par e-mail, sms ou par t\u00e9l\u00e9phone, telles que des mots [&hellip;]","og_url":"https:\/\/rexel.conversal.io\/fr\/security-statement\/","og_site_name":"Rexel","article_modified_time":"2026-02-02T15:45:24+00:00","twitter_card":"summary_large_image","twitter_misc":{"Dur\u00e9e de lecture estim\u00e9e":"2 minutes"},"schema":{"@context":"https:\/\/schema.org","@graph":[{"@type":"WebPage","@id":"https:\/\/rexel.conversal.io\/fr\/security-statement\/","url":"https:\/\/rexel.conversal.io\/fr\/security-statement\/","name":"Security Statement - Rexel","isPartOf":{"@id":"https:\/\/rexel.conversal.io\/fr\/#website"},"datePublished":"2025-10-07T08:49:30+00:00","dateModified":"2026-02-02T15:45:24+00:00","breadcrumb":{"@id":"https:\/\/rexel.conversal.io\/fr\/security-statement\/#breadcrumb"},"inLanguage":"fr-FR","potentialAction":[{"@type":"ReadAction","target":["https:\/\/rexel.conversal.io\/fr\/security-statement\/"]}]},{"@type":"BreadcrumbList","@id":"https:\/\/rexel.conversal.io\/fr\/security-statement\/#breadcrumb","itemListElement":[{"@type":"ListItem","position":1,"name":"Home","item":"https:\/\/rexel.conversal.io\/fr\/"},{"@type":"ListItem","position":2,"name":"Security Statement"}]},{"@type":"WebSite","@id":"https:\/\/rexel.conversal.io\/fr\/#website","url":"https:\/\/rexel.conversal.io\/fr\/","name":"Rexel","description":"","potentialAction":[{"@type":"SearchAction","target":{"@type":"EntryPoint","urlTemplate":"https:\/\/rexel.conversal.io\/fr\/?s={search_term_string}"},"query-input":{"@type":"PropertyValueSpecification","valueRequired":true,"valueName":"search_term_string"}}],"inLanguage":"fr-FR"}]}},"_links":{"self":[{"href":"https:\/\/rexel.conversal.io\/fr\/wp-json\/wp\/v2\/pages\/1332","targetHints":{"allow":["GET"]}}],"collection":[{"href":"https:\/\/rexel.conversal.io\/fr\/wp-json\/wp\/v2\/pages"}],"about":[{"href":"https:\/\/rexel.conversal.io\/fr\/wp-json\/wp\/v2\/types\/page"}],"author":[{"embeddable":true,"href":"https:\/\/rexel.conversal.io\/fr\/wp-json\/wp\/v2\/users\/3"}],"replies":[{"embeddable":true,"href":"https:\/\/rexel.conversal.io\/fr\/wp-json\/wp\/v2\/comments?post=1332"}],"version-history":[{"count":3,"href":"https:\/\/rexel.conversal.io\/fr\/wp-json\/wp\/v2\/pages\/1332\/revisions"}],"predecessor-version":[{"id":5505,"href":"https:\/\/rexel.conversal.io\/fr\/wp-json\/wp\/v2\/pages\/1332\/revisions\/5505"}],"wp:attachment":[{"href":"https:\/\/rexel.conversal.io\/fr\/wp-json\/wp\/v2\/media?parent=1332"}],"curies":[{"name":"wp","href":"https:\/\/api.w.org\/{rel}","templated":true}]}}