{"id":1999,"date":"2025-10-20T17:37:29","date_gmt":"2025-10-20T15:37:29","guid":{"rendered":"https:\/\/rexel.conversal.io\/?page_id=1999"},"modified":"2026-01-19T16:57:21","modified_gmt":"2026-01-19T15:57:21","slug":"nos-engagementen","status":"publish","type":"page","link":"https:\/\/rexel.conversal.io\/fr\/a-propos-de-rexel\/nos-engagementen\/","title":{"rendered":"Nos engagements"},"content":{"rendered":"\n<div class=\"wp-block-cover alignfull has-custom-content-position is-position-bottom-left has-white-color has-text-color has-link-color wp-elements-b9f18d0c494dc5edbb014d5835d9f1ec\" style=\"border-bottom-left-radius:80px;border-bottom-right-radius:80px;padding-bottom:var(--wp--preset--spacing--120-60);min-height:560px;aspect-ratio:unset;\"><img loading=\"lazy\" decoding=\"async\" width=\"1688\" height=\"1125\" class=\"wp-block-cover__image-background wp-image-2000 size-full\" alt=\"\" src=\"https:\/\/rexel.conversal.io\/wp-content\/uploads\/2025\/10\/Fotolia-35051705-M-web.png\" data-object-fit=\"cover\" srcset=\"https:\/\/rexel.conversal.io\/wp-content\/uploads\/2025\/10\/Fotolia-35051705-M-web.png 1688w, https:\/\/rexel.conversal.io\/wp-content\/uploads\/2025\/10\/Fotolia-35051705-M-web-300x200.png 300w, https:\/\/rexel.conversal.io\/wp-content\/uploads\/2025\/10\/Fotolia-35051705-M-web-1024x682.png 1024w, https:\/\/rexel.conversal.io\/wp-content\/uploads\/2025\/10\/Fotolia-35051705-M-web-768x512.png 768w, https:\/\/rexel.conversal.io\/wp-content\/uploads\/2025\/10\/Fotolia-35051705-M-web-1536x1024.png 1536w\" sizes=\"auto, (max-width: 1688px) 100vw, 1688px\" \/><span aria-hidden=\"true\" class=\"wp-block-cover__background has-black-background-color has-background-dim-30 has-background-dim\"><\/span><div class=\"wp-block-cover__inner-container has-global-padding is-layout-constrained wp-container-core-cover-is-layout-2b988179 wp-block-cover-is-layout-constrained\"><h1 class=\"has-link-color wp-elements-88f0857fdc8bad98dfdc5c16977574b2 wp-block-post-title has-text-color has-white-color\">Nos engagements<\/h1>\n\n<div class=\"yoast-breadcrumbs\"><span><span><a href=\"https:\/\/rexel.conversal.io\/fr\/\">Home<\/a><\/span> <span class=\"sep\"><\/span> <span><a href=\"https:\/\/rexel.conversal.io\/fr\/a-propos-de-rexel\/\">A propos de Rexel<\/a><\/span> <span class=\"sep\"><\/span> <span class=\"breadcrumb_last\" aria-current=\"page\">Nos engagements<\/span><\/span><\/div><\/div><\/div>\n\n\n\n<div class=\"wp-block-group has-global-padding is-layout-constrained wp-block-group-is-layout-constrained\" style=\"padding-top:var(--wp--preset--spacing--60-40);padding-bottom:var(--wp--preset--spacing--60-40)\">\n<h3 class=\"wp-block-heading\">Un avenir meilleur et plus durable<\/h3>\n\n\n\n<p>Rexel assume sa responsabilit\u00e9 en tant qu\u2019entreprise et en tant qu\u2019employeur. C\u2019est pourquoi nous nous engageons \u00e0 la fois socialement et \u00e9cologiquement et nous travaillons activement pour un avenir meilleur et plus durable.<\/p>\n<\/div>\n\n\n\n<div class=\"wp-block-group has-background has-global-padding is-layout-constrained wp-container-core-group-is-layout-5b7efff7 wp-block-group-is-layout-constrained\" style=\"border-top-left-radius:20px;border-top-right-radius:20px;border-bottom-left-radius:20px;border-bottom-right-radius:20px;background-color:#2c9ad11f;padding-top:var(--wp--preset--spacing--60-40);padding-right:var(--wp--preset--spacing--60-40);padding-bottom:var(--wp--preset--spacing--60-40);padding-left:var(--wp--preset--spacing--60-40)\">\n<div class=\"wp-block-media-text is-stacked-on-mobile is-vertically-aligned-top\"><figure class=\"wp-block-media-text__media\"><img loading=\"lazy\" decoding=\"async\" width=\"1024\" height=\"682\" src=\"https:\/\/rexel.conversal.io\/wp-content\/uploads\/2025\/10\/Fotolia-35051705-M-web-1024x682.png\" alt=\"\" class=\"wp-image-2000 size-full\" srcset=\"https:\/\/rexel.conversal.io\/wp-content\/uploads\/2025\/10\/Fotolia-35051705-M-web-1024x682.png 1024w, https:\/\/rexel.conversal.io\/wp-content\/uploads\/2025\/10\/Fotolia-35051705-M-web-300x200.png 300w, https:\/\/rexel.conversal.io\/wp-content\/uploads\/2025\/10\/Fotolia-35051705-M-web-768x512.png 768w, https:\/\/rexel.conversal.io\/wp-content\/uploads\/2025\/10\/Fotolia-35051705-M-web-1536x1024.png 1536w, https:\/\/rexel.conversal.io\/wp-content\/uploads\/2025\/10\/Fotolia-35051705-M-web.png 1688w\" sizes=\"auto, (max-width: 1024px) 100vw, 1024px\" \/><\/figure><div class=\"wp-block-media-text__content\">\n<h2 class=\"wp-block-heading\">Nos engagements \u00e9cologiques<\/h2>\n\n\n\n<p>En tant que partenaire responsable, nous cherchons \u00e0 entreprendre de mani\u00e8re aussi durable que possible. Nous sommes \u00e0 la crois\u00e9e des chemins o\u00f9 des choix cruciaux doivent \u00eatre faits en mati\u00e8re d\u2019\u00e9nergie, les combustibles fossiles et le gaz c\u00e9dant de plus en plus la place \u00e0 des solutions plus durables. Nous accompagnons les installateurs dans cette transition \u00e9nerg\u00e9tique et les guidons vers une solution globale pour leurs clients finaux gr\u00e2ce aux meilleurs produits, aux formations dispens\u00e9es par nos sp\u00e9cialistes ou chez les fabricants.<\/p>\n<\/div><\/div>\n\n\n\n<p>Cette strat\u00e9gie s\u2019inscrit dans les objectifs ESG du groupe et dans son plan strat\u00e9gique, PowerUP 2025, \u00e0 travers lequel nous souhaitons relever les d\u00e9fis li\u00e9s au changement climatique, aux prix de l\u2019\u00e9nergie, aux probl\u00e8mes de cha\u00eene d\u2019approvisionnement, \u00e0 la digitalisation et \u00e0 l\u2019automatisation.<\/p>\n\n\n\n<p>Nous passons aux actes. Par exemple, toutes les agences seront \u00e9quip\u00e9es de bornes de recharge et la flotte automobile sera enti\u00e8rement \u00e9lectrique d\u2019ici deux \u00e0 trois ans. Notre partenaire de transport passe syst\u00e9matiquement aux mod\u00e8les \u00e9lectriques, surtout dans les centres-villes. Les \u00e9missions de CO2 seront encore r\u00e9duites gr\u00e2ce \u00e0 l\u2019utilisation de transports plus \u00e9cologiques en combinaison avec des livraisons group\u00e9es.<\/p>\n\n\n\n<p>La poursuite de nos efforts en mati\u00e8re de digitalisation fait \u00e9galement l\u2019objet d\u2019une grande attention. Notre boutique en ligne, Netstore, repr\u00e9sente d\u00e9sormais 50 % de notre chiffre d\u2019affaires et facilite au maximum la t\u00e2che des clients, tant sur le plan administratif que logistique. Le client ne doit plus attendre l\u2019ouverture d\u2019une agence, car tout est disponible \u00e0 tout moment.<\/p>\n<\/div>\n\n\n\n<div class=\"wp-block-group has-global-padding is-layout-constrained wp-block-group-is-layout-constrained\" style=\"padding-top:var(--wp--preset--spacing--60-40);padding-bottom:var(--wp--preset--spacing--60-40)\">\n<div class=\"wp-block-media-text has-media-on-the-right is-stacked-on-mobile is-vertically-aligned-top\"><div class=\"wp-block-media-text__content\">\n<h2 class=\"wp-block-heading\">Nos engagements \u00e9conomiques<\/h2>\n\n\n\n<p>En collaboration avec le client, nous recherchons la solution la plus appropri\u00e9e et la plus \u00e9conomique pour son projet. Nous apportons des r\u00e9ponses \u00e0 des questions telles que :<\/p>\n\n\n\n<ul class=\"wp-block-list\">\n<li>\u00ab Que signifie l\u2019int\u00e9gration de l\u2019automatisation pour votre entreprise ? \u00bb<\/li>\n\n\n\n<li>\u00ab Quelle est la solution d\u2019\u00e9clairage la plus rentable? \u00bb<\/li>\n\n\n\n<li>\u00ab Quel est le rendement de l\u2019installation d\u2019une batterie domestique et dans quel d\u00e9lai ? \u00bb<\/li>\n<\/ul>\n\n\n\n<p>Nous sommes ravis de pouvoir vous aider en mettant l\u2019accent sur votre ROI (Return On Investment) : quel est le temps de retour sur investissement de votre investissement ?<\/p>\n<\/div><figure class=\"wp-block-media-text__media\"><img loading=\"lazy\" decoding=\"async\" width=\"1024\" height=\"683\" src=\"https:\/\/rexel.conversal.io\/wp-content\/uploads\/2025\/10\/iStock-483376397-web-1024x683.jpg\" alt=\"\" class=\"wp-image-2001 size-full\" srcset=\"https:\/\/rexel.conversal.io\/wp-content\/uploads\/2025\/10\/iStock-483376397-web-1024x683.jpg 1024w, https:\/\/rexel.conversal.io\/wp-content\/uploads\/2025\/10\/iStock-483376397-web-300x200.jpg 300w, https:\/\/rexel.conversal.io\/wp-content\/uploads\/2025\/10\/iStock-483376397-web-768x512.jpg 768w, https:\/\/rexel.conversal.io\/wp-content\/uploads\/2025\/10\/iStock-483376397-web-1536x1024.jpg 1536w, https:\/\/rexel.conversal.io\/wp-content\/uploads\/2025\/10\/iStock-483376397-web-2048x1365.jpg 2048w\" sizes=\"auto, (max-width: 1024px) 100vw, 1024px\" \/><\/figure><\/div>\n<\/div>\n\n\n\n<div class=\"wp-block-group has-global-padding is-layout-constrained wp-block-group-is-layout-constrained\" style=\"padding-top:var(--wp--preset--spacing--60-40);padding-bottom:var(--wp--preset--spacing--60-40)\">\n<div class=\"wp-block-media-text is-stacked-on-mobile is-vertically-aligned-top\"><figure class=\"wp-block-media-text__media\"><img loading=\"lazy\" decoding=\"async\" width=\"1024\" height=\"681\" src=\"https:\/\/rexel.conversal.io\/wp-content\/uploads\/2025\/10\/donation-web-1024x681.png\" alt=\"\" class=\"wp-image-2002 size-full\" srcset=\"https:\/\/rexel.conversal.io\/wp-content\/uploads\/2025\/10\/donation-web-1024x681.png 1024w, https:\/\/rexel.conversal.io\/wp-content\/uploads\/2025\/10\/donation-web-300x200.png 300w, https:\/\/rexel.conversal.io\/wp-content\/uploads\/2025\/10\/donation-web-768x511.png 768w, https:\/\/rexel.conversal.io\/wp-content\/uploads\/2025\/10\/donation-web-1536x1022.png 1536w, https:\/\/rexel.conversal.io\/wp-content\/uploads\/2025\/10\/donation-web.png 1817w\" sizes=\"auto, (max-width: 1024px) 100vw, 1024px\" \/><\/figure><div class=\"wp-block-media-text__content\">\n<h2 class=\"wp-block-heading\">Nos engagements sociaux<\/h2>\n\n\n\n<p>Depuis 2013, Rexel soutient les organisations T\u00e9l\u00e9vie en Wallonie et Kom Op Tegen Kanker en Flandre pour les victimes directes et indirectes du cancer.<\/p>\n\n\n\n<p>Nous apportons \u00e9galement notre pierre \u00e0 l\u2019\u00e9difice pour l\u2019op\u00e9ration de solidarit\u00e9 \u201cDe Warmste Week\u201d.<\/p>\n\n\n\n<p>Les graves inondations qui ont frapp\u00e9 notre pays cet \u00e9t\u00e9 n\u2019ont \u00e9pargn\u00e9 personne. En tant qu\u2019acteur \u00e9conomique national, mais aussi local, nous ne pouvions rester les bras crois\u00e9s sans agir. C\u2019est pourquoi Rexel a fait don de 150 nouveaux appareils \u00e9lectrom\u00e9nagers \u00e0 la soci\u00e9t\u00e9 de logement social Logivesdre.<\/p>\n<\/div><\/div>\n<\/div>\n","protected":false},"excerpt":{"rendered":"<p>Rexel assume sa responsabilit\u00e9 en tant qu\u2019entreprise et en tant qu\u2019employeur. C\u2019est pourquoi nous nous engageons \u00e0 la fois socialement et \u00e9cologiquement et nous travaillons activement pour un avenir meilleur et plus durable.<\/p>\n","protected":false},"author":3,"featured_media":0,"parent":969,"menu_order":0,"comment_status":"closed","ping_status":"closed","template":"","meta":{"_acf_changed":false,"inline_featured_image":false,"footnotes":"","_links_to":"","_links_to_target":""},"class_list":["post-1999","page","type-page","status-publish","hentry"],"acf":[],"yoast_head":"<!-- This site is optimized with the Yoast SEO plugin v26.9 - https:\/\/yoast.com\/product\/yoast-seo-wordpress\/ -->\n<title>Nos engagements - Rexel Belgium<\/title>\n<meta name=\"description\" content=\"Rexel s&#039;engage tant sur le plan social qu&#039;\u00e9cologique et travaille activement \u00e0 un avenir meilleur et durable.\" \/>\n<meta name=\"robots\" content=\"noindex, follow, max-snippet:-1, max-image-preview:large, max-video-preview:-1\" \/>\n<meta property=\"og:locale\" content=\"fr_FR\" \/>\n<meta property=\"og:type\" content=\"article\" \/>\n<meta property=\"og:title\" content=\"Nos engagements - Rexel Belgium\" \/>\n<meta property=\"og:description\" content=\"Rexel s&#039;engage tant sur le plan social qu&#039;\u00e9cologique et travaille activement \u00e0 un avenir meilleur et durable.\" \/>\n<meta property=\"og:url\" content=\"https:\/\/rexel.conversal.io\/fr\/a-propos-de-rexel\/nos-engagementen\/\" \/>\n<meta property=\"og:site_name\" content=\"Rexel\" \/>\n<meta property=\"article:modified_time\" content=\"2026-01-19T15:57:21+00:00\" \/>\n<meta property=\"og:image\" content=\"https:\/\/rexel.conversal.io\/wp-content\/uploads\/2025\/10\/Fotolia-35051705-M-web.png\" \/>\n\t<meta property=\"og:image:width\" content=\"1688\" \/>\n\t<meta property=\"og:image:height\" content=\"1125\" \/>\n\t<meta property=\"og:image:type\" content=\"image\/png\" \/>\n<meta name=\"twitter:card\" content=\"summary_large_image\" \/>\n<meta name=\"twitter:label1\" content=\"Dur\u00e9e de lecture estim\u00e9e\" \/>\n\t<meta name=\"twitter:data1\" content=\"4 minutes\" \/>\n<script type=\"application\/ld+json\" class=\"yoast-schema-graph\">{\"@context\":\"https:\/\/schema.org\",\"@graph\":[{\"@type\":\"WebPage\",\"@id\":\"https:\/\/rexel.conversal.io\/fr\/a-propos-de-rexel\/nos-engagementen\/\",\"url\":\"https:\/\/rexel.conversal.io\/fr\/a-propos-de-rexel\/nos-engagementen\/\",\"name\":\"Nos engagements - Rexel Belgium\",\"isPartOf\":{\"@id\":\"https:\/\/rexel.conversal.io\/fr\/#website\"},\"primaryImageOfPage\":{\"@id\":\"https:\/\/rexel.conversal.io\/fr\/a-propos-de-rexel\/nos-engagementen\/#primaryimage\"},\"image\":{\"@id\":\"https:\/\/rexel.conversal.io\/fr\/a-propos-de-rexel\/nos-engagementen\/#primaryimage\"},\"thumbnailUrl\":\"https:\/\/rexel.conversal.io\/wp-content\/uploads\/2025\/10\/Fotolia-35051705-M-web.png\",\"datePublished\":\"2025-10-20T15:37:29+00:00\",\"dateModified\":\"2026-01-19T15:57:21+00:00\",\"description\":\"Rexel s'engage tant sur le plan social qu'\u00e9cologique et travaille activement \u00e0 un avenir meilleur et durable.\",\"breadcrumb\":{\"@id\":\"https:\/\/rexel.conversal.io\/fr\/a-propos-de-rexel\/nos-engagementen\/#breadcrumb\"},\"inLanguage\":\"fr-FR\",\"potentialAction\":[{\"@type\":\"ReadAction\",\"target\":[\"https:\/\/rexel.conversal.io\/fr\/a-propos-de-rexel\/nos-engagementen\/\"]}]},{\"@type\":\"ImageObject\",\"inLanguage\":\"fr-FR\",\"@id\":\"https:\/\/rexel.conversal.io\/fr\/a-propos-de-rexel\/nos-engagementen\/#primaryimage\",\"url\":\"https:\/\/rexel.conversal.io\/wp-content\/uploads\/2025\/10\/Fotolia-35051705-M-web.png\",\"contentUrl\":\"https:\/\/rexel.conversal.io\/wp-content\/uploads\/2025\/10\/Fotolia-35051705-M-web.png\"},{\"@type\":\"BreadcrumbList\",\"@id\":\"https:\/\/rexel.conversal.io\/fr\/a-propos-de-rexel\/nos-engagementen\/#breadcrumb\",\"itemListElement\":[{\"@type\":\"ListItem\",\"position\":1,\"name\":\"Home\",\"item\":\"https:\/\/rexel.conversal.io\/fr\/\"},{\"@type\":\"ListItem\",\"position\":2,\"name\":\"A propos de Rexel\",\"item\":\"https:\/\/rexel.conversal.io\/fr\/a-propos-de-rexel\/\"},{\"@type\":\"ListItem\",\"position\":3,\"name\":\"Nos engagements\"}]},{\"@type\":\"WebSite\",\"@id\":\"https:\/\/rexel.conversal.io\/fr\/#website\",\"url\":\"https:\/\/rexel.conversal.io\/fr\/\",\"name\":\"Rexel\",\"description\":\"\",\"potentialAction\":[{\"@type\":\"SearchAction\",\"target\":{\"@type\":\"EntryPoint\",\"urlTemplate\":\"https:\/\/rexel.conversal.io\/fr\/?s={search_term_string}\"},\"query-input\":{\"@type\":\"PropertyValueSpecification\",\"valueRequired\":true,\"valueName\":\"search_term_string\"}}],\"inLanguage\":\"fr-FR\"}]}<\/script>\n<!-- \/ Yoast SEO plugin. -->","yoast_head_json":{"title":"Nos engagements - Rexel Belgium","description":"Rexel s'engage tant sur le plan social qu'\u00e9cologique et travaille activement \u00e0 un avenir meilleur et durable.","robots":{"index":"noindex","follow":"follow","max-snippet":"max-snippet:-1","max-image-preview":"max-image-preview:large","max-video-preview":"max-video-preview:-1"},"og_locale":"fr_FR","og_type":"article","og_title":"Nos engagements - Rexel Belgium","og_description":"Rexel s'engage tant sur le plan social qu'\u00e9cologique et travaille activement \u00e0 un avenir meilleur et durable.","og_url":"https:\/\/rexel.conversal.io\/fr\/a-propos-de-rexel\/nos-engagementen\/","og_site_name":"Rexel","article_modified_time":"2026-01-19T15:57:21+00:00","og_image":[{"width":1688,"height":1125,"url":"https:\/\/rexel.conversal.io\/wp-content\/uploads\/2025\/10\/Fotolia-35051705-M-web.png","type":"image\/png"}],"twitter_card":"summary_large_image","twitter_misc":{"Dur\u00e9e de lecture estim\u00e9e":"4 minutes"},"schema":{"@context":"https:\/\/schema.org","@graph":[{"@type":"WebPage","@id":"https:\/\/rexel.conversal.io\/fr\/a-propos-de-rexel\/nos-engagementen\/","url":"https:\/\/rexel.conversal.io\/fr\/a-propos-de-rexel\/nos-engagementen\/","name":"Nos engagements - Rexel Belgium","isPartOf":{"@id":"https:\/\/rexel.conversal.io\/fr\/#website"},"primaryImageOfPage":{"@id":"https:\/\/rexel.conversal.io\/fr\/a-propos-de-rexel\/nos-engagementen\/#primaryimage"},"image":{"@id":"https:\/\/rexel.conversal.io\/fr\/a-propos-de-rexel\/nos-engagementen\/#primaryimage"},"thumbnailUrl":"https:\/\/rexel.conversal.io\/wp-content\/uploads\/2025\/10\/Fotolia-35051705-M-web.png","datePublished":"2025-10-20T15:37:29+00:00","dateModified":"2026-01-19T15:57:21+00:00","description":"Rexel s'engage tant sur le plan social qu'\u00e9cologique et travaille activement \u00e0 un avenir meilleur et durable.","breadcrumb":{"@id":"https:\/\/rexel.conversal.io\/fr\/a-propos-de-rexel\/nos-engagementen\/#breadcrumb"},"inLanguage":"fr-FR","potentialAction":[{"@type":"ReadAction","target":["https:\/\/rexel.conversal.io\/fr\/a-propos-de-rexel\/nos-engagementen\/"]}]},{"@type":"ImageObject","inLanguage":"fr-FR","@id":"https:\/\/rexel.conversal.io\/fr\/a-propos-de-rexel\/nos-engagementen\/#primaryimage","url":"https:\/\/rexel.conversal.io\/wp-content\/uploads\/2025\/10\/Fotolia-35051705-M-web.png","contentUrl":"https:\/\/rexel.conversal.io\/wp-content\/uploads\/2025\/10\/Fotolia-35051705-M-web.png"},{"@type":"BreadcrumbList","@id":"https:\/\/rexel.conversal.io\/fr\/a-propos-de-rexel\/nos-engagementen\/#breadcrumb","itemListElement":[{"@type":"ListItem","position":1,"name":"Home","item":"https:\/\/rexel.conversal.io\/fr\/"},{"@type":"ListItem","position":2,"name":"A propos de Rexel","item":"https:\/\/rexel.conversal.io\/fr\/a-propos-de-rexel\/"},{"@type":"ListItem","position":3,"name":"Nos engagements"}]},{"@type":"WebSite","@id":"https:\/\/rexel.conversal.io\/fr\/#website","url":"https:\/\/rexel.conversal.io\/fr\/","name":"Rexel","description":"","potentialAction":[{"@type":"SearchAction","target":{"@type":"EntryPoint","urlTemplate":"https:\/\/rexel.conversal.io\/fr\/?s={search_term_string}"},"query-input":{"@type":"PropertyValueSpecification","valueRequired":true,"valueName":"search_term_string"}}],"inLanguage":"fr-FR"}]}},"_links":{"self":[{"href":"https:\/\/rexel.conversal.io\/fr\/wp-json\/wp\/v2\/pages\/1999","targetHints":{"allow":["GET"]}}],"collection":[{"href":"https:\/\/rexel.conversal.io\/fr\/wp-json\/wp\/v2\/pages"}],"about":[{"href":"https:\/\/rexel.conversal.io\/fr\/wp-json\/wp\/v2\/types\/page"}],"author":[{"embeddable":true,"href":"https:\/\/rexel.conversal.io\/fr\/wp-json\/wp\/v2\/users\/3"}],"replies":[{"embeddable":true,"href":"https:\/\/rexel.conversal.io\/fr\/wp-json\/wp\/v2\/comments?post=1999"}],"version-history":[{"count":4,"href":"https:\/\/rexel.conversal.io\/fr\/wp-json\/wp\/v2\/pages\/1999\/revisions"}],"predecessor-version":[{"id":3658,"href":"https:\/\/rexel.conversal.io\/fr\/wp-json\/wp\/v2\/pages\/1999\/revisions\/3658"}],"up":[{"embeddable":true,"href":"https:\/\/rexel.conversal.io\/fr\/wp-json\/wp\/v2\/pages\/969"}],"wp:attachment":[{"href":"https:\/\/rexel.conversal.io\/fr\/wp-json\/wp\/v2\/media?parent=1999"}],"curies":[{"name":"wp","href":"https:\/\/api.w.org\/{rel}","templated":true}]}}