{"id":2514,"date":"2025-11-25T13:33:36","date_gmt":"2025-11-25T12:33:36","guid":{"rendered":"https:\/\/rexel.conversal.io\/?page_id=2514"},"modified":"2026-01-20T15:52:27","modified_gmt":"2026-01-20T14:52:27","slug":"esabora","status":"publish","type":"page","link":"https:\/\/rexel.conversal.io\/fr\/esabora\/","title":{"rendered":"Esabora"},"content":{"rendered":"\n<div class=\"wp-block-cover alignfull has-custom-content-position is-position-bottom-left has-white-color has-text-color has-link-color wp-elements-989a2757a1164ecfbf17e3be982a81e3\" style=\"border-bottom-left-radius:80px;border-bottom-right-radius:80px;padding-bottom:var(--wp--preset--spacing--120-60);min-height:560px;aspect-ratio:unset;\"><img loading=\"lazy\" decoding=\"async\" width=\"2410\" height=\"1609\" class=\"wp-block-cover__image-background wp-image-2515 size-full\" alt=\"\" src=\"https:\/\/rexel.conversal.io\/wp-content\/uploads\/2025\/11\/iStock_000068868009_XXXLarge-Esabora-web.png\" style=\"object-position:53% 56%\" data-object-fit=\"cover\" data-object-position=\"53% 56%\" srcset=\"https:\/\/rexel.conversal.io\/wp-content\/uploads\/2025\/11\/iStock_000068868009_XXXLarge-Esabora-web.png 2410w, https:\/\/rexel.conversal.io\/wp-content\/uploads\/2025\/11\/iStock_000068868009_XXXLarge-Esabora-web-300x200.png 300w, https:\/\/rexel.conversal.io\/wp-content\/uploads\/2025\/11\/iStock_000068868009_XXXLarge-Esabora-web-1024x684.png 1024w, https:\/\/rexel.conversal.io\/wp-content\/uploads\/2025\/11\/iStock_000068868009_XXXLarge-Esabora-web-768x513.png 768w, https:\/\/rexel.conversal.io\/wp-content\/uploads\/2025\/11\/iStock_000068868009_XXXLarge-Esabora-web-1536x1025.png 1536w, https:\/\/rexel.conversal.io\/wp-content\/uploads\/2025\/11\/iStock_000068868009_XXXLarge-Esabora-web-2048x1367.png 2048w\" sizes=\"auto, (max-width: 2410px) 100vw, 2410px\" \/><span aria-hidden=\"true\" class=\"wp-block-cover__background has-black-background-color has-background-dim-30 has-background-dim\"><\/span><div class=\"wp-block-cover__inner-container has-global-padding is-layout-constrained wp-container-core-cover-is-layout-2b988179 wp-block-cover-is-layout-constrained\"><h1 class=\"has-link-color wp-elements-88f0857fdc8bad98dfdc5c16977574b2 wp-block-post-title has-text-color has-white-color\">Esabora<\/h1>\n\n<div class=\"yoast-breadcrumbs\"><span><span><a href=\"https:\/\/rexel.conversal.io\/fr\/\">Home<\/a><\/span> <span class=\"sep\"><\/span> <span class=\"breadcrumb_last\" aria-current=\"page\">Esabora<\/span><\/span><\/div><\/div><\/div>\n\n\n\n<div class=\"wp-block-group has-global-padding is-layout-constrained wp-block-group-is-layout-constrained\" style=\"margin-top:var(--wp--preset--spacing--60-40);margin-bottom:var(--wp--preset--spacing--60-40);padding-top:var(--wp--preset--spacing--60-40);padding-bottom:var(--wp--preset--spacing--60-40)\">\n<div class=\"wp-block-columns is-layout-flex wp-container-core-columns-is-layout-28f84493 wp-block-columns-is-layout-flex\">\n<div class=\"wp-block-column is-vertically-aligned-center is-layout-flow wp-block-column-is-layout-flow\" style=\"padding-right:var(--wp--preset--spacing--60-40);padding-left:var(--wp--preset--spacing--60-40)\">\n<h2 class=\"wp-block-heading has-text-align-center has-black-color has-text-color has-link-color wp-elements-d80fc06e20b5b6d7262bda1811ccb5d1\">Esabora, une solution d\u00e9di\u00e9e aux installateurs \u00e9lectriciens, plombiers et du second oeuvre.<\/h2>\n\n\n\n<p class=\"has-text-align-center has-body-regular-font-size\">Plus qu\u2019une solution logicielle, une expertise m\u00e9tier.<\/p>\n\n\n\n<figure class=\"wp-block-image aligncenter size-large is-resized\"><img loading=\"lazy\" decoding=\"async\" width=\"1024\" height=\"437\" src=\"https:\/\/rexel.conversal.io\/wp-content\/uploads\/2025\/11\/ESABORA-logo-1024x437.png\" alt=\"\" class=\"wp-image-2517\" style=\"width:200px\" srcset=\"https:\/\/rexel.conversal.io\/wp-content\/uploads\/2025\/11\/ESABORA-logo-1024x437.png 1024w, https:\/\/rexel.conversal.io\/wp-content\/uploads\/2025\/11\/ESABORA-logo-300x128.png 300w, https:\/\/rexel.conversal.io\/wp-content\/uploads\/2025\/11\/ESABORA-logo-768x328.png 768w, https:\/\/rexel.conversal.io\/wp-content\/uploads\/2025\/11\/ESABORA-logo.png 1500w\" sizes=\"auto, (max-width: 1024px) 100vw, 1024px\" \/><\/figure>\n\n\n\n<p class=\"has-text-align-center\">Une question ?<br>Contactez-nous via <strong><a href=\"mailto:esabora@rexel.be\">esabora@rexel.be<\/a><\/strong><\/p>\n<\/div>\n\n\n\n<div class=\"wp-block-column is-vertically-aligned-center is-layout-flow wp-block-column-is-layout-flow\" style=\"flex-basis:40%\">\n<figure class=\"wp-block-image size-large has-custom-border\"><img loading=\"lazy\" decoding=\"async\" width=\"924\" height=\"1024\" src=\"https:\/\/rexel.conversal.io\/wp-content\/uploads\/2025\/11\/esabora-2-924x1024.png\" alt=\"\" class=\"wp-image-2516\" style=\"border-top-left-radius:20px;border-top-right-radius:20px;border-bottom-left-radius:20px;border-bottom-right-radius:20px\" srcset=\"https:\/\/rexel.conversal.io\/wp-content\/uploads\/2025\/11\/esabora-2-924x1024.png 924w, https:\/\/rexel.conversal.io\/wp-content\/uploads\/2025\/11\/esabora-2-271x300.png 271w, https:\/\/rexel.conversal.io\/wp-content\/uploads\/2025\/11\/esabora-2-768x852.png 768w, https:\/\/rexel.conversal.io\/wp-content\/uploads\/2025\/11\/esabora-2-1385x1536.png 1385w, https:\/\/rexel.conversal.io\/wp-content\/uploads\/2025\/11\/esabora-2-1847x2048.png 1847w\" sizes=\"auto, (max-width: 924px) 100vw, 924px\" \/><\/figure>\n<\/div>\n<\/div>\n<\/div>\n\n\n\n<div class=\"wp-block-group has-global-padding is-layout-constrained wp-container-core-group-is-layout-5b7efff7 wp-block-group-is-layout-constrained\" style=\"padding-top:var(--wp--preset--spacing--60-40);padding-right:var(--wp--preset--spacing--60-40);padding-bottom:var(--wp--preset--spacing--60-40);padding-left:var(--wp--preset--spacing--60-40)\">\n<h3 class=\"wp-block-heading has-text-align-center\">Convivial &amp; flexible<\/h3>\n\n\n\n<div class=\"wp-block-columns is-layout-flex wp-container-core-columns-is-layout-7a751c1d wp-block-columns-is-layout-flex\">\n<div class=\"wp-block-column is-vertically-aligned-top is-layout-flow wp-block-column-is-layout-flow\" style=\"border-top-left-radius:20px;border-top-right-radius:20px;border-bottom-left-radius:20px;border-bottom-right-radius:20px\">\n<figure class=\"wp-block-image aligncenter size-full is-resized\"><img loading=\"lazy\" decoding=\"async\" width=\"948\" height=\"926\" src=\"https:\/\/rexel.conversal.io\/wp-content\/uploads\/2025\/11\/Esabora-plus.png\" alt=\"\" class=\"wp-image-2518\" style=\"width:auto;height:60px\" srcset=\"https:\/\/rexel.conversal.io\/wp-content\/uploads\/2025\/11\/Esabora-plus.png 948w, https:\/\/rexel.conversal.io\/wp-content\/uploads\/2025\/11\/Esabora-plus-300x293.png 300w, https:\/\/rexel.conversal.io\/wp-content\/uploads\/2025\/11\/Esabora-plus-768x750.png 768w\" sizes=\"auto, (max-width: 948px) 100vw, 948px\" \/><\/figure>\n\n\n\n<p>Simplifiez votre quotidien gr\u00e2ce \u00e0 des outils pens\u00e9es pour vous<\/p>\n<\/div>\n\n\n\n<div class=\"wp-block-column is-vertically-aligned-top is-layout-flow wp-block-column-is-layout-flow\">\n<figure class=\"wp-block-image aligncenter size-full is-resized\"><img loading=\"lazy\" decoding=\"async\" width=\"948\" height=\"926\" src=\"https:\/\/rexel.conversal.io\/wp-content\/uploads\/2025\/11\/Esabora-plus.png\" alt=\"\" class=\"wp-image-2518\" style=\"width:auto;height:60px\" srcset=\"https:\/\/rexel.conversal.io\/wp-content\/uploads\/2025\/11\/Esabora-plus.png 948w, https:\/\/rexel.conversal.io\/wp-content\/uploads\/2025\/11\/Esabora-plus-300x293.png 300w, https:\/\/rexel.conversal.io\/wp-content\/uploads\/2025\/11\/Esabora-plus-768x750.png 768w\" sizes=\"auto, (max-width: 948px) 100vw, 948px\" \/><\/figure>\n\n\n\n<p>Gagnez en efficacit\u00e9 dans la gestion de vos devis, factures et commandes<\/p>\n<\/div>\n\n\n\n<div class=\"wp-block-column is-vertically-aligned-top is-layout-flow wp-block-column-is-layout-flow\" style=\"border-top-left-radius:20px;border-top-right-radius:20px;border-bottom-left-radius:20px;border-bottom-right-radius:20px;padding-top:0;padding-right:0;padding-bottom:0;padding-left:0\">\n<figure class=\"wp-block-image aligncenter size-full is-resized\"><img loading=\"lazy\" decoding=\"async\" width=\"948\" height=\"926\" src=\"https:\/\/rexel.conversal.io\/wp-content\/uploads\/2025\/11\/Esabora-plus.png\" alt=\"\" class=\"wp-image-2518\" style=\"width:auto;height:60px\" srcset=\"https:\/\/rexel.conversal.io\/wp-content\/uploads\/2025\/11\/Esabora-plus.png 948w, https:\/\/rexel.conversal.io\/wp-content\/uploads\/2025\/11\/Esabora-plus-300x293.png 300w, https:\/\/rexel.conversal.io\/wp-content\/uploads\/2025\/11\/Esabora-plus-768x750.png 768w\" sizes=\"auto, (max-width: 948px) 100vw, 948px\" \/><\/figure>\n\n\n\n<p>Optimisez votre rentabilit\u00e9 gr\u00e2ce \u00e0 une analytique compl\u00e8te<\/p>\n<\/div>\n<\/div>\n<\/div>\n\n\n\n<div class=\"wp-block-columns is-layout-flex wp-container-core-columns-is-layout-d7f682c6 wp-block-columns-is-layout-flex\" style=\"margin-top:var(--wp--preset--spacing--60-40);margin-bottom:var(--wp--preset--spacing--60-40);padding-top:var(--wp--preset--spacing--60-40);padding-bottom:var(--wp--preset--spacing--60-40)\">\n<div class=\"wp-block-column is-layout-flow wp-block-column-is-layout-flow\">\n<figure class=\"wp-block-embed is-type-video is-provider-youtube wp-block-embed-youtube wp-embed-aspect-16-9 wp-has-aspect-ratio\"><div class=\"wp-block-embed__wrapper\">\n<iframe loading=\"lazy\" title=\"2022   Esabora Business   FR\" width=\"500\" height=\"281\" src=\"https:\/\/www.youtube.com\/embed\/PSeAUNkmRFY?feature=oembed\" frameborder=\"0\" allow=\"accelerometer; autoplay; clipboard-write; encrypted-media; gyroscope; picture-in-picture; web-share\" referrerpolicy=\"strict-origin-when-cross-origin\" allowfullscreen><\/iframe>\n<\/div><\/figure>\n<\/div>\n\n\n\n<div class=\"wp-block-column is-vertically-aligned-center is-layout-flow wp-block-column-is-layout-flow\">\n<h3 class=\"wp-block-heading\">Une \u00e9tude technique compl\u00e8te en quelques clics !<\/h3>\n\n\n\n<p>En lan\u00e7ant Esabora, Rexel offre une suite logicielle permettant aux installateurs professionnels de r\u00e9aliser des \u00e9tudes techniques compl\u00e8tes. Gr\u00e2ce \u00e0 cet outil unique, les installateurs ont la possibilit\u00e9 d\u2019\u00e9laborer un dossier technique exhaustif, de pr\u00e9parer un devis pour un client et de commander des produits par voie \u00e9lectronique.<\/p>\n<\/div>\n<\/div>\n\n\n\n<div class=\"wp-block-columns has-background is-layout-flex wp-container-core-columns-is-layout-29781344 wp-block-columns-is-layout-flex\" style=\"border-top-left-radius:20px;border-top-right-radius:20px;border-bottom-left-radius:20px;border-bottom-right-radius:20px;background-color:#2c9ad10f;margin-top:var(--wp--preset--spacing--60-40);margin-bottom:var(--wp--preset--spacing--60-40);padding-top:var(--wp--preset--spacing--60-40);padding-right:var(--wp--preset--spacing--60-40);padding-bottom:var(--wp--preset--spacing--60-40);padding-left:var(--wp--preset--spacing--60-40)\">\n<div class=\"wp-block-column is-vertically-aligned-center is-layout-flow wp-block-column-is-layout-flow\">\n<h3 class=\"wp-block-heading\">Elaboration du dossier technique<\/h3>\n\n\n\n<ul class=\"wp-block-list\">\n<li>Importez votre plan de masse sur base d\u2019images scann\u00e9es (pdf, jpg, bmp\u2026) ou d\u2019un fichier Autocad (dxf\/dwg)<\/li>\n\n\n\n<li>En quelques clics, mettez tout \u00e0 l\u2019\u00e9chelle<\/li>\n\n\n\n<li>Am\u00e9nagez les diff\u00e9rents espaces \u00e0 l\u2019aide de diverses biblioth\u00e8ques d\u2019\u00e9l\u00e9ments de construction et de mobilier<\/li>\n\n\n\n<li>Implantez l\u2019installation \u00e9lectrique<\/li>\n\n\n\n<li>Le syst\u00e8me g\u00e9n\u00e8re automatiquement le dossier technique avec le sch\u00e9ma unifilaire et la liste des produits s\u00e9lectionn\u00e9s<\/li>\n<\/ul>\n<\/div>\n\n\n\n<div class=\"wp-block-column is-vertically-aligned-center is-layout-flow wp-block-column-is-layout-flow\">\n<figure class=\"wp-block-embed is-type-video is-provider-youtube wp-block-embed-youtube wp-embed-aspect-16-9 wp-has-aspect-ratio\"><div class=\"wp-block-embed__wrapper\">\n<iframe loading=\"lazy\" title=\"2022   Esabora Schema   FR\" width=\"500\" height=\"281\" src=\"https:\/\/www.youtube.com\/embed\/DF8ccSRN6Ro?feature=oembed\" frameborder=\"0\" allow=\"accelerometer; autoplay; clipboard-write; encrypted-media; gyroscope; picture-in-picture; web-share\" referrerpolicy=\"strict-origin-when-cross-origin\" allowfullscreen><\/iframe>\n<\/div><\/figure>\n<\/div>\n<\/div>\n\n\n\n<div class=\"wp-block-columns is-layout-flex wp-container-core-columns-is-layout-d7f682c6 wp-block-columns-is-layout-flex\" style=\"margin-top:var(--wp--preset--spacing--60-40);margin-bottom:var(--wp--preset--spacing--60-40);padding-top:var(--wp--preset--spacing--60-40);padding-bottom:var(--wp--preset--spacing--60-40)\">\n<div class=\"wp-block-column is-vertically-aligned-center is-layout-flow wp-block-column-is-layout-flow\">\n<figure class=\"wp-block-image size-large has-custom-border\"><img loading=\"lazy\" decoding=\"async\" width=\"1024\" height=\"672\" src=\"https:\/\/rexel.conversal.io\/wp-content\/uploads\/2025\/11\/Esabora-PlaquetteBusiness_nl-BE-1024x672.png\" alt=\"\" class=\"wp-image-2542\" style=\"border-top-left-radius:20px;border-top-right-radius:20px;border-bottom-left-radius:20px;border-bottom-right-radius:20px\" srcset=\"https:\/\/rexel.conversal.io\/wp-content\/uploads\/2025\/11\/Esabora-PlaquetteBusiness_nl-BE-1024x672.png 1024w, https:\/\/rexel.conversal.io\/wp-content\/uploads\/2025\/11\/Esabora-PlaquetteBusiness_nl-BE-300x197.png 300w, https:\/\/rexel.conversal.io\/wp-content\/uploads\/2025\/11\/Esabora-PlaquetteBusiness_nl-BE-768x504.png 768w, https:\/\/rexel.conversal.io\/wp-content\/uploads\/2025\/11\/Esabora-PlaquetteBusiness_nl-BE.png 1491w\" sizes=\"auto, (max-width: 1024px) 100vw, 1024px\" \/><\/figure>\n<\/div>\n\n\n\n<div class=\"wp-block-column is-vertically-aligned-center is-layout-flow wp-block-column-is-layout-flow\">\n<h3 class=\"wp-block-heading\">Etablir un devis et passer commande<\/h3>\n\n\n\n<ul class=\"wp-block-list\">\n<li>Vos tableau et sch\u00e9ma d\u2019implantation sont automatiquement transpos\u00e9s en devis<\/li>\n\n\n\n<li>S\u00e9lectionnez les appareillages et finitions de votre choix<\/li>\n\n\n\n<li>Ajoutez un certain nombre d\u2019heures de travail<\/li>\n\n\n\n<li>Adaptez les coefficients de prix<\/li>\n\n\n\n<li>Personnalisez votre devis en y int\u00e9grant votre propre logo<\/li>\n\n\n\n<li>Passez votre commande en un seul clic<\/li>\n<\/ul>\n<\/div>\n<\/div>\n\n\n\n<div class=\"wp-block-columns is-layout-flex wp-container-core-columns-is-layout-d7f682c6 wp-block-columns-is-layout-flex\" style=\"margin-top:var(--wp--preset--spacing--60-40);margin-bottom:var(--wp--preset--spacing--60-40);padding-top:var(--wp--preset--spacing--60-40);padding-bottom:var(--wp--preset--spacing--60-40)\">\n<div class=\"wp-block-column is-vertically-aligned-stretch has-blue-to-green-gradient-background has-background is-layout-flow wp-block-column-is-layout-flow\" style=\"border-top-left-radius:24px;border-top-right-radius:24px;border-bottom-left-radius:24px;border-bottom-right-radius:24px;padding-top:var(--wp--preset--spacing--60-40);padding-right:var(--wp--preset--spacing--60-40);padding-bottom:var(--wp--preset--spacing--60-40);padding-left:var(--wp--preset--spacing--60-40)\">\n<h2 class=\"wp-block-heading has-white-color has-text-color has-link-color wp-elements-ad1134fc3f491b5bc992691b7184ab61\">T\u00e9moignage client EMD Elektriciteit<\/h2>\n\n\n\n<p class=\"has-white-color has-text-color has-link-color wp-elements-54703a041b7abe4449a7e5590b0f5228\">\u00ab La facilit\u00e9 d\u2019utilisation d\u2019Esabora rend mon administration quotidienne efficace \u00bb, d\u00e9clare Dries Makelberge d&rsquo;EMD Elektriciteit.<\/p>\n\n\n\n<div class=\"wp-block-buttons is-layout-flex wp-block-buttons-is-layout-flex\">\n<div class=\"wp-block-button is-style-white-green is-style-white-green--1\"><a class=\"wp-block-button__link wp-element-button\" href=\"https:\/\/rexel.be\/nieuws\/het-gebruiksgemak-van-esabora-zorgt-voor-efficientie-in-mijn-dagelijkse-administratie\/\">Lisez ici son t\u00e9moignage<\/a><\/div>\n<\/div>\n<\/div>\n\n\n\n<div class=\"wp-block-column is-vertically-aligned-stretch is-layout-flow wp-block-column-is-layout-flow\" style=\"padding-right:0;padding-left:0\">\n<figure class=\"wp-block-image size-large has-custom-border\" style=\"margin-right:0;margin-left:0\"><img loading=\"lazy\" decoding=\"async\" width=\"1024\" height=\"642\" src=\"https:\/\/rexel.conversal.io\/wp-content\/uploads\/2025\/11\/2022-06-28-11.04.37-web-2-1024x642.jpg\" alt=\"\" class=\"wp-image-2550\" style=\"border-top-left-radius:24px;border-top-right-radius:24px;border-bottom-left-radius:24px;border-bottom-right-radius:24px\" srcset=\"https:\/\/rexel.conversal.io\/wp-content\/uploads\/2025\/11\/2022-06-28-11.04.37-web-2-1024x642.jpg 1024w, https:\/\/rexel.conversal.io\/wp-content\/uploads\/2025\/11\/2022-06-28-11.04.37-web-2-300x188.jpg 300w, https:\/\/rexel.conversal.io\/wp-content\/uploads\/2025\/11\/2022-06-28-11.04.37-web-2-768x481.jpg 768w, https:\/\/rexel.conversal.io\/wp-content\/uploads\/2025\/11\/2022-06-28-11.04.37-web-2-1536x963.jpg 1536w, https:\/\/rexel.conversal.io\/wp-content\/uploads\/2025\/11\/2022-06-28-11.04.37-web-2.jpg 1717w\" sizes=\"auto, (max-width: 1024px) 100vw, 1024px\" \/><\/figure>\n<\/div>\n<\/div>\n","protected":false},"excerpt":{"rendered":"<p>Esabora, une solution d\u00e9di\u00e9e aux installateurs \u00e9lectriciens, plombiers et du second oeuvre. Plus qu\u2019une solution logicielle, une expertise m\u00e9tier. Une question ?Contactez-nous via esabora@rexel.be Convivial &amp; flexible Simplifiez votre quotidien gr\u00e2ce \u00e0 des outils pens\u00e9es pour vous Gagnez en efficacit\u00e9 dans la gestion de vos devis, factures et commandes Optimisez votre rentabilit\u00e9 gr\u00e2ce \u00e0 une [&hellip;]<\/p>\n","protected":false},"author":3,"featured_media":0,"parent":0,"menu_order":0,"comment_status":"closed","ping_status":"closed","template":"","meta":{"_acf_changed":false,"inline_featured_image":false,"footnotes":"","_links_to":"","_links_to_target":""},"class_list":["post-2514","page","type-page","status-publish","hentry"],"acf":[],"yoast_head":"<!-- This site is optimized with the Yoast SEO plugin v26.9 - https:\/\/yoast.com\/product\/yoast-seo-wordpress\/ -->\n<title>Solution logiciel Esabora - Rexel Belgium<\/title>\n<meta name=\"description\" content=\"Esabora, une solution pour \u00e9lectriciens, installateurs multi-\u00e9nergies et entrepreneurs. Une \u00e9tude technique compl\u00e8te en quelques clics\u00a0!\" \/>\n<meta name=\"robots\" content=\"noindex, follow, max-snippet:-1, max-image-preview:large, max-video-preview:-1\" \/>\n<meta property=\"og:locale\" content=\"fr_FR\" \/>\n<meta property=\"og:type\" content=\"article\" \/>\n<meta property=\"og:title\" content=\"Solution logiciel Esabora - Rexel Belgium\" \/>\n<meta property=\"og:description\" content=\"Esabora, une solution pour \u00e9lectriciens, installateurs multi-\u00e9nergies et entrepreneurs. Une \u00e9tude technique compl\u00e8te en quelques clics\u00a0!\" \/>\n<meta property=\"og:url\" content=\"https:\/\/rexel.conversal.io\/fr\/esabora\/\" \/>\n<meta property=\"og:site_name\" content=\"Rexel\" \/>\n<meta property=\"article:modified_time\" content=\"2026-01-20T14:52:27+00:00\" \/>\n<meta property=\"og:image\" content=\"https:\/\/rexel.conversal.io\/wp-content\/uploads\/2025\/11\/iStock_000068868009_XXXLarge-Esabora-web.png\" \/>\n\t<meta property=\"og:image:width\" content=\"2410\" \/>\n\t<meta property=\"og:image:height\" content=\"1609\" \/>\n\t<meta property=\"og:image:type\" content=\"image\/png\" \/>\n<meta name=\"twitter:card\" content=\"summary_large_image\" \/>\n<meta name=\"twitter:label1\" content=\"Dur\u00e9e de lecture estim\u00e9e\" \/>\n\t<meta name=\"twitter:data1\" content=\"3 minutes\" \/>\n<script type=\"application\/ld+json\" class=\"yoast-schema-graph\">{\"@context\":\"https:\/\/schema.org\",\"@graph\":[{\"@type\":\"WebPage\",\"@id\":\"https:\/\/rexel.conversal.io\/fr\/esabora\/\",\"url\":\"https:\/\/rexel.conversal.io\/fr\/esabora\/\",\"name\":\"Solution logiciel Esabora - Rexel Belgium\",\"isPartOf\":{\"@id\":\"https:\/\/rexel.conversal.io\/fr\/#website\"},\"primaryImageOfPage\":{\"@id\":\"https:\/\/rexel.conversal.io\/fr\/esabora\/#primaryimage\"},\"image\":{\"@id\":\"https:\/\/rexel.conversal.io\/fr\/esabora\/#primaryimage\"},\"thumbnailUrl\":\"https:\/\/rexel.conversal.io\/wp-content\/uploads\/2025\/11\/iStock_000068868009_XXXLarge-Esabora-web.png\",\"datePublished\":\"2025-11-25T12:33:36+00:00\",\"dateModified\":\"2026-01-20T14:52:27+00:00\",\"description\":\"Esabora, une solution pour \u00e9lectriciens, installateurs multi-\u00e9nergies et entrepreneurs. Une \u00e9tude technique compl\u00e8te en quelques clics\u00a0!\",\"breadcrumb\":{\"@id\":\"https:\/\/rexel.conversal.io\/fr\/esabora\/#breadcrumb\"},\"inLanguage\":\"fr-FR\",\"potentialAction\":[{\"@type\":\"ReadAction\",\"target\":[\"https:\/\/rexel.conversal.io\/fr\/esabora\/\"]}]},{\"@type\":\"ImageObject\",\"inLanguage\":\"fr-FR\",\"@id\":\"https:\/\/rexel.conversal.io\/fr\/esabora\/#primaryimage\",\"url\":\"https:\/\/rexel.conversal.io\/wp-content\/uploads\/2025\/11\/iStock_000068868009_XXXLarge-Esabora-web.png\",\"contentUrl\":\"https:\/\/rexel.conversal.io\/wp-content\/uploads\/2025\/11\/iStock_000068868009_XXXLarge-Esabora-web.png\"},{\"@type\":\"BreadcrumbList\",\"@id\":\"https:\/\/rexel.conversal.io\/fr\/esabora\/#breadcrumb\",\"itemListElement\":[{\"@type\":\"ListItem\",\"position\":1,\"name\":\"Home\",\"item\":\"https:\/\/rexel.conversal.io\/fr\/\"},{\"@type\":\"ListItem\",\"position\":2,\"name\":\"Esabora\"}]},{\"@type\":\"WebSite\",\"@id\":\"https:\/\/rexel.conversal.io\/fr\/#website\",\"url\":\"https:\/\/rexel.conversal.io\/fr\/\",\"name\":\"Rexel\",\"description\":\"\",\"potentialAction\":[{\"@type\":\"SearchAction\",\"target\":{\"@type\":\"EntryPoint\",\"urlTemplate\":\"https:\/\/rexel.conversal.io\/fr\/?s={search_term_string}\"},\"query-input\":{\"@type\":\"PropertyValueSpecification\",\"valueRequired\":true,\"valueName\":\"search_term_string\"}}],\"inLanguage\":\"fr-FR\"}]}<\/script>\n<!-- \/ Yoast SEO plugin. -->","yoast_head_json":{"title":"Solution logiciel Esabora - Rexel Belgium","description":"Esabora, une solution pour \u00e9lectriciens, installateurs multi-\u00e9nergies et entrepreneurs. Une \u00e9tude technique compl\u00e8te en quelques clics\u00a0!","robots":{"index":"noindex","follow":"follow","max-snippet":"max-snippet:-1","max-image-preview":"max-image-preview:large","max-video-preview":"max-video-preview:-1"},"og_locale":"fr_FR","og_type":"article","og_title":"Solution logiciel Esabora - Rexel Belgium","og_description":"Esabora, une solution pour \u00e9lectriciens, installateurs multi-\u00e9nergies et entrepreneurs. Une \u00e9tude technique compl\u00e8te en quelques clics\u00a0!","og_url":"https:\/\/rexel.conversal.io\/fr\/esabora\/","og_site_name":"Rexel","article_modified_time":"2026-01-20T14:52:27+00:00","og_image":[{"width":2410,"height":1609,"url":"https:\/\/rexel.conversal.io\/wp-content\/uploads\/2025\/11\/iStock_000068868009_XXXLarge-Esabora-web.png","type":"image\/png"}],"twitter_card":"summary_large_image","twitter_misc":{"Dur\u00e9e de lecture estim\u00e9e":"3 minutes"},"schema":{"@context":"https:\/\/schema.org","@graph":[{"@type":"WebPage","@id":"https:\/\/rexel.conversal.io\/fr\/esabora\/","url":"https:\/\/rexel.conversal.io\/fr\/esabora\/","name":"Solution logiciel Esabora - Rexel Belgium","isPartOf":{"@id":"https:\/\/rexel.conversal.io\/fr\/#website"},"primaryImageOfPage":{"@id":"https:\/\/rexel.conversal.io\/fr\/esabora\/#primaryimage"},"image":{"@id":"https:\/\/rexel.conversal.io\/fr\/esabora\/#primaryimage"},"thumbnailUrl":"https:\/\/rexel.conversal.io\/wp-content\/uploads\/2025\/11\/iStock_000068868009_XXXLarge-Esabora-web.png","datePublished":"2025-11-25T12:33:36+00:00","dateModified":"2026-01-20T14:52:27+00:00","description":"Esabora, une solution pour \u00e9lectriciens, installateurs multi-\u00e9nergies et entrepreneurs. Une \u00e9tude technique compl\u00e8te en quelques clics\u00a0!","breadcrumb":{"@id":"https:\/\/rexel.conversal.io\/fr\/esabora\/#breadcrumb"},"inLanguage":"fr-FR","potentialAction":[{"@type":"ReadAction","target":["https:\/\/rexel.conversal.io\/fr\/esabora\/"]}]},{"@type":"ImageObject","inLanguage":"fr-FR","@id":"https:\/\/rexel.conversal.io\/fr\/esabora\/#primaryimage","url":"https:\/\/rexel.conversal.io\/wp-content\/uploads\/2025\/11\/iStock_000068868009_XXXLarge-Esabora-web.png","contentUrl":"https:\/\/rexel.conversal.io\/wp-content\/uploads\/2025\/11\/iStock_000068868009_XXXLarge-Esabora-web.png"},{"@type":"BreadcrumbList","@id":"https:\/\/rexel.conversal.io\/fr\/esabora\/#breadcrumb","itemListElement":[{"@type":"ListItem","position":1,"name":"Home","item":"https:\/\/rexel.conversal.io\/fr\/"},{"@type":"ListItem","position":2,"name":"Esabora"}]},{"@type":"WebSite","@id":"https:\/\/rexel.conversal.io\/fr\/#website","url":"https:\/\/rexel.conversal.io\/fr\/","name":"Rexel","description":"","potentialAction":[{"@type":"SearchAction","target":{"@type":"EntryPoint","urlTemplate":"https:\/\/rexel.conversal.io\/fr\/?s={search_term_string}"},"query-input":{"@type":"PropertyValueSpecification","valueRequired":true,"valueName":"search_term_string"}}],"inLanguage":"fr-FR"}]}},"_links":{"self":[{"href":"https:\/\/rexel.conversal.io\/fr\/wp-json\/wp\/v2\/pages\/2514","targetHints":{"allow":["GET"]}}],"collection":[{"href":"https:\/\/rexel.conversal.io\/fr\/wp-json\/wp\/v2\/pages"}],"about":[{"href":"https:\/\/rexel.conversal.io\/fr\/wp-json\/wp\/v2\/types\/page"}],"author":[{"embeddable":true,"href":"https:\/\/rexel.conversal.io\/fr\/wp-json\/wp\/v2\/users\/3"}],"replies":[{"embeddable":true,"href":"https:\/\/rexel.conversal.io\/fr\/wp-json\/wp\/v2\/comments?post=2514"}],"version-history":[{"count":3,"href":"https:\/\/rexel.conversal.io\/fr\/wp-json\/wp\/v2\/pages\/2514\/revisions"}],"predecessor-version":[{"id":3789,"href":"https:\/\/rexel.conversal.io\/fr\/wp-json\/wp\/v2\/pages\/2514\/revisions\/3789"}],"wp:attachment":[{"href":"https:\/\/rexel.conversal.io\/fr\/wp-json\/wp\/v2\/media?parent=2514"}],"curies":[{"name":"wp","href":"https:\/\/api.w.org\/{rel}","templated":true}]}}