{"id":2887,"date":"2025-12-09T10:31:50","date_gmt":"2025-12-09T09:31:50","guid":{"rendered":"https:\/\/rexel.conversal.io\/?page_id=2887"},"modified":"2026-02-02T18:01:57","modified_gmt":"2026-02-02T17:01:57","slug":"automatisation-industrielle-entrainements","status":"publish","type":"page","link":"https:\/\/rexel.conversal.io\/fr\/siemens\/automatisation-industrielle-entrainements\/","title":{"rendered":"Automatisation industrielle &#038; entra\u00eenements"},"content":{"rendered":"\n<div class=\"wp-block-cover alignfull has-custom-content-position is-position-bottom-left has-white-color has-text-color has-link-color wp-elements-22dc11cc9822e2e10899826868e8f230\" style=\"border-bottom-left-radius:80px;border-bottom-right-radius:80px;padding-bottom:var(--wp--preset--spacing--120-60);min-height:560px;aspect-ratio:unset;\"><img loading=\"lazy\" decoding=\"async\" width=\"1280\" height=\"853\" class=\"wp-block-cover__image-background wp-image-2882 size-full\" alt=\"\" src=\"https:\/\/rexel.conversal.io\/wp-content\/uploads\/2025\/12\/Siemens-Industriele-Automatisering-en-Aandrijvingen.jpeg\" data-object-fit=\"cover\" srcset=\"https:\/\/rexel.conversal.io\/wp-content\/uploads\/2025\/12\/Siemens-Industriele-Automatisering-en-Aandrijvingen.jpeg 1280w, https:\/\/rexel.conversal.io\/wp-content\/uploads\/2025\/12\/Siemens-Industriele-Automatisering-en-Aandrijvingen-300x200.jpeg 300w, https:\/\/rexel.conversal.io\/wp-content\/uploads\/2025\/12\/Siemens-Industriele-Automatisering-en-Aandrijvingen-1024x682.jpeg 1024w, https:\/\/rexel.conversal.io\/wp-content\/uploads\/2025\/12\/Siemens-Industriele-Automatisering-en-Aandrijvingen-768x512.jpeg 768w\" sizes=\"auto, (max-width: 1280px) 100vw, 1280px\" \/><span aria-hidden=\"true\" class=\"wp-block-cover__background has-black-background-color has-background-dim-30 has-background-dim\"><\/span><div class=\"wp-block-cover__inner-container has-global-padding is-layout-constrained wp-container-core-cover-is-layout-2b988179 wp-block-cover-is-layout-constrained\"><h1 class=\"has-link-color wp-elements-88f0857fdc8bad98dfdc5c16977574b2 wp-block-post-title has-text-color has-white-color\">Automatisation industrielle &#038; entra\u00eenements<\/h1>\n\n<div class=\"yoast-breadcrumbs\"><span><span><a href=\"https:\/\/rexel.conversal.io\/fr\/\">Home<\/a><\/span> <span class=\"sep\"><\/span> <span><a href=\"https:\/\/rexel.conversal.io\/fr\/siemens\/\">Siemens<\/a><\/span> <span class=\"sep\"><\/span> <span class=\"breadcrumb_last\" aria-current=\"page\">Automatisation industrielle &#038; entra\u00eenements<\/span><\/span><\/div><\/div><\/div>\n\n\n\n<div class=\"wp-block-columns is-layout-flex wp-container-core-columns-is-layout-d7f682c6 wp-block-columns-is-layout-flex\" style=\"margin-top:var(--wp--preset--spacing--60-40);margin-bottom:var(--wp--preset--spacing--60-40);padding-top:var(--wp--preset--spacing--60-40);padding-bottom:var(--wp--preset--spacing--60-40)\">\n<div class=\"wp-block-column is-vertically-aligned-stretch is-layout-flow wp-block-column-is-layout-flow\">\n<figure class=\"wp-block-image size-large has-custom-border\"><img loading=\"lazy\" decoding=\"async\" width=\"1024\" height=\"576\" src=\"https:\/\/rexel.conversal.io\/wp-content\/uploads\/2025\/12\/Siemens-SIMATIC-Industriele-Automatisering-1024x576.jpeg\" alt=\"\" class=\"wp-image-2890\" style=\"border-top-left-radius:20px;border-top-right-radius:20px;border-bottom-left-radius:20px;border-bottom-right-radius:20px\" srcset=\"https:\/\/rexel.conversal.io\/wp-content\/uploads\/2025\/12\/Siemens-SIMATIC-Industriele-Automatisering-1024x576.jpeg 1024w, https:\/\/rexel.conversal.io\/wp-content\/uploads\/2025\/12\/Siemens-SIMATIC-Industriele-Automatisering-300x169.jpeg 300w, https:\/\/rexel.conversal.io\/wp-content\/uploads\/2025\/12\/Siemens-SIMATIC-Industriele-Automatisering-768x432.jpeg 768w, https:\/\/rexel.conversal.io\/wp-content\/uploads\/2025\/12\/Siemens-SIMATIC-Industriele-Automatisering-1536x864.jpeg 1536w, https:\/\/rexel.conversal.io\/wp-content\/uploads\/2025\/12\/Siemens-SIMATIC-Industriele-Automatisering-2048x1152.jpeg 2048w\" sizes=\"auto, (max-width: 1024px) 100vw, 1024px\" \/><\/figure>\n<\/div>\n\n\n\n<div class=\"wp-block-column is-vertically-aligned-center is-layout-flow wp-block-column-is-layout-flow\">\n<h2 class=\"wp-block-heading\">SIMATIC<\/h2>\n\n\n\n<p><strong>Automatisation industrielle<\/strong><\/p>\n\n\n\n<p>Le portefeuille d\u2019automatisation \u00e9volutif de Siemens offre une solution optimale pour chaque domaine d\u2019application.<\/p>\n\n\n\n<p>Associ\u00e9 \u00e0 l\u2019ing\u00e9nierie int\u00e9gr\u00e9e dans le portail TIA, il vous aide \u00e0 r\u00e9duire consid\u00e9rablement vos co\u00fbts et vos d\u00e9lais de mise sur le march\u00e9.<\/p>\n\n\n\n<div class=\"wp-block-buttons is-layout-flex wp-block-buttons-is-layout-flex\">\n<div class=\"wp-block-button is-style-outline is-style-outline--1\"><a class=\"wp-block-button__link wp-element-button\" href=\"https:\/\/rexel.conversal.io\/fr\/siemens\/automatisation-industrielle-entrainements\/simatic\/\">Voir la gamme<\/a><\/div>\n<\/div>\n<\/div>\n<\/div>\n\n\n\n<div class=\"wp-block-columns is-layout-flex wp-container-core-columns-is-layout-d7f682c6 wp-block-columns-is-layout-flex\" style=\"margin-top:var(--wp--preset--spacing--60-40);margin-bottom:var(--wp--preset--spacing--60-40);padding-top:var(--wp--preset--spacing--60-40);padding-bottom:var(--wp--preset--spacing--60-40)\">\n<div class=\"wp-block-column is-vertically-aligned-center is-layout-flow wp-block-column-is-layout-flow\">\n<h2 class=\"wp-block-heading\">SINAMICS<\/h2>\n\n\n\n<p><strong>Variateurs<\/strong><\/p>\n\n\n\n<p>Quelle que soit votre application \u2013 pompe, ventilateur, convoyeur ou m\u00e9langeur \u2013 vous trouverez dans la gamme SINAMICS un variateur qui lui convient \u00e0 la perfection.<\/p>\n\n\n\n<p>La s\u00e9rie G s\u2019int\u00e8gre sans probl\u00e8me dans TIA Portal pour former un ensemble parfaitement harmonis\u00e9 avec un PLC SIMATIC.<\/p>\n\n\n\n<div class=\"wp-block-buttons is-layout-flex wp-block-buttons-is-layout-flex\">\n<div class=\"wp-block-button is-style-outline is-style-outline--2\"><a class=\"wp-block-button__link wp-element-button\" href=\"https:\/\/rexel.conversal.io\/fr\/siemens\/automatisation-industrielle-entrainements\/sinamics-variateurs-de-frequence\/\">Voir la gamme<\/a><\/div>\n<\/div>\n<\/div>\n\n\n\n<div class=\"wp-block-column is-vertically-aligned-stretch is-layout-flow wp-block-column-is-layout-flow\">\n<figure class=\"wp-block-image size-large has-custom-border\"><img loading=\"lazy\" decoding=\"async\" width=\"1024\" height=\"768\" src=\"https:\/\/rexel.conversal.io\/wp-content\/uploads\/2025\/12\/Siemens-SINAMICS-Frequentieomvormers-1024x768.png\" alt=\"\" class=\"wp-image-2891\" style=\"border-top-left-radius:20px;border-top-right-radius:20px;border-bottom-left-radius:20px;border-bottom-right-radius:20px\" srcset=\"https:\/\/rexel.conversal.io\/wp-content\/uploads\/2025\/12\/Siemens-SINAMICS-Frequentieomvormers-1024x768.png 1024w, https:\/\/rexel.conversal.io\/wp-content\/uploads\/2025\/12\/Siemens-SINAMICS-Frequentieomvormers-300x225.png 300w, https:\/\/rexel.conversal.io\/wp-content\/uploads\/2025\/12\/Siemens-SINAMICS-Frequentieomvormers-768x576.png 768w, https:\/\/rexel.conversal.io\/wp-content\/uploads\/2025\/12\/Siemens-SINAMICS-Frequentieomvormers.png 1440w\" sizes=\"auto, (max-width: 1024px) 100vw, 1024px\" \/><\/figure>\n<\/div>\n<\/div>\n\n\n\n<div class=\"wp-block-columns is-layout-flex wp-container-core-columns-is-layout-d7f682c6 wp-block-columns-is-layout-flex\" style=\"margin-top:var(--wp--preset--spacing--60-40);margin-bottom:var(--wp--preset--spacing--60-40);padding-top:var(--wp--preset--spacing--60-40);padding-bottom:var(--wp--preset--spacing--60-40)\">\n<div class=\"wp-block-column is-vertically-aligned-stretch is-layout-flow wp-block-column-is-layout-flow\">\n<figure class=\"wp-block-image size-large has-custom-border\"><img loading=\"lazy\" decoding=\"async\" width=\"1024\" height=\"768\" src=\"https:\/\/rexel.conversal.io\/wp-content\/uploads\/2025\/12\/Siemens-SCALANCE-netwerkcomponenten-voor-industriele-communicatie-1024x768.jpeg\" alt=\"\" class=\"wp-image-2889\" style=\"border-top-left-radius:20px;border-top-right-radius:20px;border-bottom-left-radius:20px;border-bottom-right-radius:20px\" srcset=\"https:\/\/rexel.conversal.io\/wp-content\/uploads\/2025\/12\/Siemens-SCALANCE-netwerkcomponenten-voor-industriele-communicatie-1024x768.jpeg 1024w, https:\/\/rexel.conversal.io\/wp-content\/uploads\/2025\/12\/Siemens-SCALANCE-netwerkcomponenten-voor-industriele-communicatie-300x225.jpeg 300w, https:\/\/rexel.conversal.io\/wp-content\/uploads\/2025\/12\/Siemens-SCALANCE-netwerkcomponenten-voor-industriele-communicatie-768x576.jpeg 768w, https:\/\/rexel.conversal.io\/wp-content\/uploads\/2025\/12\/Siemens-SCALANCE-netwerkcomponenten-voor-industriele-communicatie-1536x1152.jpeg 1536w, https:\/\/rexel.conversal.io\/wp-content\/uploads\/2025\/12\/Siemens-SCALANCE-netwerkcomponenten-voor-industriele-communicatie-2048x1536.jpeg 2048w\" sizes=\"auto, (max-width: 1024px) 100vw, 1024px\" \/><\/figure>\n<\/div>\n\n\n\n<div class=\"wp-block-column is-vertically-aligned-center is-layout-flow wp-block-column-is-layout-flow\">\n<h2 class=\"wp-block-heading\">SCALANCE<\/h2>\n\n\n\n<p><strong>Composants de r\u00e9seau pour la communication industrielle<\/strong><\/p>\n\n\n\n<p>Ces composants constituent la base des r\u00e9seaux de communication dans la production et l\u2019automatisation des processus. Les produits SCALANCE r\u00e9pondent \u00e0 toutes les exigences des r\u00e9seaux industriels et des syst\u00e8mes de bus ultra efficaces.<\/p>\n\n\n\n<p>Qu\u2019il s\u2019agisse des r\u00e9seaux industriels, de routage, d\u2019applications de s\u00e9curit\u00e9, d\u2019acc\u00e8s \u00e0 distance ou de LAN sans fil industriel \u2013 SCALANCE est la solution !<\/p>\n\n\n\n<div class=\"wp-block-buttons is-layout-flex wp-block-buttons-is-layout-flex\">\n<div class=\"wp-block-button is-style-outline is-style-outline--3\"><a class=\"wp-block-button__link wp-element-button\" href=\"https:\/\/rexel.conversal.io\/fr\/siemens\/automatisation-industrielle-entrainements\/scalance-composants-de-reseau-pour-la-communication-industrielle\/\">Voir la gamme<\/a><\/div>\n<\/div>\n<\/div>\n<\/div>\n\n\n\n<div class=\"wp-block-columns is-layout-flex wp-container-core-columns-is-layout-d7f682c6 wp-block-columns-is-layout-flex\" style=\"margin-top:var(--wp--preset--spacing--60-40);margin-bottom:var(--wp--preset--spacing--60-40);padding-top:var(--wp--preset--spacing--60-40);padding-bottom:var(--wp--preset--spacing--60-40)\">\n<div class=\"wp-block-column is-vertically-aligned-center is-layout-flow wp-block-column-is-layout-flow\">\n<h2 class=\"wp-block-heading\">SIRIUS<\/h2>\n\n\n\n<p><strong>\u00c9quipements de commutation industriels<\/strong><\/p>\n\n\n\n<p>SIRIUS est un portefeuille complet unique pour chaque application de contr\u00f4le industriel. Principaux avantages : gr\u00e2ce \u00e0 leur construction modulaire, nos produits peuvent \u00eatre planifi\u00e9s et install\u00e9s de mani\u00e8re tr\u00e8s simple dans une armoire \u00e9lectrique.<\/p>\n\n\n\n<p>Ils sont particuli\u00e8rement faciles \u00e0 int\u00e9grer dans des syst\u00e8mes distribu\u00e9s.<\/p>\n\n\n\n<div class=\"wp-block-buttons is-layout-flex wp-block-buttons-is-layout-flex\">\n<div class=\"wp-block-button is-style-outline is-style-outline--4\"><a class=\"wp-block-button__link wp-element-button\" href=\"https:\/\/rexel.conversal.io\/fr\/siemens\/automatisation-industrielle-entrainements\/sirius-materiau-de-commutation-industriel\/\">Voir la gamme<\/a><\/div>\n<\/div>\n<\/div>\n\n\n\n<div class=\"wp-block-column is-vertically-aligned-stretch is-layout-flow wp-block-column-is-layout-flow\">\n<figure class=\"wp-block-image size-large has-custom-border\"><img loading=\"lazy\" decoding=\"async\" width=\"1024\" height=\"768\" src=\"https:\/\/rexel.conversal.io\/wp-content\/uploads\/2025\/12\/Siemens-SIRIUS-Industrieel-schakelmateriaal-1024x768.jpeg\" alt=\"\" class=\"wp-image-2892\" style=\"border-top-left-radius:20px;border-top-right-radius:20px;border-bottom-left-radius:20px;border-bottom-right-radius:20px\" srcset=\"https:\/\/rexel.conversal.io\/wp-content\/uploads\/2025\/12\/Siemens-SIRIUS-Industrieel-schakelmateriaal-1024x768.jpeg 1024w, https:\/\/rexel.conversal.io\/wp-content\/uploads\/2025\/12\/Siemens-SIRIUS-Industrieel-schakelmateriaal-300x225.jpeg 300w, https:\/\/rexel.conversal.io\/wp-content\/uploads\/2025\/12\/Siemens-SIRIUS-Industrieel-schakelmateriaal-768x576.jpeg 768w, https:\/\/rexel.conversal.io\/wp-content\/uploads\/2025\/12\/Siemens-SIRIUS-Industrieel-schakelmateriaal-1536x1152.jpeg 1536w, https:\/\/rexel.conversal.io\/wp-content\/uploads\/2025\/12\/Siemens-SIRIUS-Industrieel-schakelmateriaal.jpeg 2048w\" sizes=\"auto, (max-width: 1024px) 100vw, 1024px\" \/><\/figure>\n<\/div>\n<\/div>\n\n\n\n<div class=\"wp-block-columns is-layout-flex wp-container-core-columns-is-layout-d7f682c6 wp-block-columns-is-layout-flex\" style=\"margin-top:var(--wp--preset--spacing--60-40);margin-bottom:var(--wp--preset--spacing--60-40);padding-top:var(--wp--preset--spacing--60-40);padding-bottom:var(--wp--preset--spacing--60-40)\">\n<div class=\"wp-block-column is-vertically-aligned-stretch is-layout-flow wp-block-column-is-layout-flow\">\n<figure class=\"wp-block-image size-large has-custom-border\"><img loading=\"lazy\" decoding=\"async\" width=\"1024\" height=\"576\" src=\"https:\/\/rexel.conversal.io\/wp-content\/uploads\/2025\/12\/Motorstarters-1024x576.png\" alt=\"\" class=\"wp-image-2888\" style=\"border-top-left-radius:20px;border-top-right-radius:20px;border-bottom-left-radius:20px;border-bottom-right-radius:20px\" srcset=\"https:\/\/rexel.conversal.io\/wp-content\/uploads\/2025\/12\/Motorstarters-1024x576.png 1024w, https:\/\/rexel.conversal.io\/wp-content\/uploads\/2025\/12\/Motorstarters-300x169.png 300w, https:\/\/rexel.conversal.io\/wp-content\/uploads\/2025\/12\/Motorstarters-768x432.png 768w, https:\/\/rexel.conversal.io\/wp-content\/uploads\/2025\/12\/Motorstarters.png 1280w\" sizes=\"auto, (max-width: 1024px) 100vw, 1024px\" \/><\/figure>\n<\/div>\n\n\n\n<div class=\"wp-block-column is-vertically-aligned-center is-layout-flow wp-block-column-is-layout-flow\">\n<h2 class=\"wp-block-heading\">D\u00e9marreurs de moteurs<\/h2>\n\n\n\n<p>Les moteurs asynchrones triphas\u00e9s sont actuellement les moteurs \u00e9lectriques les plus utilis\u00e9s dans l\u2019industrie.<\/p>\n\n\n\n<p>Pour les d\u00e9marrer et les contr\u00f4ler, une large gamme de produits et de solutions est disponible, depuis les simples combinaisons pour vitesse fixe, bas\u00e9es sur des contacteurs ou des d\u00e9marreurs compacts hybrides jusqu\u2019aux d\u00e9marreurs progressifs et aux variateurs de fr\u00e9quence.<\/p>\n\n\n\n<div class=\"wp-block-buttons is-layout-flex wp-block-buttons-is-layout-flex\">\n<div class=\"wp-block-button is-style-outline is-style-outline--5\"><a class=\"wp-block-button__link wp-element-button\" href=\"https:\/\/rexel.conversal.io\/fr\/siemens\/automatisation-industrielle-entrainements\/demarreurs-moteurs\/\">Voir la gamme<\/a><\/div>\n<\/div>\n<\/div>\n<\/div>\n","protected":false},"excerpt":{"rendered":"<p>SIMATIC Automatisation industrielle Le portefeuille d\u2019automatisation \u00e9volutif de Siemens offre une solution optimale pour chaque domaine d\u2019application. Associ\u00e9 \u00e0 l\u2019ing\u00e9nierie int\u00e9gr\u00e9e dans le portail TIA, il vous aide \u00e0 r\u00e9duire consid\u00e9rablement vos co\u00fbts et vos d\u00e9lais de mise sur le march\u00e9. SINAMICS Variateurs Quelle que soit votre application \u2013 pompe, ventilateur, convoyeur ou m\u00e9langeur \u2013 [&hellip;]<\/p>\n","protected":false},"author":3,"featured_media":0,"parent":2880,"menu_order":0,"comment_status":"closed","ping_status":"closed","template":"","meta":{"_acf_changed":false,"inline_featured_image":false,"footnotes":"","_links_to":"","_links_to_target":""},"class_list":["post-2887","page","type-page","status-publish","hentry"],"acf":[],"yoast_head":"<!-- This site is optimized with the Yoast SEO plugin v26.9 - https:\/\/yoast.com\/product\/yoast-seo-wordpress\/ -->\n<title>Automatisation industrielle &amp; entra\u00eenements - Rexel Belgium<\/title>\n<meta name=\"description\" content=\"Siemens - Automatisation industrielle et variateurs : automates programmables, convertisseurs de fr\u00e9quence, moteurs et composants pour des installations efficaces et s\u00fbres.\" \/>\n<meta name=\"robots\" content=\"noindex, follow, max-snippet:-1, max-image-preview:large, max-video-preview:-1\" \/>\n<meta property=\"og:locale\" content=\"fr_FR\" \/>\n<meta property=\"og:type\" content=\"article\" \/>\n<meta property=\"og:title\" content=\"Automatisation industrielle &amp; entra\u00eenements - Rexel Belgium\" \/>\n<meta property=\"og:description\" content=\"Siemens - Automatisation industrielle et variateurs : automates programmables, convertisseurs de fr\u00e9quence, moteurs et composants pour des installations efficaces et s\u00fbres.\" \/>\n<meta property=\"og:url\" content=\"https:\/\/rexel.conversal.io\/fr\/siemens\/automatisation-industrielle-entrainements\/\" \/>\n<meta property=\"og:site_name\" content=\"Rexel\" \/>\n<meta property=\"article:modified_time\" content=\"2026-02-02T17:01:57+00:00\" \/>\n<meta property=\"og:image\" content=\"https:\/\/rexel.conversal.io\/wp-content\/uploads\/2025\/12\/Siemens-Industriele-Automatisering-en-Aandrijvingen.jpeg\" \/>\n\t<meta property=\"og:image:width\" content=\"1280\" \/>\n\t<meta property=\"og:image:height\" content=\"853\" \/>\n\t<meta property=\"og:image:type\" content=\"image\/jpeg\" \/>\n<meta name=\"twitter:card\" content=\"summary_large_image\" \/>\n<meta name=\"twitter:label1\" content=\"Dur\u00e9e de lecture estim\u00e9e\" \/>\n\t<meta name=\"twitter:data1\" content=\"3 minutes\" \/>\n<script type=\"application\/ld+json\" class=\"yoast-schema-graph\">{\"@context\":\"https:\/\/schema.org\",\"@graph\":[{\"@type\":\"WebPage\",\"@id\":\"https:\/\/rexel.conversal.io\/fr\/siemens\/automatisation-industrielle-entrainements\/\",\"url\":\"https:\/\/rexel.conversal.io\/fr\/siemens\/automatisation-industrielle-entrainements\/\",\"name\":\"Automatisation industrielle & entra\u00eenements - Rexel Belgium\",\"isPartOf\":{\"@id\":\"https:\/\/rexel.conversal.io\/fr\/#website\"},\"primaryImageOfPage\":{\"@id\":\"https:\/\/rexel.conversal.io\/fr\/siemens\/automatisation-industrielle-entrainements\/#primaryimage\"},\"image\":{\"@id\":\"https:\/\/rexel.conversal.io\/fr\/siemens\/automatisation-industrielle-entrainements\/#primaryimage\"},\"thumbnailUrl\":\"https:\/\/rexel.conversal.io\/wp-content\/uploads\/2025\/12\/Siemens-Industriele-Automatisering-en-Aandrijvingen.jpeg\",\"datePublished\":\"2025-12-09T09:31:50+00:00\",\"dateModified\":\"2026-02-02T17:01:57+00:00\",\"description\":\"Siemens - Automatisation industrielle et variateurs : automates programmables, convertisseurs de fr\u00e9quence, moteurs et composants pour des installations efficaces et s\u00fbres.\",\"breadcrumb\":{\"@id\":\"https:\/\/rexel.conversal.io\/fr\/siemens\/automatisation-industrielle-entrainements\/#breadcrumb\"},\"inLanguage\":\"fr-FR\",\"potentialAction\":[{\"@type\":\"ReadAction\",\"target\":[\"https:\/\/rexel.conversal.io\/fr\/siemens\/automatisation-industrielle-entrainements\/\"]}]},{\"@type\":\"ImageObject\",\"inLanguage\":\"fr-FR\",\"@id\":\"https:\/\/rexel.conversal.io\/fr\/siemens\/automatisation-industrielle-entrainements\/#primaryimage\",\"url\":\"https:\/\/rexel.conversal.io\/wp-content\/uploads\/2025\/12\/Siemens-Industriele-Automatisering-en-Aandrijvingen.jpeg\",\"contentUrl\":\"https:\/\/rexel.conversal.io\/wp-content\/uploads\/2025\/12\/Siemens-Industriele-Automatisering-en-Aandrijvingen.jpeg\"},{\"@type\":\"BreadcrumbList\",\"@id\":\"https:\/\/rexel.conversal.io\/fr\/siemens\/automatisation-industrielle-entrainements\/#breadcrumb\",\"itemListElement\":[{\"@type\":\"ListItem\",\"position\":1,\"name\":\"Home\",\"item\":\"https:\/\/rexel.conversal.io\/fr\/\"},{\"@type\":\"ListItem\",\"position\":2,\"name\":\"Siemens\",\"item\":\"https:\/\/rexel.conversal.io\/fr\/siemens\/\"},{\"@type\":\"ListItem\",\"position\":3,\"name\":\"Automatisation industrielle &#038; entra\u00eenements\"}]},{\"@type\":\"WebSite\",\"@id\":\"https:\/\/rexel.conversal.io\/fr\/#website\",\"url\":\"https:\/\/rexel.conversal.io\/fr\/\",\"name\":\"Rexel\",\"description\":\"\",\"potentialAction\":[{\"@type\":\"SearchAction\",\"target\":{\"@type\":\"EntryPoint\",\"urlTemplate\":\"https:\/\/rexel.conversal.io\/fr\/?s={search_term_string}\"},\"query-input\":{\"@type\":\"PropertyValueSpecification\",\"valueRequired\":true,\"valueName\":\"search_term_string\"}}],\"inLanguage\":\"fr-FR\"}]}<\/script>\n<!-- \/ Yoast SEO plugin. -->","yoast_head_json":{"title":"Automatisation industrielle & entra\u00eenements - Rexel Belgium","description":"Siemens - Automatisation industrielle et variateurs : automates programmables, convertisseurs de fr\u00e9quence, moteurs et composants pour des installations efficaces et s\u00fbres.","robots":{"index":"noindex","follow":"follow","max-snippet":"max-snippet:-1","max-image-preview":"max-image-preview:large","max-video-preview":"max-video-preview:-1"},"og_locale":"fr_FR","og_type":"article","og_title":"Automatisation industrielle & entra\u00eenements - Rexel Belgium","og_description":"Siemens - Automatisation industrielle et variateurs : automates programmables, convertisseurs de fr\u00e9quence, moteurs et composants pour des installations efficaces et s\u00fbres.","og_url":"https:\/\/rexel.conversal.io\/fr\/siemens\/automatisation-industrielle-entrainements\/","og_site_name":"Rexel","article_modified_time":"2026-02-02T17:01:57+00:00","og_image":[{"width":1280,"height":853,"url":"https:\/\/rexel.conversal.io\/wp-content\/uploads\/2025\/12\/Siemens-Industriele-Automatisering-en-Aandrijvingen.jpeg","type":"image\/jpeg"}],"twitter_card":"summary_large_image","twitter_misc":{"Dur\u00e9e de lecture estim\u00e9e":"3 minutes"},"schema":{"@context":"https:\/\/schema.org","@graph":[{"@type":"WebPage","@id":"https:\/\/rexel.conversal.io\/fr\/siemens\/automatisation-industrielle-entrainements\/","url":"https:\/\/rexel.conversal.io\/fr\/siemens\/automatisation-industrielle-entrainements\/","name":"Automatisation industrielle & entra\u00eenements - Rexel Belgium","isPartOf":{"@id":"https:\/\/rexel.conversal.io\/fr\/#website"},"primaryImageOfPage":{"@id":"https:\/\/rexel.conversal.io\/fr\/siemens\/automatisation-industrielle-entrainements\/#primaryimage"},"image":{"@id":"https:\/\/rexel.conversal.io\/fr\/siemens\/automatisation-industrielle-entrainements\/#primaryimage"},"thumbnailUrl":"https:\/\/rexel.conversal.io\/wp-content\/uploads\/2025\/12\/Siemens-Industriele-Automatisering-en-Aandrijvingen.jpeg","datePublished":"2025-12-09T09:31:50+00:00","dateModified":"2026-02-02T17:01:57+00:00","description":"Siemens - Automatisation industrielle et variateurs : automates programmables, convertisseurs de fr\u00e9quence, moteurs et composants pour des installations efficaces et s\u00fbres.","breadcrumb":{"@id":"https:\/\/rexel.conversal.io\/fr\/siemens\/automatisation-industrielle-entrainements\/#breadcrumb"},"inLanguage":"fr-FR","potentialAction":[{"@type":"ReadAction","target":["https:\/\/rexel.conversal.io\/fr\/siemens\/automatisation-industrielle-entrainements\/"]}]},{"@type":"ImageObject","inLanguage":"fr-FR","@id":"https:\/\/rexel.conversal.io\/fr\/siemens\/automatisation-industrielle-entrainements\/#primaryimage","url":"https:\/\/rexel.conversal.io\/wp-content\/uploads\/2025\/12\/Siemens-Industriele-Automatisering-en-Aandrijvingen.jpeg","contentUrl":"https:\/\/rexel.conversal.io\/wp-content\/uploads\/2025\/12\/Siemens-Industriele-Automatisering-en-Aandrijvingen.jpeg"},{"@type":"BreadcrumbList","@id":"https:\/\/rexel.conversal.io\/fr\/siemens\/automatisation-industrielle-entrainements\/#breadcrumb","itemListElement":[{"@type":"ListItem","position":1,"name":"Home","item":"https:\/\/rexel.conversal.io\/fr\/"},{"@type":"ListItem","position":2,"name":"Siemens","item":"https:\/\/rexel.conversal.io\/fr\/siemens\/"},{"@type":"ListItem","position":3,"name":"Automatisation industrielle &#038; entra\u00eenements"}]},{"@type":"WebSite","@id":"https:\/\/rexel.conversal.io\/fr\/#website","url":"https:\/\/rexel.conversal.io\/fr\/","name":"Rexel","description":"","potentialAction":[{"@type":"SearchAction","target":{"@type":"EntryPoint","urlTemplate":"https:\/\/rexel.conversal.io\/fr\/?s={search_term_string}"},"query-input":{"@type":"PropertyValueSpecification","valueRequired":true,"valueName":"search_term_string"}}],"inLanguage":"fr-FR"}]}},"_links":{"self":[{"href":"https:\/\/rexel.conversal.io\/fr\/wp-json\/wp\/v2\/pages\/2887","targetHints":{"allow":["GET"]}}],"collection":[{"href":"https:\/\/rexel.conversal.io\/fr\/wp-json\/wp\/v2\/pages"}],"about":[{"href":"https:\/\/rexel.conversal.io\/fr\/wp-json\/wp\/v2\/types\/page"}],"author":[{"embeddable":true,"href":"https:\/\/rexel.conversal.io\/fr\/wp-json\/wp\/v2\/users\/3"}],"replies":[{"embeddable":true,"href":"https:\/\/rexel.conversal.io\/fr\/wp-json\/wp\/v2\/comments?post=2887"}],"version-history":[{"count":5,"href":"https:\/\/rexel.conversal.io\/fr\/wp-json\/wp\/v2\/pages\/2887\/revisions"}],"predecessor-version":[{"id":5540,"href":"https:\/\/rexel.conversal.io\/fr\/wp-json\/wp\/v2\/pages\/2887\/revisions\/5540"}],"up":[{"embeddable":true,"href":"https:\/\/rexel.conversal.io\/fr\/wp-json\/wp\/v2\/pages\/2880"}],"wp:attachment":[{"href":"https:\/\/rexel.conversal.io\/fr\/wp-json\/wp\/v2\/media?parent=2887"}],"curies":[{"name":"wp","href":"https:\/\/api.w.org\/{rel}","templated":true}]}}