{"id":3089,"date":"2025-12-30T12:44:12","date_gmt":"2025-12-30T11:44:12","guid":{"rendered":"https:\/\/rexel.conversal.io\/?page_id=3089"},"modified":"2026-02-09T10:52:13","modified_gmt":"2026-02-09T09:52:13","slug":"faq","status":"publish","type":"page","link":"https:\/\/rexel.conversal.io\/fr\/faq\/","title":{"rendered":"FAQ"},"content":{"rendered":"\n<div class=\"wp-block-cover alignfull has-custom-content-position is-position-bottom-left has-white-color has-text-color has-link-color wp-elements-4726041c3a3ba3ed500774d2e118ff9f\" style=\"border-bottom-left-radius:80px;border-bottom-right-radius:80px;padding-bottom:var(--wp--preset--spacing--120-60);min-height:560px;aspect-ratio:unset;\"><span aria-hidden=\"true\" class=\"wp-block-cover__background has-dark-background-color has-background-dim-100 has-background-dim\"><\/span><div class=\"wp-block-cover__inner-container has-global-padding is-layout-constrained wp-container-core-cover-is-layout-2b988179 wp-block-cover-is-layout-constrained\"><h1 class=\"has-link-color wp-elements-88f0857fdc8bad98dfdc5c16977574b2 wp-block-post-title has-text-color has-white-color\">FAQ<\/h1>\n\n<div class=\"yoast-breadcrumbs\"><span><span><a href=\"https:\/\/rexel.conversal.io\/fr\/\">Home<\/a><\/span> <span class=\"sep\"><\/span> <span class=\"breadcrumb_last\" aria-current=\"page\">FAQ<\/span><\/span><\/div><\/div><\/div>\n\n\n\n<div class=\"wp-block-group has-global-padding is-content-justification-center is-layout-constrained wp-block-group-is-layout-constrained\" style=\"padding-top:var(--wp--preset--spacing--50-30);padding-bottom:0\">\n<h2 class=\"wp-block-heading has-heading-five-font-size\">Aller plus vite vers :<\/h2>\n\n\n\n<div class=\"wp-block-columns is-layout-flex wp-container-core-columns-is-layout-28f84493 wp-block-columns-is-layout-flex\">\n<div class=\"wp-block-column is-layout-flow wp-block-column-is-layout-flow\">\n<div class=\"wp-block-buttons alignfull is-content-justification-left is-layout-flex wp-container-core-buttons-is-layout-fc4fd283 wp-block-buttons-is-layout-flex\">\n<div class=\"wp-block-button\"><a class=\"wp-block-button__link wp-element-button\" href=\"#klant\">Devenir client<\/a><\/div>\n\n\n\n<div class=\"wp-block-button\"><a class=\"wp-block-button__link wp-element-button\" href=\"#bestellingen\">Commandes et livraisons<\/a><\/div>\n\n\n\n<div class=\"wp-block-button\"><a class=\"wp-block-button__link wp-element-button\" href=\"#openingsuren\">Heures d&rsquo;ouverture<\/a><\/div>\n\n\n\n<div class=\"wp-block-button\"><a class=\"wp-block-button__link wp-element-button\" href=\"#retourneren\">Retour des marchandises<\/a><\/div>\n\n\n\n<div class=\"wp-block-button\"><a class=\"wp-block-button__link wp-element-button\" href=\"#nachtsas\">Night&amp;Day sas de nuit<\/a><\/div>\n\n\n\n<div class=\"wp-block-button\"><a class=\"wp-block-button__link wp-element-button\" href=\"#facturen\">Factures<\/a><\/div>\n\n\n\n<div class=\"wp-block-button\"><a class=\"wp-block-button__link wp-element-button\" href=\"#nieuws\">Nouvelles<\/a><\/div>\n<\/div>\n<\/div>\n<\/div>\n<\/div>\n\n\n\n<div class=\"wp-block-group has-global-padding is-layout-constrained wp-block-group-is-layout-constrained\" style=\"padding-top:var(--wp--preset--spacing--60-40);padding-bottom:var(--wp--preset--spacing--60-40)\">\n<div class=\"wp-block-columns is-layout-flex wp-container-core-columns-is-layout-7a751c1d wp-block-columns-is-layout-flex\" id=\"klant\">\n<div class=\"wp-block-column is-layout-flow wp-container-core-column-is-layout-1a0eff7f wp-block-column-is-layout-flow\">\n<div class=\"wp-block-outermost-icon-block\"><div class=\"icon-container has-icon-color has-blue-color\" style=\"color:#2B9BD1;width:48px;transform:rotate(0deg) scaleX(1) scaleY(1)\"><svg xmlns=\"http:\/\/www.w3.org\/2000\/svg\" viewBox=\"0 0 640 640\"><path fill=\"#0a287d\" d=\"M300.9 149.2L184.3 278.8C179.7 283.9 179.9 291.8 184.8 296.7C215.3 327.2 264.8 327.2 295.3 296.7L327.1 264.9C331.3 260.7 336.6 258.4 342 258C348.8 257.4 355.8 259.7 361 264.9L537.6 440L608 384L608 96L496 160L472.2 144.1C456.4 133.6 437.9 128 418.9 128L348.5 128C347.4 128 346.2 128 345.1 128.1C328.2 129 312.3 136.6 300.9 149.2zM148.6 246.7L255.4 128L215.8 128C190.3 128 165.9 138.1 147.9 156.1L144 160L32 96L32 384L188.4 514.3C211.4 533.5 240.4 544 270.3 544L286 544L279 537C269.6 527.6 269.6 512.4 279 503.1C288.4 493.8 303.6 493.7 312.9 503.1L353.9 544.1L362.9 544.1C382 544.1 400.7 539.8 417.7 531.8L391 505C381.6 495.6 381.6 480.4 391 471.1C400.4 461.8 415.6 461.7 424.9 471.1L456.9 503.1L474.4 485.6C483.3 476.7 485.9 463.8 482 452.5L344.1 315.7L329.2 330.6C279.9 379.9 200.1 379.9 150.8 330.6C127.8 307.6 126.9 270.7 148.6 246.6z\"><\/path><\/svg><\/div><\/div>\n\n\n\n<h2 class=\"wp-block-heading\">Devenir client<\/h2>\n\n\n\n<details class=\"wp-block-details is-layout-flow wp-block-details-is-layout-flow\"><summary>Comment devenir client de Rexel ?<\/summary>\n<p>Remplissez le formulaire de contact \u00e0 sur la page de contact ou contactez l\u2019un de nos agences. Rexel se concentre sur les clients professionnels du secteur.<\/p>\n<\/details>\n<\/div>\n<\/div>\n\n\n\n<div class=\"wp-block-columns is-layout-flex wp-container-core-columns-is-layout-7a751c1d wp-block-columns-is-layout-flex\" id=\"bestellingen\">\n<div class=\"wp-block-column is-layout-flow wp-container-core-column-is-layout-1a0eff7f wp-block-column-is-layout-flow\">\n<div class=\"wp-block-outermost-icon-block\"><div class=\"icon-container has-icon-color has-blue-color\" style=\"color:#2B9BD1;width:48px;transform:rotate(0deg) scaleX(1) scaleY(1)\"><svg xmlns=\"http:\/\/www.w3.org\/2000\/svg\" viewBox=\"0 0 640 640\"><path fill=\"#0a287d\" d=\"M24 48C10.7 48 0 58.7 0 72C0 85.3 10.7 96 24 96L69.3 96C73.2 96 76.5 98.8 77.2 102.6L129.3 388.9C135.5 423.1 165.3 448 200.1 448L456 448C469.3 448 480 437.3 480 424C480 410.7 469.3 400 456 400L200.1 400C188.5 400 178.6 391.7 176.5 380.3L171.4 352L475 352C505.8 352 532.2 330.1 537.9 299.8L568.9 133.9C572.6 114.2 557.5 96 537.4 96L124.7 96L124.3 94C119.5 67.4 96.3 48 69.2 48L24 48zM208 576C234.5 576 256 554.5 256 528C256 501.5 234.5 480 208 480C181.5 480 160 501.5 160 528C160 554.5 181.5 576 208 576zM432 576C458.5 576 480 554.5 480 528C480 501.5 458.5 480 432 480C405.5 480 384 501.5 384 528C384 554.5 405.5 576 432 576z\"><\/path><\/svg><\/div><\/div>\n\n\n\n<h2 class=\"wp-block-heading\">Commandes et livraisons<\/h2>\n\n\n\n<details class=\"wp-block-details is-layout-flow wp-block-details-is-layout-flow\"><summary>Comment passer une commande ?<\/summary>\n<p>En tant que client, vous pouvez passer une commande via :<\/p>\n\n\n\n<ul class=\"wp-block-list\">\n<li>Votre compte personnel sur Netstore<\/li>\n\n\n\n<li>Notre r\u00e9seau d\u2019agences<\/li>\n\n\n\n<li>Le Netstore app (disponible dans le Google Play Store et Apple App Store)<\/li>\n<\/ul>\n<\/details>\n\n\n\n<details class=\"wp-block-details is-layout-flow wp-block-details-is-layout-flow\"><summary>Comment puis-je demander un compte Netstore ?<\/summary>\n<p>Via le formulaire \u00e0 www.rexel.be\/fr\/e-commerce vous pouvez demander un compte Netstore. C\u2019est \u00e9galement possible en agence ou aupr\u00e8s de votre interlocuteur Rexel.<\/p>\n<\/details>\n\n\n\n<details class=\"wp-block-details is-layout-flow wp-block-details-is-layout-flow\"><summary>Quand ma commande sera-t-elle livr\u00e9e ?<\/summary>\n<ul class=\"wp-block-list\">\n<li>Passez votre commande avant 20 h pour une livraison ou un enl\u00e8vement le jour ouvrable suivant (jusqu&rsquo;\u00e0 19 h le vendredi). Valable \u00e9galement pour les coupes de c\u00e2bles.<\/li>\n\n\n\n<li>Via Track &amp; Trace il est possible de suivre votre commande en temps r\u00e9el.<\/li>\n\n\n\n<li>L\u2019option \u201cClick&amp;Collect\u201d vous permet de retirer la commande que vous avez pass\u00e9e pour des articles en stock dans l\u2019agence de votre choix dans un d\u00e9lai de 45 minutes.<\/li>\n\n\n\n<li>Pour les articles qui ne sont pas en stock, veuillez vous renseigner dans votre agence ou aupr\u00e8s de votre personne de contact.<\/li>\n<\/ul>\n<\/details>\n\n\n\n<details class=\"wp-block-details is-layout-flow wp-block-details-is-layout-flow\"><summary>Quelles sont les options de livraison ?<\/summary>\n<p>Le client d\u00e9cide du lieu de livraison. Il peut s\u2019agir d\u2019une agence, vo\u00fbte de nuit, de l\u2019entreprise, du chantier ou de la maison. Pour des options ou des dates de livraison sp\u00e9cifiques, veuillez contacter votre interlocuteur Rexel.<\/p>\n<\/details>\n\n\n\n<details class=\"wp-block-details is-layout-flow wp-block-details-is-layout-flow\"><summary>Puis-je commander un produit et le collecter directement dans une agence ?<\/summary>\n<p>Via Netstore vous pouvez voir si un article en stock souhait\u00e9 est disponible ou non dans votre agence. Vous pouvez simplement le commander et 45 minutes plus tard, il sera pr\u00eat \u00e0 \u00eatre r\u00e9cup\u00e9r\u00e9.<\/p>\n<\/details>\n<\/div>\n<\/div>\n\n\n\n<div class=\"wp-block-columns is-layout-flex wp-container-core-columns-is-layout-7a751c1d wp-block-columns-is-layout-flex\" id=\"openingsuren\">\n<div class=\"wp-block-column is-layout-flow wp-container-core-column-is-layout-1a0eff7f wp-block-column-is-layout-flow\">\n<div class=\"wp-block-outermost-icon-block\"><div class=\"icon-container has-icon-color has-blue-color\" style=\"color:#2B9BD1;width:48px;transform:rotate(0deg) scaleX(1) scaleY(1)\"><svg xmlns=\"http:\/\/www.w3.org\/2000\/svg\" viewBox=\"0 0 640 640\"><path fill=\"#0a287d\" d=\"M320 64C461.4 64 576 178.6 576 320C576 461.4 461.4 576 320 576C178.6 576 64 461.4 64 320C64 178.6 178.6 64 320 64zM296 184L296 320C296 328 300 335.5 306.7 340L402.7 404C413.7 411.4 428.6 408.4 436 397.3C443.4 386.2 440.4 371.4 429.3 364L344 307.2L344 184C344 170.7 333.3 160 320 160C306.7 160 296 170.7 296 184z\"><\/path><\/svg><\/div><\/div>\n\n\n\n<h2 class=\"wp-block-heading\">Heures d&rsquo;ouverture<\/h2>\n\n\n\n<details class=\"wp-block-details is-layout-flow wp-block-details-is-layout-flow\"><summary>Quelles sont les heures d&rsquo;ouverture des agences ?<\/summary>\n<p>La plupart de nos agences sont ouvertes de 6h30 \u00e0 17h. Pour conna\u00eetre les heures d\u2019ouverture exactes de la succursale de votre choix, veuillez consulter le site : www.rexel.be\/fr\/agences\/<\/p>\n<\/details>\n<\/div>\n<\/div>\n\n\n\n<div class=\"wp-block-columns is-layout-flex wp-container-core-columns-is-layout-7a751c1d wp-block-columns-is-layout-flex\" id=\"retourneren\">\n<div class=\"wp-block-column is-layout-flow wp-container-core-column-is-layout-1a0eff7f wp-block-column-is-layout-flow\">\n<div class=\"wp-block-outermost-icon-block\"><div class=\"icon-container has-icon-color has-blue-color\" style=\"color:#2B9BD1;width:48px;transform:rotate(0deg) scaleX(1) scaleY(1)\"><svg xmlns=\"http:\/\/www.w3.org\/2000\/svg\" viewBox=\"0 0 640 640\"><path fill=\"#0a287d\" d=\"M566.6 214.6L470.6 310.6C458.1 323.1 437.8 323.1 425.3 310.6C412.8 298.1 412.8 277.8 425.3 265.3L466.7 224L96 224C78.3 224 64 209.7 64 192C64 174.3 78.3 160 96 160L466.7 160L425.3 118.6C412.8 106.1 412.8 85.8 425.3 73.3C437.8 60.8 458.1 60.8 470.6 73.3L566.6 169.3C579.1 181.8 579.1 202.1 566.6 214.6zM169.3 566.6L73.3 470.6C60.8 458.1 60.8 437.8 73.3 425.3L169.3 329.3C181.8 316.8 202.1 316.8 214.6 329.3C227.1 341.8 227.1 362.1 214.6 374.6L173.3 416L544 416C561.7 416 576 430.3 576 448C576 465.7 561.7 480 544 480L173.3 480L214.7 521.4C227.2 533.9 227.2 554.2 214.7 566.7C202.2 579.2 181.9 579.2 169.4 566.7z\"><\/path><\/svg><\/div><\/div>\n\n\n\n<h2 class=\"wp-block-heading\">Retour des marchandises<\/h2>\n\n\n\n<details class=\"wp-block-details is-layout-flow wp-block-details-is-layout-flow\"><summary>Que dois-je faire si mon article est d\u00e9fectueux ou endommag\u00e9 ?<\/summary>\n<p>V\u00e9rifiez la commande imm\u00e9diatement apr\u00e8s la livraison et signalez-la au transporteur. Si vous d\u00e9couvrez le d\u00e9faut plus tard, veuillez contacter le magasin ou votre contact Rexel d\u00e8s que possible. Ils v\u00e9rifieront quand le produit d\u00e9fectueux pourra \u00eatre remplac\u00e9.<\/p>\n\n\n\n<p>Si vous avez d\u00e9j\u00e0 utilis\u00e9 le produit pendant la p\u00e9riode de garantie, nous v\u00e9rifierons la proc\u00e9dure de garantie applicable aupr\u00e8s du fournisseur. L\u2019article sera alors r\u00e9par\u00e9 ou remplac\u00e9.<\/p>\n<\/details>\n\n\n\n<details class=\"wp-block-details is-layout-flow wp-block-details-is-layout-flow\"><summary>Quels sont les produits que je peux retourner ?<\/summary>\n<p>Le retour d\u2019un article est possible dans certaines circonstances. Le produit doit \u00eatre dans son \u00e9tat d\u2019origine et le bon de commande ne doit pas dater de plus de 6 mois. Seuls les articles en stock peuvent \u00eatre retourn\u00e9s. Les articles qui ne sont pas en stock et qui ont \u00e9t\u00e9 command\u00e9s sp\u00e9cialement ne peuvent \u00eatre retourn\u00e9s.<\/p>\n<\/details>\n\n\n\n<details class=\"wp-block-details is-layout-flow wp-block-details-is-layout-flow\"><summary>Comment puis-je retourner mon article ?<\/summary>\n<p>Vous pouvez facilement renvoyer vos marchandises via \u201cMes retours\u201d sur Netstore dans le cas de :<\/p>\n\n\n\n<ul class=\"wp-block-list\">\n<li>Un produit dont vous n\u2019avez plus besoin<\/li>\n\n\n\n<li>Un produit livr\u00e9 trop tard<\/li>\n\n\n\n<li>Un produit achet\u00e9 par erreur<\/li>\n\n\n\n<li>Bobines et palettes<\/li>\n<\/ul>\n\n\n\n<p>Si les conditions sont remplies, vous pouvez choisir de faire enlever les articles retourn\u00e9s par le transporteur ou de les livrer vous-m\u00eame \u00e0 l\u2019agence. Veuillez noter que tous les produits ne peuvent \u00eatre retourn\u00e9s et que, dans certains cas, des frais de retour peuvent s\u2019appliquer.<\/p>\n\n\n\n<p>Dans les cas suivants, il faut faire appel \u00e0 l\u2019agence:<\/p>\n\n\n\n<ul class=\"wp-block-list\">\n<li>Produit endommag\u00e9<\/li>\n\n\n\n<li>Produit manquant<\/li>\n\n\n\n<li>Produit incorrectement livr\u00e9<\/li>\n\n\n\n<li>Produit d\u00e9fectueux ou non fonctionnel (sous garantie ou non)<\/li>\n<\/ul>\n<\/details>\n\n\n\n<details class=\"wp-block-details is-layout-flow wp-block-details-is-layout-flow\"><summary>Quel est le co\u00fbt d&rsquo;une retour ?<\/summary>\n<p>Si une erreur s\u2019est produite dans la commande de notre part (dommages, articles d\u00e9fectueux, etc.), le retour sera gratuit, et si le retour est pour toute autre raison, vous pouvez le renvoyer gratuitement par livraison \u00e0 la succursale ou en faisant enlever les articles par notre transporteur moyennant des frais.<\/p>\n<\/details>\n<\/div>\n<\/div>\n\n\n\n<div class=\"wp-block-columns is-layout-flex wp-container-core-columns-is-layout-7a751c1d wp-block-columns-is-layout-flex\" id=\"nachtsas\">\n<div class=\"wp-block-column is-layout-flow wp-container-core-column-is-layout-1a0eff7f wp-block-column-is-layout-flow\">\n<div class=\"wp-block-outermost-icon-block\"><div class=\"icon-container has-icon-color has-blue-color\" style=\"color:#2B9BD1;width:48px;transform:rotate(0deg) scaleX(1) scaleY(1)\"><svg xmlns=\"http:\/\/www.w3.org\/2000\/svg\" viewBox=\"0 0 640 640\"><path fill=\"#0a287d\" d=\"M320 64C178.6 64 64 178.6 64 320C64 461.4 178.6 576 320 576C388.8 576 451.3 548.8 497.3 504.6C504.6 497.6 506.7 486.7 502.6 477.5C498.5 468.3 488.9 462.6 478.8 463.4C473.9 463.8 469 464 464 464C362.4 464 280 381.6 280 280C280 207.9 321.5 145.4 382.1 115.2C391.2 110.7 396.4 100.9 395.2 90.8C394 80.7 386.6 72.5 376.7 70.3C358.4 66.2 339.4 64 320 64z\"><\/path><\/svg><\/div><\/div>\n\n\n\n<h2 class=\"wp-block-heading\">Night&amp;Day sas de nuit<\/h2>\n\n\n\n<details class=\"wp-block-details is-layout-flow wp-block-details-is-layout-flow\"><summary>Comment utiliser la sas de nuit Night&amp;Day ?<\/summary>\n<p>Via la Night&amp;Day sas de nuit vous pouvez retirer votre commande \u00e0 partir de 5h00 du matin en utilisant un code d\u2019acc\u00e8s personnel. Rexel fournit plus de 25 Night&amp;Day sas de nuit. Sur notre site web, vous pouvez voir quelles agences ont une sas de nuit Night&amp;Day. Ils sont ouverts 24 heures sur 24, 7 jours sur 7.<\/p>\n<\/details>\n\n\n\n<details class=\"wp-block-details is-layout-flow wp-block-details-is-layout-flow\"><summary>Comment puis-je demander l&rsquo;acc\u00e8s \u00e0 une sas de nuit Night&amp;Day ?<\/summary>\n<p>Vous pouvez demander et activer un code d\u2019acc\u00e8s personnel aupr\u00e8s de votre interlocuteur Rexel.<\/p>\n<\/details>\n<\/div>\n<\/div>\n\n\n\n<div class=\"wp-block-columns is-layout-flex wp-container-core-columns-is-layout-7a751c1d wp-block-columns-is-layout-flex\" id=\"facturen\">\n<div class=\"wp-block-column is-layout-flow wp-container-core-column-is-layout-1a0eff7f wp-block-column-is-layout-flow\">\n<div class=\"wp-block-outermost-icon-block\"><div class=\"icon-container has-icon-color has-blue-color\" style=\"color:#2B9BD1;width:48px;transform:rotate(0deg) scaleX(1) scaleY(1)\"><svg xmlns=\"http:\/\/www.w3.org\/2000\/svg\" viewBox=\"0 0 640 640\"><path fill=\"#0a287d\" d=\"M169.3 256C196.8 163.5 282.5 96 384 96L448 96C465.7 96 480 110.3 480 128C480 145.7 465.7 160 448 160L384 160C318.4 160 262 199.5 237.3 256L368 256C381.3 256 392 266.7 392 280C392 293.3 381.3 304 368 304L224.8 304C224.3 309.3 224 314.6 224 320C224 325.4 224.3 330.7 224.8 336L368 336C381.3 336 392 346.7 392 360C392 373.3 381.3 384 368 384L237.3 384C262 440.5 318.4 480 384 480L448 480C465.7 480 480 494.3 480 512C480 529.7 465.7 544 448 544L384 544C282.5 544 196.8 476.5 169.3 384L136 384C122.7 384 112 373.3 112 360C112 346.7 122.7 336 136 336L160.6 336C159.9 325.5 159.9 314.5 160.6 304L136 304C122.7 304 112 293.3 112 280C112 266.7 122.7 256 136 256L169.3 256z\"><\/path><\/svg><\/div><\/div>\n\n\n\n<h2 class=\"wp-block-heading\">Factures<\/h2>\n\n\n\n<details class=\"wp-block-details is-layout-flow wp-block-details-is-layout-flow\"><summary>O\u00f9 puis-je trouver mes factures ?<\/summary>\n<p>Vous pouvez trouver un aper\u00e7u num\u00e9rique de vos factures d\u2019achat \u00e0 Netstore sous la rubrique \u201cFactures\u201d.<\/p>\n<\/details>\n<\/div>\n<\/div>\n\n\n\n<div class=\"wp-block-columns is-layout-flex wp-container-core-columns-is-layout-7a751c1d wp-block-columns-is-layout-flex\" id=\"nieuws\">\n<div class=\"wp-block-column is-layout-flow wp-container-core-column-is-layout-1a0eff7f wp-block-column-is-layout-flow\">\n<div class=\"wp-block-outermost-icon-block\"><div class=\"icon-container has-icon-color has-blue-color\" style=\"color:#2B9BD1;width:48px;transform:rotate(0deg) scaleX(1) scaleY(1)\"><svg xmlns=\"http:\/\/www.w3.org\/2000\/svg\" viewBox=\"0 0 640 640\"><path fill=\"#0a287d\" d=\"M64 480L64 184C64 170.7 74.7 160 88 160C101.3 160 112 170.7 112 184L112 472C112 485.3 122.7 496 136 496C149.3 496 160 485.3 160 472L160 160C160 124.7 188.7 96 224 96L512 96C547.3 96 576 124.7 576 160L576 480C576 515.3 547.3 544 512 544L128 544C92.7 544 64 515.3 64 480zM224 192L224 256C224 273.7 238.3 288 256 288L320 288C337.7 288 352 273.7 352 256L352 192C352 174.3 337.7 160 320 160L256 160C238.3 160 224 174.3 224 192zM248 432C234.7 432 224 442.7 224 456C224 469.3 234.7 480 248 480L488 480C501.3 480 512 469.3 512 456C512 442.7 501.3 432 488 432L248 432zM224 360C224 373.3 234.7 384 248 384L488 384C501.3 384 512 373.3 512 360C512 346.7 501.3 336 488 336L248 336C234.7 336 224 346.7 224 360zM424 240C410.7 240 400 250.7 400 264C400 277.3 410.7 288 424 288L488 288C501.3 288 512 277.3 512 264C512 250.7 501.3 240 488 240L424 240z\"><\/path><\/svg><\/div><\/div>\n\n\n\n<h2 class=\"wp-block-heading\">Nouvelles<\/h2>\n\n\n\n<details class=\"wp-block-details is-layout-flow wp-block-details-is-layout-flow\"><summary>Comment puis-je m&rsquo;inscrire \u00e0 la newsletter de Rexel ?<\/summary>\n<p>Nous aimons vous tenir inform\u00e9s de nos nouveaut\u00e9s et \u00e9volutions. Inscrivez-vous via le formulaire d\u2019inscription.<\/p>\n<\/details>\n<\/div>\n<\/div>\n<\/div>\n","protected":false},"excerpt":{"rendered":"<p>Aller plus vite vers : Devenir client Commandes et livraisons Heures d&rsquo;ouverture Retour des marchandises Night&amp;Day sas de nuit Factures Nouvelles<\/p>\n","protected":false},"author":3,"featured_media":0,"parent":0,"menu_order":0,"comment_status":"closed","ping_status":"closed","template":"","meta":{"_acf_changed":false,"inline_featured_image":false,"footnotes":"","_links_to":"","_links_to_target":""},"class_list":["post-3089","page","type-page","status-publish","hentry"],"acf":[],"yoast_head":"<!-- This site is optimized with the Yoast SEO plugin v26.9 - https:\/\/yoast.com\/product\/yoast-seo-wordpress\/ -->\n<title>FAQ - Rexel<\/title>\n<meta name=\"description\" content=\"Questions fr\u00e9quemment pos\u00e9es et leurs r\u00e9ponses\" \/>\n<meta name=\"robots\" content=\"noindex, follow, max-snippet:-1, max-image-preview:large, max-video-preview:-1\" \/>\n<meta property=\"og:locale\" content=\"fr_FR\" \/>\n<meta property=\"og:type\" content=\"article\" \/>\n<meta property=\"og:title\" content=\"FAQ - Rexel\" \/>\n<meta property=\"og:description\" content=\"Questions fr\u00e9quemment pos\u00e9es et leurs r\u00e9ponses\" \/>\n<meta property=\"og:url\" content=\"https:\/\/rexel.conversal.io\/fr\/faq\/\" \/>\n<meta property=\"og:site_name\" content=\"Rexel\" \/>\n<meta property=\"article:modified_time\" content=\"2026-02-09T09:52:13+00:00\" \/>\n<meta name=\"twitter:card\" content=\"summary_large_image\" \/>\n<meta name=\"twitter:label1\" content=\"Dur\u00e9e de lecture estim\u00e9e\" \/>\n\t<meta name=\"twitter:data1\" content=\"4 minutes\" \/>\n<script type=\"application\/ld+json\" class=\"yoast-schema-graph\">{\"@context\":\"https:\/\/schema.org\",\"@graph\":[{\"@type\":\"WebPage\",\"@id\":\"https:\/\/rexel.conversal.io\/fr\/faq\/\",\"url\":\"https:\/\/rexel.conversal.io\/fr\/faq\/\",\"name\":\"FAQ - Rexel\",\"isPartOf\":{\"@id\":\"https:\/\/rexel.conversal.io\/fr\/#website\"},\"datePublished\":\"2025-12-30T11:44:12+00:00\",\"dateModified\":\"2026-02-09T09:52:13+00:00\",\"description\":\"Questions fr\u00e9quemment pos\u00e9es et leurs r\u00e9ponses\",\"breadcrumb\":{\"@id\":\"https:\/\/rexel.conversal.io\/fr\/faq\/#breadcrumb\"},\"inLanguage\":\"fr-FR\",\"potentialAction\":[{\"@type\":\"ReadAction\",\"target\":[\"https:\/\/rexel.conversal.io\/fr\/faq\/\"]}]},{\"@type\":\"BreadcrumbList\",\"@id\":\"https:\/\/rexel.conversal.io\/fr\/faq\/#breadcrumb\",\"itemListElement\":[{\"@type\":\"ListItem\",\"position\":1,\"name\":\"Home\",\"item\":\"https:\/\/rexel.conversal.io\/fr\/\"},{\"@type\":\"ListItem\",\"position\":2,\"name\":\"FAQ\"}]},{\"@type\":\"WebSite\",\"@id\":\"https:\/\/rexel.conversal.io\/fr\/#website\",\"url\":\"https:\/\/rexel.conversal.io\/fr\/\",\"name\":\"Rexel\",\"description\":\"\",\"potentialAction\":[{\"@type\":\"SearchAction\",\"target\":{\"@type\":\"EntryPoint\",\"urlTemplate\":\"https:\/\/rexel.conversal.io\/fr\/?s={search_term_string}\"},\"query-input\":{\"@type\":\"PropertyValueSpecification\",\"valueRequired\":true,\"valueName\":\"search_term_string\"}}],\"inLanguage\":\"fr-FR\"}]}<\/script>\n<!-- \/ Yoast SEO plugin. -->","yoast_head_json":{"title":"FAQ - Rexel","description":"Questions fr\u00e9quemment pos\u00e9es et leurs r\u00e9ponses","robots":{"index":"noindex","follow":"follow","max-snippet":"max-snippet:-1","max-image-preview":"max-image-preview:large","max-video-preview":"max-video-preview:-1"},"og_locale":"fr_FR","og_type":"article","og_title":"FAQ - Rexel","og_description":"Questions fr\u00e9quemment pos\u00e9es et leurs r\u00e9ponses","og_url":"https:\/\/rexel.conversal.io\/fr\/faq\/","og_site_name":"Rexel","article_modified_time":"2026-02-09T09:52:13+00:00","twitter_card":"summary_large_image","twitter_misc":{"Dur\u00e9e de lecture estim\u00e9e":"4 minutes"},"schema":{"@context":"https:\/\/schema.org","@graph":[{"@type":"WebPage","@id":"https:\/\/rexel.conversal.io\/fr\/faq\/","url":"https:\/\/rexel.conversal.io\/fr\/faq\/","name":"FAQ - Rexel","isPartOf":{"@id":"https:\/\/rexel.conversal.io\/fr\/#website"},"datePublished":"2025-12-30T11:44:12+00:00","dateModified":"2026-02-09T09:52:13+00:00","description":"Questions fr\u00e9quemment pos\u00e9es et leurs r\u00e9ponses","breadcrumb":{"@id":"https:\/\/rexel.conversal.io\/fr\/faq\/#breadcrumb"},"inLanguage":"fr-FR","potentialAction":[{"@type":"ReadAction","target":["https:\/\/rexel.conversal.io\/fr\/faq\/"]}]},{"@type":"BreadcrumbList","@id":"https:\/\/rexel.conversal.io\/fr\/faq\/#breadcrumb","itemListElement":[{"@type":"ListItem","position":1,"name":"Home","item":"https:\/\/rexel.conversal.io\/fr\/"},{"@type":"ListItem","position":2,"name":"FAQ"}]},{"@type":"WebSite","@id":"https:\/\/rexel.conversal.io\/fr\/#website","url":"https:\/\/rexel.conversal.io\/fr\/","name":"Rexel","description":"","potentialAction":[{"@type":"SearchAction","target":{"@type":"EntryPoint","urlTemplate":"https:\/\/rexel.conversal.io\/fr\/?s={search_term_string}"},"query-input":{"@type":"PropertyValueSpecification","valueRequired":true,"valueName":"search_term_string"}}],"inLanguage":"fr-FR"}]}},"_links":{"self":[{"href":"https:\/\/rexel.conversal.io\/fr\/wp-json\/wp\/v2\/pages\/3089","targetHints":{"allow":["GET"]}}],"collection":[{"href":"https:\/\/rexel.conversal.io\/fr\/wp-json\/wp\/v2\/pages"}],"about":[{"href":"https:\/\/rexel.conversal.io\/fr\/wp-json\/wp\/v2\/types\/page"}],"author":[{"embeddable":true,"href":"https:\/\/rexel.conversal.io\/fr\/wp-json\/wp\/v2\/users\/3"}],"replies":[{"embeddable":true,"href":"https:\/\/rexel.conversal.io\/fr\/wp-json\/wp\/v2\/comments?post=3089"}],"version-history":[{"count":5,"href":"https:\/\/rexel.conversal.io\/fr\/wp-json\/wp\/v2\/pages\/3089\/revisions"}],"predecessor-version":[{"id":5724,"href":"https:\/\/rexel.conversal.io\/fr\/wp-json\/wp\/v2\/pages\/3089\/revisions\/5724"}],"wp:attachment":[{"href":"https:\/\/rexel.conversal.io\/fr\/wp-json\/wp\/v2\/media?parent=3089"}],"curies":[{"name":"wp","href":"https:\/\/api.w.org\/{rel}","templated":true}]}}