{"id":3345,"date":"2026-01-07T11:21:29","date_gmt":"2026-01-07T10:21:29","guid":{"rendered":"https:\/\/rexel.conversal.io\/?page_id=3345"},"modified":"2026-01-20T15:05:07","modified_gmt":"2026-01-20T14:05:07","slug":"flex","status":"publish","type":"page","link":"https:\/\/rexel.conversal.io\/fr\/configurateurs\/flex\/","title":{"rendered":"Flex"},"content":{"rendered":"\n<div class=\"wp-block-cover alignfull has-custom-content-position is-position-bottom-left has-white-color has-text-color has-link-color wp-elements-4726041c3a3ba3ed500774d2e118ff9f\" style=\"border-bottom-left-radius:80px;border-bottom-right-radius:80px;padding-bottom:var(--wp--preset--spacing--120-60);min-height:560px;aspect-ratio:unset;\"><span aria-hidden=\"true\" class=\"wp-block-cover__background has-dark-background-color has-background-dim-100 has-background-dim\"><\/span><div class=\"wp-block-cover__inner-container has-global-padding is-layout-constrained wp-container-core-cover-is-layout-2b988179 wp-block-cover-is-layout-constrained\"><h1 class=\"has-link-color wp-elements-88f0857fdc8bad98dfdc5c16977574b2 wp-block-post-title has-text-color has-white-color\">Flex<\/h1>\n\n<div class=\"yoast-breadcrumbs\"><span><span><a href=\"https:\/\/rexel.conversal.io\/fr\/\">Home<\/a><\/span> <span class=\"sep\"><\/span> <span><a href=\"https:\/\/rexel.conversal.io\/fr\/configurateurs\/\">Configurateurs<\/a><\/span> <span class=\"sep\"><\/span> <span class=\"breadcrumb_last\" aria-current=\"page\">Flex<\/span><\/span><\/div><\/div><\/div>\n\n\n\n<div class=\"wp-block-group has-global-padding is-layout-constrained wp-block-group-is-layout-constrained\" style=\"padding-top:var(--wp--preset--spacing--60-40);padding-bottom:var(--wp--preset--spacing--60-40)\">\n<div class=\"wp-block-media-text is-stacked-on-mobile is-vertically-aligned-center\"><figure class=\"wp-block-media-text__media\"><img loading=\"lazy\" decoding=\"async\" width=\"1024\" height=\"674\" src=\"https:\/\/rexel.conversal.io\/wp-content\/uploads\/2026\/01\/FIGIBEL-configurator-laptop-NL-1024x674.jpg\" alt=\"\" class=\"wp-image-3329 size-full\" srcset=\"https:\/\/rexel.conversal.io\/wp-content\/uploads\/2026\/01\/FIGIBEL-configurator-laptop-NL-1024x674.jpg 1024w, https:\/\/rexel.conversal.io\/wp-content\/uploads\/2026\/01\/FIGIBEL-configurator-laptop-NL-300x198.jpg 300w, https:\/\/rexel.conversal.io\/wp-content\/uploads\/2026\/01\/FIGIBEL-configurator-laptop-NL-768x506.jpg 768w, https:\/\/rexel.conversal.io\/wp-content\/uploads\/2026\/01\/FIGIBEL-configurator-laptop-NL.jpg 1485w\" sizes=\"auto, (max-width: 1024px) 100vw, 1024px\" \/><\/figure><div class=\"wp-block-media-text__content\">\n<h2 class=\"wp-block-heading\">Le configurateur de conduits pr\u00e9c\u00e2bl\u00e9s le plus polyvalent<\/h2>\n\n\n\n<p>Gr\u00e2ce au configurateur Flex, vous trouverez vos tubes pr\u00e9-c\u00e2bl\u00e9s en toute simplicit\u00e9. Nous vous offrons le choix parmi quatre diam\u00e8tres de tubes diff\u00e9rents et la possibilit\u00e9 de combiner jusqu\u2019\u00e0 trois c\u00e2bles diff\u00e9rents dans un seul flex.<\/p>\n\n\n\n<p>Nous veillons \u00e0 ce que votre flex \u00e0 la carte soit livr\u00e9 dans les 48 heures apr\u00e8s validation du devis.<\/p>\n\n\n\n<div class=\"wp-block-buttons is-layout-flex wp-block-buttons-is-layout-flex\">\n<div class=\"wp-block-button is-style-green is-style-green--1\"><a class=\"wp-block-button__link wp-element-button\" href=\"https:\/\/netstore.rexel.be\/NS\/Start?dm&amp;language=FR&amp;action=rd&amp;to=tool&amp;var1=TOOL_FLEX&amp;utm_source=300&amp;utm_medium=referral&amp;utm_campaign=TOOL_FLEX&amp;utm_content=deeplink_TOOL_FLEX_rexelwebsite_FR\" target=\"_blank\" rel=\"noreferrer noopener\">Testez le configurateur Flex sur Netstore<\/a><\/div>\n<\/div>\n<\/div><\/div>\n<\/div>\n\n\n\n<p><\/p>\n","protected":false},"excerpt":{"rendered":"<p>Le configurateur de conduits pr\u00e9c\u00e2bl\u00e9s le plus polyvalent Gr\u00e2ce au configurateur Flex, vous trouverez vos tubes pr\u00e9-c\u00e2bl\u00e9s en toute simplicit\u00e9. Nous vous offrons le choix parmi quatre diam\u00e8tres de tubes diff\u00e9rents et la possibilit\u00e9 de combiner jusqu\u2019\u00e0 trois c\u00e2bles diff\u00e9rents dans un seul flex. Nous veillons \u00e0 ce que votre flex \u00e0 la carte soit [&hellip;]<\/p>\n","protected":false},"author":3,"featured_media":0,"parent":3320,"menu_order":0,"comment_status":"closed","ping_status":"closed","template":"","meta":{"_acf_changed":false,"inline_featured_image":false,"footnotes":"","_links_to":"","_links_to_target":""},"class_list":["post-3345","page","type-page","status-publish","hentry"],"acf":[],"yoast_head":"<!-- This site is optimized with the Yoast SEO plugin v26.9 - https:\/\/yoast.com\/product\/yoast-seo-wordpress\/ -->\n<title>Configurateur de conduits pr\u00e9c\u00e2bl\u00e9s - Rexel Belgium<\/title>\n<meta name=\"description\" content=\"D\u00e9couvrez le configurateur flex : configuration de produits et devis rapides et faciles pour les professionnels de l&#039;installation.\" \/>\n<meta name=\"robots\" content=\"noindex, follow, max-snippet:-1, max-image-preview:large, max-video-preview:-1\" \/>\n<meta property=\"og:locale\" content=\"fr_FR\" \/>\n<meta property=\"og:type\" content=\"article\" \/>\n<meta property=\"og:title\" content=\"Configurateur de conduits pr\u00e9c\u00e2bl\u00e9s - Rexel Belgium\" \/>\n<meta property=\"og:description\" content=\"D\u00e9couvrez le configurateur flex : configuration de produits et devis rapides et faciles pour les professionnels de l&#039;installation.\" \/>\n<meta property=\"og:url\" content=\"https:\/\/rexel.conversal.io\/fr\/configurateurs\/flex\/\" \/>\n<meta property=\"og:site_name\" content=\"Rexel\" \/>\n<meta property=\"article:modified_time\" content=\"2026-01-20T14:05:07+00:00\" \/>\n<meta property=\"og:image\" content=\"https:\/\/rexel.conversal.io\/wp-content\/uploads\/2026\/01\/FIGIBEL-configurator-laptop-NL.jpg\" \/>\n\t<meta property=\"og:image:width\" content=\"1485\" \/>\n\t<meta property=\"og:image:height\" content=\"978\" \/>\n\t<meta property=\"og:image:type\" content=\"image\/jpeg\" \/>\n<meta name=\"twitter:card\" content=\"summary_large_image\" \/>\n<meta name=\"twitter:label1\" content=\"Dur\u00e9e de lecture estim\u00e9e\" \/>\n\t<meta name=\"twitter:data1\" content=\"1 minute\" \/>\n<script type=\"application\/ld+json\" class=\"yoast-schema-graph\">{\"@context\":\"https:\/\/schema.org\",\"@graph\":[{\"@type\":\"WebPage\",\"@id\":\"https:\/\/rexel.conversal.io\/fr\/configurateurs\/flex\/\",\"url\":\"https:\/\/rexel.conversal.io\/fr\/configurateurs\/flex\/\",\"name\":\"Configurateur de conduits pr\u00e9c\u00e2bl\u00e9s - Rexel Belgium\",\"isPartOf\":{\"@id\":\"https:\/\/rexel.conversal.io\/fr\/#website\"},\"primaryImageOfPage\":{\"@id\":\"https:\/\/rexel.conversal.io\/fr\/configurateurs\/flex\/#primaryimage\"},\"image\":{\"@id\":\"https:\/\/rexel.conversal.io\/fr\/configurateurs\/flex\/#primaryimage\"},\"thumbnailUrl\":\"https:\/\/rexel.conversal.io\/wp-content\/uploads\/2026\/01\/FIGIBEL-configurator-laptop-NL-1024x674.jpg\",\"datePublished\":\"2026-01-07T10:21:29+00:00\",\"dateModified\":\"2026-01-20T14:05:07+00:00\",\"description\":\"D\u00e9couvrez le configurateur flex : configuration de produits et devis rapides et faciles pour les professionnels de l'installation.\",\"breadcrumb\":{\"@id\":\"https:\/\/rexel.conversal.io\/fr\/configurateurs\/flex\/#breadcrumb\"},\"inLanguage\":\"fr-FR\",\"potentialAction\":[{\"@type\":\"ReadAction\",\"target\":[\"https:\/\/rexel.conversal.io\/fr\/configurateurs\/flex\/\"]}]},{\"@type\":\"ImageObject\",\"inLanguage\":\"fr-FR\",\"@id\":\"https:\/\/rexel.conversal.io\/fr\/configurateurs\/flex\/#primaryimage\",\"url\":\"https:\/\/rexel.conversal.io\/wp-content\/uploads\/2026\/01\/FIGIBEL-configurator-laptop-NL-1024x674.jpg\",\"contentUrl\":\"https:\/\/rexel.conversal.io\/wp-content\/uploads\/2026\/01\/FIGIBEL-configurator-laptop-NL-1024x674.jpg\"},{\"@type\":\"BreadcrumbList\",\"@id\":\"https:\/\/rexel.conversal.io\/fr\/configurateurs\/flex\/#breadcrumb\",\"itemListElement\":[{\"@type\":\"ListItem\",\"position\":1,\"name\":\"Home\",\"item\":\"https:\/\/rexel.conversal.io\/fr\/\"},{\"@type\":\"ListItem\",\"position\":2,\"name\":\"Configurateurs\",\"item\":\"https:\/\/rexel.conversal.io\/fr\/configurateurs\/\"},{\"@type\":\"ListItem\",\"position\":3,\"name\":\"Flex\"}]},{\"@type\":\"WebSite\",\"@id\":\"https:\/\/rexel.conversal.io\/fr\/#website\",\"url\":\"https:\/\/rexel.conversal.io\/fr\/\",\"name\":\"Rexel\",\"description\":\"\",\"potentialAction\":[{\"@type\":\"SearchAction\",\"target\":{\"@type\":\"EntryPoint\",\"urlTemplate\":\"https:\/\/rexel.conversal.io\/fr\/?s={search_term_string}\"},\"query-input\":{\"@type\":\"PropertyValueSpecification\",\"valueRequired\":true,\"valueName\":\"search_term_string\"}}],\"inLanguage\":\"fr-FR\"}]}<\/script>\n<!-- \/ Yoast SEO plugin. -->","yoast_head_json":{"title":"Configurateur de conduits pr\u00e9c\u00e2bl\u00e9s - Rexel Belgium","description":"D\u00e9couvrez le configurateur flex : configuration de produits et devis rapides et faciles pour les professionnels de l'installation.","robots":{"index":"noindex","follow":"follow","max-snippet":"max-snippet:-1","max-image-preview":"max-image-preview:large","max-video-preview":"max-video-preview:-1"},"og_locale":"fr_FR","og_type":"article","og_title":"Configurateur de conduits pr\u00e9c\u00e2bl\u00e9s - Rexel Belgium","og_description":"D\u00e9couvrez le configurateur flex : configuration de produits et devis rapides et faciles pour les professionnels de l'installation.","og_url":"https:\/\/rexel.conversal.io\/fr\/configurateurs\/flex\/","og_site_name":"Rexel","article_modified_time":"2026-01-20T14:05:07+00:00","og_image":[{"width":1485,"height":978,"url":"https:\/\/rexel.conversal.io\/wp-content\/uploads\/2026\/01\/FIGIBEL-configurator-laptop-NL.jpg","type":"image\/jpeg"}],"twitter_card":"summary_large_image","twitter_misc":{"Dur\u00e9e de lecture estim\u00e9e":"1 minute"},"schema":{"@context":"https:\/\/schema.org","@graph":[{"@type":"WebPage","@id":"https:\/\/rexel.conversal.io\/fr\/configurateurs\/flex\/","url":"https:\/\/rexel.conversal.io\/fr\/configurateurs\/flex\/","name":"Configurateur de conduits pr\u00e9c\u00e2bl\u00e9s - Rexel Belgium","isPartOf":{"@id":"https:\/\/rexel.conversal.io\/fr\/#website"},"primaryImageOfPage":{"@id":"https:\/\/rexel.conversal.io\/fr\/configurateurs\/flex\/#primaryimage"},"image":{"@id":"https:\/\/rexel.conversal.io\/fr\/configurateurs\/flex\/#primaryimage"},"thumbnailUrl":"https:\/\/rexel.conversal.io\/wp-content\/uploads\/2026\/01\/FIGIBEL-configurator-laptop-NL-1024x674.jpg","datePublished":"2026-01-07T10:21:29+00:00","dateModified":"2026-01-20T14:05:07+00:00","description":"D\u00e9couvrez le configurateur flex : configuration de produits et devis rapides et faciles pour les professionnels de l'installation.","breadcrumb":{"@id":"https:\/\/rexel.conversal.io\/fr\/configurateurs\/flex\/#breadcrumb"},"inLanguage":"fr-FR","potentialAction":[{"@type":"ReadAction","target":["https:\/\/rexel.conversal.io\/fr\/configurateurs\/flex\/"]}]},{"@type":"ImageObject","inLanguage":"fr-FR","@id":"https:\/\/rexel.conversal.io\/fr\/configurateurs\/flex\/#primaryimage","url":"https:\/\/rexel.conversal.io\/wp-content\/uploads\/2026\/01\/FIGIBEL-configurator-laptop-NL-1024x674.jpg","contentUrl":"https:\/\/rexel.conversal.io\/wp-content\/uploads\/2026\/01\/FIGIBEL-configurator-laptop-NL-1024x674.jpg"},{"@type":"BreadcrumbList","@id":"https:\/\/rexel.conversal.io\/fr\/configurateurs\/flex\/#breadcrumb","itemListElement":[{"@type":"ListItem","position":1,"name":"Home","item":"https:\/\/rexel.conversal.io\/fr\/"},{"@type":"ListItem","position":2,"name":"Configurateurs","item":"https:\/\/rexel.conversal.io\/fr\/configurateurs\/"},{"@type":"ListItem","position":3,"name":"Flex"}]},{"@type":"WebSite","@id":"https:\/\/rexel.conversal.io\/fr\/#website","url":"https:\/\/rexel.conversal.io\/fr\/","name":"Rexel","description":"","potentialAction":[{"@type":"SearchAction","target":{"@type":"EntryPoint","urlTemplate":"https:\/\/rexel.conversal.io\/fr\/?s={search_term_string}"},"query-input":{"@type":"PropertyValueSpecification","valueRequired":true,"valueName":"search_term_string"}}],"inLanguage":"fr-FR"}]}},"_links":{"self":[{"href":"https:\/\/rexel.conversal.io\/fr\/wp-json\/wp\/v2\/pages\/3345","targetHints":{"allow":["GET"]}}],"collection":[{"href":"https:\/\/rexel.conversal.io\/fr\/wp-json\/wp\/v2\/pages"}],"about":[{"href":"https:\/\/rexel.conversal.io\/fr\/wp-json\/wp\/v2\/types\/page"}],"author":[{"embeddable":true,"href":"https:\/\/rexel.conversal.io\/fr\/wp-json\/wp\/v2\/users\/3"}],"replies":[{"embeddable":true,"href":"https:\/\/rexel.conversal.io\/fr\/wp-json\/wp\/v2\/comments?post=3345"}],"version-history":[{"count":3,"href":"https:\/\/rexel.conversal.io\/fr\/wp-json\/wp\/v2\/pages\/3345\/revisions"}],"predecessor-version":[{"id":3760,"href":"https:\/\/rexel.conversal.io\/fr\/wp-json\/wp\/v2\/pages\/3345\/revisions\/3760"}],"up":[{"embeddable":true,"href":"https:\/\/rexel.conversal.io\/fr\/wp-json\/wp\/v2\/pages\/3320"}],"wp:attachment":[{"href":"https:\/\/rexel.conversal.io\/fr\/wp-json\/wp\/v2\/media?parent=3345"}],"curies":[{"name":"wp","href":"https:\/\/api.w.org\/{rel}","templated":true}]}}