{"id":4226,"date":"2026-01-27T08:38:08","date_gmt":"2026-01-27T07:38:08","guid":{"rendered":"https:\/\/rexel.conversal.io\/?page_id=4226"},"modified":"2026-02-02T17:59:21","modified_gmt":"2026-02-02T16:59:21","slug":"sinamics-variateurs-de-frequence","status":"publish","type":"page","link":"https:\/\/rexel.conversal.io\/fr\/siemens\/automatisation-industrielle-entrainements\/sinamics-variateurs-de-frequence\/","title":{"rendered":"SINAMICS Variateurs de fr\u00e9quence"},"content":{"rendered":"\n<div class=\"wp-block-cover alignfull has-custom-content-position is-position-bottom-left has-white-color has-text-color has-link-color wp-elements-49139326fefdd8d4bce301c853a8c57c\" style=\"border-bottom-left-radius:80px;border-bottom-right-radius:80px;padding-bottom:var(--wp--preset--spacing--120-60);min-height:560px;aspect-ratio:unset;\"><img loading=\"lazy\" decoding=\"async\" width=\"1440\" height=\"1080\" class=\"wp-block-cover__image-background wp-image-2891 size-full\" alt=\"\" src=\"https:\/\/rexel.conversal.io\/wp-content\/uploads\/2025\/12\/Siemens-SINAMICS-Frequentieomvormers.png\" data-object-fit=\"cover\" srcset=\"https:\/\/rexel.conversal.io\/wp-content\/uploads\/2025\/12\/Siemens-SINAMICS-Frequentieomvormers.png 1440w, https:\/\/rexel.conversal.io\/wp-content\/uploads\/2025\/12\/Siemens-SINAMICS-Frequentieomvormers-300x225.png 300w, https:\/\/rexel.conversal.io\/wp-content\/uploads\/2025\/12\/Siemens-SINAMICS-Frequentieomvormers-1024x768.png 1024w, https:\/\/rexel.conversal.io\/wp-content\/uploads\/2025\/12\/Siemens-SINAMICS-Frequentieomvormers-768x576.png 768w\" sizes=\"auto, (max-width: 1440px) 100vw, 1440px\" \/><span aria-hidden=\"true\" class=\"wp-block-cover__background has-black-background-color has-background-dim-30 has-background-dim\"><\/span><div class=\"wp-block-cover__inner-container has-global-padding is-layout-constrained wp-container-core-cover-is-layout-2b988179 wp-block-cover-is-layout-constrained\"><h1 class=\"has-link-color wp-elements-88f0857fdc8bad98dfdc5c16977574b2 wp-block-post-title has-text-color has-white-color\">SINAMICS Variateurs de fr\u00e9quence<\/h1>\n\n<div class=\"yoast-breadcrumbs\"><span><span><a href=\"https:\/\/rexel.conversal.io\/fr\/\">Home<\/a><\/span> <span class=\"sep\"><\/span> <span><a href=\"https:\/\/rexel.conversal.io\/fr\/siemens\/\">Siemens<\/a><\/span> <span class=\"sep\"><\/span> <span><a href=\"https:\/\/rexel.conversal.io\/fr\/siemens\/automatisation-industrielle-entrainements\/\">Automatisation industrielle &#038; entra\u00eenements<\/a><\/span> <span class=\"sep\"><\/span> <span class=\"breadcrumb_last\" aria-current=\"page\">SINAMICS Variateurs de fr\u00e9quence<\/span><\/span><\/div><\/div><\/div>\n\n\n\n<div class=\"wp-block-columns is-layout-flex wp-container-core-columns-is-layout-c5deefbf wp-block-columns-is-layout-flex\" style=\"padding-top:var(--wp--preset--spacing--60-40);padding-bottom:var(--wp--preset--spacing--60-40)\">\n<div class=\"wp-block-column is-layout-flow wp-block-column-is-layout-flow\">\n<figure class=\"wp-block-image size-large has-custom-border\"><img loading=\"lazy\" decoding=\"async\" width=\"1024\" height=\"717\" src=\"https:\/\/rexel.conversal.io\/wp-content\/uploads\/2026\/01\/SINAMICS-V20-1024x717.jpg\" alt=\"\" class=\"wp-image-4230\" style=\"border-top-left-radius:20px;border-top-right-radius:20px;border-bottom-left-radius:20px;border-bottom-right-radius:20px\" srcset=\"https:\/\/rexel.conversal.io\/wp-content\/uploads\/2026\/01\/SINAMICS-V20-1024x717.jpg 1024w, https:\/\/rexel.conversal.io\/wp-content\/uploads\/2026\/01\/SINAMICS-V20-300x210.jpg 300w, https:\/\/rexel.conversal.io\/wp-content\/uploads\/2026\/01\/SINAMICS-V20-768x538.jpg 768w, https:\/\/rexel.conversal.io\/wp-content\/uploads\/2026\/01\/SINAMICS-V20-1536x1076.jpg 1536w, https:\/\/rexel.conversal.io\/wp-content\/uploads\/2026\/01\/SINAMICS-V20-2048x1435.jpg 2048w\" sizes=\"auto, (max-width: 1024px) 100vw, 1024px\" \/><\/figure>\n\n\n\n<h3 class=\"wp-block-heading\">SINAMICS V20<\/h3>\n\n\n\n<p><strong>Variateur de fr\u00e9quence compact<\/strong><\/p>\n\n\n\n<p>Le SINAMICS V20 compact est le variateur de fr\u00e9quence pour les t\u00e2ches d\u2019entra\u00eenement simples.<\/p>\n\n\n\n<p>Le variateur se caract\u00e9rise par une mise en service courte, un fonctionnement simple et des fonctions d\u2019\u00e9conomie d\u2019\u00e9nergie<\/p>\n\n\n\n<div class=\"wp-block-buttons is-layout-flex wp-block-buttons-is-layout-flex\">\n<div class=\"wp-block-button\"><a class=\"wp-block-button__link wp-element-button\" href=\"https:\/\/netstore.rexel.be\/NS\/Start?dm&amp;language=FR&amp;action=rd&amp;to=is&amp;var1=sinamics%20v20\" target=\"_blank\" rel=\"noreferrer noopener\">D\u00e9couvrez-le sur Netstore<\/a><\/div>\n<\/div>\n<\/div>\n\n\n\n<div class=\"wp-block-column is-layout-flow wp-block-column-is-layout-flow\">\n<figure class=\"wp-block-image size-large has-custom-border\"><img loading=\"lazy\" decoding=\"async\" width=\"1024\" height=\"717\" src=\"https:\/\/rexel.conversal.io\/wp-content\/uploads\/2026\/01\/SINAMICS-V90-1024x717.jpg\" alt=\"\" class=\"wp-image-4231\" style=\"border-top-left-radius:20px;border-top-right-radius:20px;border-bottom-left-radius:20px;border-bottom-right-radius:20px\" srcset=\"https:\/\/rexel.conversal.io\/wp-content\/uploads\/2026\/01\/SINAMICS-V90-1024x717.jpg 1024w, https:\/\/rexel.conversal.io\/wp-content\/uploads\/2026\/01\/SINAMICS-V90-300x210.jpg 300w, https:\/\/rexel.conversal.io\/wp-content\/uploads\/2026\/01\/SINAMICS-V90-768x538.jpg 768w, https:\/\/rexel.conversal.io\/wp-content\/uploads\/2026\/01\/SINAMICS-V90-1536x1076.jpg 1536w, https:\/\/rexel.conversal.io\/wp-content\/uploads\/2026\/01\/SINAMICS-V90-2048x1435.jpg 2048w\" sizes=\"auto, (max-width: 1024px) 100vw, 1024px\" \/><\/figure>\n\n\n\n<h3 class=\"wp-block-heading\">SINAMICS V90<\/h3>\n\n\n\n<p><strong>Servovariateur<\/strong><\/p>\n\n\n\n<p>Le servovariateur SINAMICS V90 et le servomoteur SIMOTICS S-1FL6 forment un syst\u00e8me d\u2019entra\u00eenement servo qui couvre une plage de puissance de 0,05 \u00e0 7,0 kW convenant \u00e0 une utilisation sur les r\u00e9seaux monophas\u00e9s et triphas\u00e9s<\/p>\n\n\n\n<div class=\"wp-block-buttons is-layout-flex wp-block-buttons-is-layout-flex\">\n<div class=\"wp-block-button\"><a class=\"wp-block-button__link wp-element-button\" href=\"https:\/\/netstore.rexel.be\/NS\/Start?dm&amp;language=FR&amp;action=rd&amp;to=is&amp;var1=sinamics%20v90\" target=\"_blank\" rel=\"noreferrer noopener\">D\u00e9couvrez-le sur Netstore<\/a><\/div>\n<\/div>\n<\/div>\n\n\n\n<div class=\"wp-block-column is-layout-flow wp-block-column-is-layout-flow\">\n<figure class=\"wp-block-image size-large has-custom-border\"><img loading=\"lazy\" decoding=\"async\" width=\"1024\" height=\"717\" src=\"https:\/\/rexel.conversal.io\/wp-content\/uploads\/2026\/01\/SINAMICS-G120-1024x717.jpg\" alt=\"\" class=\"wp-image-4228\" style=\"border-top-left-radius:20px;border-top-right-radius:20px;border-bottom-left-radius:20px;border-bottom-right-radius:20px\" srcset=\"https:\/\/rexel.conversal.io\/wp-content\/uploads\/2026\/01\/SINAMICS-G120-1024x717.jpg 1024w, https:\/\/rexel.conversal.io\/wp-content\/uploads\/2026\/01\/SINAMICS-G120-300x210.jpg 300w, https:\/\/rexel.conversal.io\/wp-content\/uploads\/2026\/01\/SINAMICS-G120-768x538.jpg 768w, https:\/\/rexel.conversal.io\/wp-content\/uploads\/2026\/01\/SINAMICS-G120-1536x1076.jpg 1536w, https:\/\/rexel.conversal.io\/wp-content\/uploads\/2026\/01\/SINAMICS-G120-2048x1435.jpg 2048w\" sizes=\"auto, (max-width: 1024px) 100vw, 1024px\" \/><\/figure>\n\n\n\n<h3 class=\"wp-block-heading\">SINAMICS G120<\/h3>\n\n\n\n<p><strong>Variateur modulaire<\/strong><\/p>\n\n\n\n<p>Le SINAMICS G120 est un variateur modulaire qui r\u00e9pond aux exigences les plus vari\u00e9es.<\/p>\n\n\n\n<p>La structure modulaire des composants et la large plage de puissance \u2013 de 0,55 \u00e0 240 kW \u2013 vous permettent de r\u00e9aliser le variateur id\u00e9al pour toutes vos applications.<\/p>\n\n\n\n<div class=\"wp-block-buttons is-layout-flex wp-block-buttons-is-layout-flex\">\n<div class=\"wp-block-button\"><a class=\"wp-block-button__link wp-element-button\" href=\"https:\/\/netstore.rexel.be\/NS\/Start?dm&amp;language=FR&amp;action=rd&amp;to=is&amp;var1=sinamics%20g120\" target=\"_blank\" rel=\"noreferrer noopener\">D\u00e9couvrez-le sur Netstore<\/a><\/div>\n<\/div>\n<\/div>\n<\/div>\n\n\n\n<div class=\"wp-block-columns is-layout-flex wp-container-core-columns-is-layout-c5deefbf wp-block-columns-is-layout-flex\" style=\"padding-top:var(--wp--preset--spacing--60-40);padding-bottom:var(--wp--preset--spacing--60-40)\">\n<div class=\"wp-block-column is-layout-flow wp-block-column-is-layout-flow\">\n<figure class=\"wp-block-image size-large has-custom-border\"><img loading=\"lazy\" decoding=\"async\" width=\"1024\" height=\"717\" src=\"https:\/\/rexel.conversal.io\/wp-content\/uploads\/2026\/01\/SINAMICS-G120C-1024x717.jpg\" alt=\"\" class=\"wp-image-4229\" style=\"border-top-left-radius:20px;border-top-right-radius:20px;border-bottom-left-radius:20px;border-bottom-right-radius:20px\" srcset=\"https:\/\/rexel.conversal.io\/wp-content\/uploads\/2026\/01\/SINAMICS-G120C-1024x717.jpg 1024w, https:\/\/rexel.conversal.io\/wp-content\/uploads\/2026\/01\/SINAMICS-G120C-300x210.jpg 300w, https:\/\/rexel.conversal.io\/wp-content\/uploads\/2026\/01\/SINAMICS-G120C-768x538.jpg 768w, https:\/\/rexel.conversal.io\/wp-content\/uploads\/2026\/01\/SINAMICS-G120C-1536x1076.jpg 1536w, https:\/\/rexel.conversal.io\/wp-content\/uploads\/2026\/01\/SINAMICS-G120C-2048x1435.jpg 2048w\" sizes=\"auto, (max-width: 1024px) 100vw, 1024px\" \/><\/figure>\n\n\n\n<h3 class=\"wp-block-heading\">SINAMICS G120C<\/h3>\n\n\n\n<p><strong>Variateur polyvalent<\/strong><\/p>\n\n\n\n<p>Le variateur de fr\u00e9quence SINAMICS G120C polyvalent combine une conception extr\u00eamement compacte avec une fonction de s\u00e9curit\u00e9 int\u00e9gr\u00e9e et une large gamme de fonctions pour diverses applications.<\/p>\n\n\n\n<div class=\"wp-block-buttons is-layout-flex wp-block-buttons-is-layout-flex\">\n<div class=\"wp-block-button\"><a class=\"wp-block-button__link wp-element-button\" href=\"https:\/\/netstore.rexel.be\/NS\/Start?dm&amp;language=FR&amp;action=rd&amp;to=is&amp;var1=sinamics%20g120c\" target=\"_blank\" rel=\"noreferrer noopener\">D\u00e9couvrez-le sur Netstore<\/a><\/div>\n<\/div>\n<\/div>\n\n\n\n<div class=\"wp-block-column is-layout-flow wp-block-column-is-layout-flow\">\n<figure class=\"wp-block-image size-full has-custom-border\"><img loading=\"lazy\" decoding=\"async\" width=\"2160\" height=\"1513\" src=\"https:\/\/rexel.conversal.io\/wp-content\/uploads\/2026\/01\/SINAMICS-G120X.png\" alt=\"\" class=\"wp-image-4233\" style=\"border-top-left-radius:20px;border-top-right-radius:20px;border-bottom-left-radius:20px;border-bottom-right-radius:20px\" srcset=\"https:\/\/rexel.conversal.io\/wp-content\/uploads\/2026\/01\/SINAMICS-G120X.png 2160w, https:\/\/rexel.conversal.io\/wp-content\/uploads\/2026\/01\/SINAMICS-G120X-300x210.png 300w, https:\/\/rexel.conversal.io\/wp-content\/uploads\/2026\/01\/SINAMICS-G120X-1024x717.png 1024w, https:\/\/rexel.conversal.io\/wp-content\/uploads\/2026\/01\/SINAMICS-G120X-768x538.png 768w, https:\/\/rexel.conversal.io\/wp-content\/uploads\/2026\/01\/SINAMICS-G120X-1536x1076.png 1536w, https:\/\/rexel.conversal.io\/wp-content\/uploads\/2026\/01\/SINAMICS-G120X-2048x1435.png 2048w\" sizes=\"auto, (max-width: 2160px) 100vw, 2160px\" \/><\/figure>\n\n\n\n<h3 class=\"wp-block-heading\"><strong>SINAMICS G120X<\/strong><\/h3>\n\n\n\n<p><strong>Le sp\u00e9cialiste pour les pompes et ventilateurs<\/strong><\/p>\n\n\n\n<p>La nouvelle gamme de variateurs SINAMICS G120X a \u00e9t\u00e9 sp\u00e9cialement con\u00e7ue pour les applications de pompes et ventilateurs dans les secteurs de l\u2019eau \/ des eaux us\u00e9es, de l\u2019infrastructure ainsi que dans l\u2019environnement industriel. <\/p>\n\n\n\n<p>Avec une plage de puissances de 0,75 \u00e0 630 kW, les variateurs SINAMICS G120X peuvent \u00eatre exploit\u00e9s avec tout type de moteur, et plus sp\u00e9cifiquement avec les moteurs synchrones \u00e0 r\u00e9luctance de Siemens.<\/p>\n\n\n\n<p><a href=\"https:\/\/netstore.rexel.be\/NS\/Start?dm&amp;language=FR&amp;action=rd&amp;to=is&amp;var1=sinamics%20g120x\" target=\"_blank\" rel=\"noreferrer noopener\"><\/a><\/p>\n\n\n\n<div class=\"wp-block-buttons is-layout-flex wp-block-buttons-is-layout-flex\">\n<div class=\"wp-block-button\"><a class=\"wp-block-button__link wp-element-button\" href=\"https:\/\/netstore.rexel.be\/NS\/Start?dm&amp;language=FR&amp;action=rd&amp;to=is&amp;var1=sinamics%20g120x\" target=\"_blank\" rel=\"noreferrer noopener\">D\u00e9couvrez-le sur Netstore<\/a><\/div>\n<\/div>\n<\/div>\n<\/div>\n\n\n\n<p><\/p>\n","protected":false},"excerpt":{"rendered":"<p>SINAMICS V20 Variateur de fr\u00e9quence compact Le SINAMICS V20 compact est le variateur de fr\u00e9quence pour les t\u00e2ches d\u2019entra\u00eenement simples. Le variateur se caract\u00e9rise par une mise en service courte, un fonctionnement simple et des fonctions d\u2019\u00e9conomie d\u2019\u00e9nergie SINAMICS V90 Servovariateur Le servovariateur SINAMICS V90 et le servomoteur SIMOTICS S-1FL6 forment un syst\u00e8me d\u2019entra\u00eenement servo [&hellip;]<\/p>\n","protected":false},"author":3,"featured_media":0,"parent":2887,"menu_order":0,"comment_status":"closed","ping_status":"closed","template":"","meta":{"_acf_changed":false,"inline_featured_image":false,"footnotes":"","_links_to":"","_links_to_target":""},"class_list":["post-4226","page","type-page","status-publish","hentry"],"acf":[],"yoast_head":"<!-- This site is optimized with the Yoast SEO plugin v26.9 - https:\/\/yoast.com\/product\/yoast-seo-wordpress\/ -->\n<title>SINAMICS Variateurs de fr\u00e9quence - Rexel Belgium<\/title>\n<meta name=\"description\" content=\"La s\u00e9rie G peut \u00eatre facilement int\u00e9gr\u00e9e au portail TIA afin de former, avec un automate programmable SIMATIC, un ensemble parfaitement int\u00e9gr\u00e9.\" \/>\n<meta name=\"robots\" content=\"noindex, follow, max-snippet:-1, max-image-preview:large, max-video-preview:-1\" \/>\n<meta property=\"og:locale\" content=\"fr_FR\" \/>\n<meta property=\"og:type\" content=\"article\" \/>\n<meta property=\"og:title\" content=\"SINAMICS Variateurs de fr\u00e9quence - Rexel Belgium\" \/>\n<meta property=\"og:description\" content=\"La s\u00e9rie G peut \u00eatre facilement int\u00e9gr\u00e9e au portail TIA afin de former, avec un automate programmable SIMATIC, un ensemble parfaitement int\u00e9gr\u00e9.\" \/>\n<meta property=\"og:url\" content=\"https:\/\/rexel.conversal.io\/fr\/siemens\/automatisation-industrielle-entrainements\/sinamics-variateurs-de-frequence\/\" \/>\n<meta property=\"og:site_name\" content=\"Rexel\" \/>\n<meta property=\"article:modified_time\" content=\"2026-02-02T16:59:21+00:00\" \/>\n<meta property=\"og:image\" content=\"https:\/\/rexel.conversal.io\/wp-content\/uploads\/2025\/12\/Siemens-SINAMICS-Frequentieomvormers.png\" \/>\n\t<meta property=\"og:image:width\" content=\"1440\" \/>\n\t<meta property=\"og:image:height\" content=\"1080\" \/>\n\t<meta property=\"og:image:type\" content=\"image\/png\" \/>\n<meta name=\"twitter:card\" content=\"summary_large_image\" \/>\n<meta name=\"twitter:label1\" content=\"Dur\u00e9e de lecture estim\u00e9e\" \/>\n\t<meta name=\"twitter:data1\" content=\"3 minutes\" \/>\n<script type=\"application\/ld+json\" class=\"yoast-schema-graph\">{\"@context\":\"https:\/\/schema.org\",\"@graph\":[{\"@type\":\"WebPage\",\"@id\":\"https:\/\/rexel.conversal.io\/fr\/siemens\/automatisation-industrielle-entrainements\/sinamics-variateurs-de-frequence\/\",\"url\":\"https:\/\/rexel.conversal.io\/fr\/siemens\/automatisation-industrielle-entrainements\/sinamics-variateurs-de-frequence\/\",\"name\":\"SINAMICS Variateurs de fr\u00e9quence - Rexel Belgium\",\"isPartOf\":{\"@id\":\"https:\/\/rexel.conversal.io\/fr\/#website\"},\"primaryImageOfPage\":{\"@id\":\"https:\/\/rexel.conversal.io\/fr\/siemens\/automatisation-industrielle-entrainements\/sinamics-variateurs-de-frequence\/#primaryimage\"},\"image\":{\"@id\":\"https:\/\/rexel.conversal.io\/fr\/siemens\/automatisation-industrielle-entrainements\/sinamics-variateurs-de-frequence\/#primaryimage\"},\"thumbnailUrl\":\"https:\/\/rexel.conversal.io\/wp-content\/uploads\/2025\/12\/Siemens-SINAMICS-Frequentieomvormers.png\",\"datePublished\":\"2026-01-27T07:38:08+00:00\",\"dateModified\":\"2026-02-02T16:59:21+00:00\",\"description\":\"La s\u00e9rie G peut \u00eatre facilement int\u00e9gr\u00e9e au portail TIA afin de former, avec un automate programmable SIMATIC, un ensemble parfaitement int\u00e9gr\u00e9.\",\"breadcrumb\":{\"@id\":\"https:\/\/rexel.conversal.io\/fr\/siemens\/automatisation-industrielle-entrainements\/sinamics-variateurs-de-frequence\/#breadcrumb\"},\"inLanguage\":\"fr-FR\",\"potentialAction\":[{\"@type\":\"ReadAction\",\"target\":[\"https:\/\/rexel.conversal.io\/fr\/siemens\/automatisation-industrielle-entrainements\/sinamics-variateurs-de-frequence\/\"]}]},{\"@type\":\"ImageObject\",\"inLanguage\":\"fr-FR\",\"@id\":\"https:\/\/rexel.conversal.io\/fr\/siemens\/automatisation-industrielle-entrainements\/sinamics-variateurs-de-frequence\/#primaryimage\",\"url\":\"https:\/\/rexel.conversal.io\/wp-content\/uploads\/2025\/12\/Siemens-SINAMICS-Frequentieomvormers.png\",\"contentUrl\":\"https:\/\/rexel.conversal.io\/wp-content\/uploads\/2025\/12\/Siemens-SINAMICS-Frequentieomvormers.png\"},{\"@type\":\"BreadcrumbList\",\"@id\":\"https:\/\/rexel.conversal.io\/fr\/siemens\/automatisation-industrielle-entrainements\/sinamics-variateurs-de-frequence\/#breadcrumb\",\"itemListElement\":[{\"@type\":\"ListItem\",\"position\":1,\"name\":\"Home\",\"item\":\"https:\/\/rexel.conversal.io\/fr\/\"},{\"@type\":\"ListItem\",\"position\":2,\"name\":\"Siemens\",\"item\":\"https:\/\/rexel.conversal.io\/fr\/siemens\/\"},{\"@type\":\"ListItem\",\"position\":3,\"name\":\"Automatisation industrielle &#038; entra\u00eenements\",\"item\":\"https:\/\/rexel.conversal.io\/fr\/siemens\/automatisation-industrielle-entrainements\/\"},{\"@type\":\"ListItem\",\"position\":4,\"name\":\"SINAMICS Variateurs de fr\u00e9quence\"}]},{\"@type\":\"WebSite\",\"@id\":\"https:\/\/rexel.conversal.io\/fr\/#website\",\"url\":\"https:\/\/rexel.conversal.io\/fr\/\",\"name\":\"Rexel\",\"description\":\"\",\"potentialAction\":[{\"@type\":\"SearchAction\",\"target\":{\"@type\":\"EntryPoint\",\"urlTemplate\":\"https:\/\/rexel.conversal.io\/fr\/?s={search_term_string}\"},\"query-input\":{\"@type\":\"PropertyValueSpecification\",\"valueRequired\":true,\"valueName\":\"search_term_string\"}}],\"inLanguage\":\"fr-FR\"}]}<\/script>\n<!-- \/ Yoast SEO plugin. -->","yoast_head_json":{"title":"SINAMICS Variateurs de fr\u00e9quence - Rexel Belgium","description":"La s\u00e9rie G peut \u00eatre facilement int\u00e9gr\u00e9e au portail TIA afin de former, avec un automate programmable SIMATIC, un ensemble parfaitement int\u00e9gr\u00e9.","robots":{"index":"noindex","follow":"follow","max-snippet":"max-snippet:-1","max-image-preview":"max-image-preview:large","max-video-preview":"max-video-preview:-1"},"og_locale":"fr_FR","og_type":"article","og_title":"SINAMICS Variateurs de fr\u00e9quence - Rexel Belgium","og_description":"La s\u00e9rie G peut \u00eatre facilement int\u00e9gr\u00e9e au portail TIA afin de former, avec un automate programmable SIMATIC, un ensemble parfaitement int\u00e9gr\u00e9.","og_url":"https:\/\/rexel.conversal.io\/fr\/siemens\/automatisation-industrielle-entrainements\/sinamics-variateurs-de-frequence\/","og_site_name":"Rexel","article_modified_time":"2026-02-02T16:59:21+00:00","og_image":[{"width":1440,"height":1080,"url":"https:\/\/rexel.conversal.io\/wp-content\/uploads\/2025\/12\/Siemens-SINAMICS-Frequentieomvormers.png","type":"image\/png"}],"twitter_card":"summary_large_image","twitter_misc":{"Dur\u00e9e de lecture estim\u00e9e":"3 minutes"},"schema":{"@context":"https:\/\/schema.org","@graph":[{"@type":"WebPage","@id":"https:\/\/rexel.conversal.io\/fr\/siemens\/automatisation-industrielle-entrainements\/sinamics-variateurs-de-frequence\/","url":"https:\/\/rexel.conversal.io\/fr\/siemens\/automatisation-industrielle-entrainements\/sinamics-variateurs-de-frequence\/","name":"SINAMICS Variateurs de fr\u00e9quence - Rexel Belgium","isPartOf":{"@id":"https:\/\/rexel.conversal.io\/fr\/#website"},"primaryImageOfPage":{"@id":"https:\/\/rexel.conversal.io\/fr\/siemens\/automatisation-industrielle-entrainements\/sinamics-variateurs-de-frequence\/#primaryimage"},"image":{"@id":"https:\/\/rexel.conversal.io\/fr\/siemens\/automatisation-industrielle-entrainements\/sinamics-variateurs-de-frequence\/#primaryimage"},"thumbnailUrl":"https:\/\/rexel.conversal.io\/wp-content\/uploads\/2025\/12\/Siemens-SINAMICS-Frequentieomvormers.png","datePublished":"2026-01-27T07:38:08+00:00","dateModified":"2026-02-02T16:59:21+00:00","description":"La s\u00e9rie G peut \u00eatre facilement int\u00e9gr\u00e9e au portail TIA afin de former, avec un automate programmable SIMATIC, un ensemble parfaitement int\u00e9gr\u00e9.","breadcrumb":{"@id":"https:\/\/rexel.conversal.io\/fr\/siemens\/automatisation-industrielle-entrainements\/sinamics-variateurs-de-frequence\/#breadcrumb"},"inLanguage":"fr-FR","potentialAction":[{"@type":"ReadAction","target":["https:\/\/rexel.conversal.io\/fr\/siemens\/automatisation-industrielle-entrainements\/sinamics-variateurs-de-frequence\/"]}]},{"@type":"ImageObject","inLanguage":"fr-FR","@id":"https:\/\/rexel.conversal.io\/fr\/siemens\/automatisation-industrielle-entrainements\/sinamics-variateurs-de-frequence\/#primaryimage","url":"https:\/\/rexel.conversal.io\/wp-content\/uploads\/2025\/12\/Siemens-SINAMICS-Frequentieomvormers.png","contentUrl":"https:\/\/rexel.conversal.io\/wp-content\/uploads\/2025\/12\/Siemens-SINAMICS-Frequentieomvormers.png"},{"@type":"BreadcrumbList","@id":"https:\/\/rexel.conversal.io\/fr\/siemens\/automatisation-industrielle-entrainements\/sinamics-variateurs-de-frequence\/#breadcrumb","itemListElement":[{"@type":"ListItem","position":1,"name":"Home","item":"https:\/\/rexel.conversal.io\/fr\/"},{"@type":"ListItem","position":2,"name":"Siemens","item":"https:\/\/rexel.conversal.io\/fr\/siemens\/"},{"@type":"ListItem","position":3,"name":"Automatisation industrielle &#038; entra\u00eenements","item":"https:\/\/rexel.conversal.io\/fr\/siemens\/automatisation-industrielle-entrainements\/"},{"@type":"ListItem","position":4,"name":"SINAMICS Variateurs de fr\u00e9quence"}]},{"@type":"WebSite","@id":"https:\/\/rexel.conversal.io\/fr\/#website","url":"https:\/\/rexel.conversal.io\/fr\/","name":"Rexel","description":"","potentialAction":[{"@type":"SearchAction","target":{"@type":"EntryPoint","urlTemplate":"https:\/\/rexel.conversal.io\/fr\/?s={search_term_string}"},"query-input":{"@type":"PropertyValueSpecification","valueRequired":true,"valueName":"search_term_string"}}],"inLanguage":"fr-FR"}]}},"_links":{"self":[{"href":"https:\/\/rexel.conversal.io\/fr\/wp-json\/wp\/v2\/pages\/4226","targetHints":{"allow":["GET"]}}],"collection":[{"href":"https:\/\/rexel.conversal.io\/fr\/wp-json\/wp\/v2\/pages"}],"about":[{"href":"https:\/\/rexel.conversal.io\/fr\/wp-json\/wp\/v2\/types\/page"}],"author":[{"embeddable":true,"href":"https:\/\/rexel.conversal.io\/fr\/wp-json\/wp\/v2\/users\/3"}],"replies":[{"embeddable":true,"href":"https:\/\/rexel.conversal.io\/fr\/wp-json\/wp\/v2\/comments?post=4226"}],"version-history":[{"count":3,"href":"https:\/\/rexel.conversal.io\/fr\/wp-json\/wp\/v2\/pages\/4226\/revisions"}],"predecessor-version":[{"id":5527,"href":"https:\/\/rexel.conversal.io\/fr\/wp-json\/wp\/v2\/pages\/4226\/revisions\/5527"}],"up":[{"embeddable":true,"href":"https:\/\/rexel.conversal.io\/fr\/wp-json\/wp\/v2\/pages\/2887"}],"wp:attachment":[{"href":"https:\/\/rexel.conversal.io\/fr\/wp-json\/wp\/v2\/media?parent=4226"}],"curies":[{"name":"wp","href":"https:\/\/api.w.org\/{rel}","templated":true}]}}