{"id":4236,"date":"2026-01-27T08:44:39","date_gmt":"2026-01-27T07:44:39","guid":{"rendered":"https:\/\/rexel.conversal.io\/?page_id=4236"},"modified":"2026-02-02T17:50:31","modified_gmt":"2026-02-02T16:50:31","slug":"scalance-composants-de-reseau-pour-la-communication-industrielle","status":"publish","type":"page","link":"https:\/\/rexel.conversal.io\/fr\/siemens\/automatisation-industrielle-entrainements\/scalance-composants-de-reseau-pour-la-communication-industrielle\/","title":{"rendered":"SCALANCE Composants de r\u00e9seau pour la communication industrielle"},"content":{"rendered":"\n<div class=\"wp-block-cover alignfull has-custom-content-position is-position-bottom-left has-white-color has-text-color has-link-color wp-elements-bccd07b1ef48679c38d861149ac360f1\" style=\"border-bottom-left-radius:80px;border-bottom-right-radius:80px;padding-bottom:var(--wp--preset--spacing--120-60);min-height:560px;aspect-ratio:unset;\"><img loading=\"lazy\" decoding=\"async\" width=\"2500\" height=\"1875\" class=\"wp-block-cover__image-background wp-image-2889 size-full\" alt=\"\" src=\"https:\/\/rexel.conversal.io\/wp-content\/uploads\/2025\/12\/Siemens-SCALANCE-netwerkcomponenten-voor-industriele-communicatie.jpeg\" data-object-fit=\"cover\" srcset=\"https:\/\/rexel.conversal.io\/wp-content\/uploads\/2025\/12\/Siemens-SCALANCE-netwerkcomponenten-voor-industriele-communicatie.jpeg 2500w, https:\/\/rexel.conversal.io\/wp-content\/uploads\/2025\/12\/Siemens-SCALANCE-netwerkcomponenten-voor-industriele-communicatie-300x225.jpeg 300w, https:\/\/rexel.conversal.io\/wp-content\/uploads\/2025\/12\/Siemens-SCALANCE-netwerkcomponenten-voor-industriele-communicatie-1024x768.jpeg 1024w, https:\/\/rexel.conversal.io\/wp-content\/uploads\/2025\/12\/Siemens-SCALANCE-netwerkcomponenten-voor-industriele-communicatie-768x576.jpeg 768w, https:\/\/rexel.conversal.io\/wp-content\/uploads\/2025\/12\/Siemens-SCALANCE-netwerkcomponenten-voor-industriele-communicatie-1536x1152.jpeg 1536w, https:\/\/rexel.conversal.io\/wp-content\/uploads\/2025\/12\/Siemens-SCALANCE-netwerkcomponenten-voor-industriele-communicatie-2048x1536.jpeg 2048w\" sizes=\"auto, (max-width: 2500px) 100vw, 2500px\" \/><span aria-hidden=\"true\" class=\"wp-block-cover__background has-black-background-color has-background-dim-30 has-background-dim\"><\/span><div class=\"wp-block-cover__inner-container has-global-padding is-layout-constrained wp-container-core-cover-is-layout-2b988179 wp-block-cover-is-layout-constrained\"><h1 class=\"has-link-color wp-elements-88f0857fdc8bad98dfdc5c16977574b2 wp-block-post-title has-text-color has-white-color\">SCALANCE Composants de r\u00e9seau pour la communication industrielle<\/h1>\n\n<div class=\"yoast-breadcrumbs\"><span><span><a href=\"https:\/\/rexel.conversal.io\/fr\/\">Home<\/a><\/span> <span class=\"sep\"><\/span> <span><a href=\"https:\/\/rexel.conversal.io\/fr\/siemens\/\">Siemens<\/a><\/span> <span class=\"sep\"><\/span> <span><a href=\"https:\/\/rexel.conversal.io\/fr\/siemens\/automatisation-industrielle-entrainements\/\">Automatisation industrielle &#038; entra\u00eenements<\/a><\/span> <span class=\"sep\"><\/span> <span class=\"breadcrumb_last\" aria-current=\"page\">SCALANCE Composants de r\u00e9seau pour la communication industrielle<\/span><\/span><\/div><\/div><\/div>\n\n\n\n<div class=\"wp-block-columns is-layout-flex wp-container-core-columns-is-layout-c5deefbf wp-block-columns-is-layout-flex\" style=\"padding-top:var(--wp--preset--spacing--60-40);padding-bottom:var(--wp--preset--spacing--60-40)\">\n<div class=\"wp-block-column is-layout-flow wp-block-column-is-layout-flow\">\n<figure class=\"wp-block-image size-large has-custom-border\"><img loading=\"lazy\" decoding=\"async\" width=\"1024\" height=\"717\" src=\"https:\/\/rexel.conversal.io\/wp-content\/uploads\/2026\/01\/SCALANCE-X-1024x717.jpg\" alt=\"\" class=\"wp-image-4242\" style=\"border-top-left-radius:20px;border-top-right-radius:20px;border-bottom-left-radius:20px;border-bottom-right-radius:20px\" srcset=\"https:\/\/rexel.conversal.io\/wp-content\/uploads\/2026\/01\/SCALANCE-X-1024x717.jpg 1024w, https:\/\/rexel.conversal.io\/wp-content\/uploads\/2026\/01\/SCALANCE-X-300x210.jpg 300w, https:\/\/rexel.conversal.io\/wp-content\/uploads\/2026\/01\/SCALANCE-X-768x538.jpg 768w, https:\/\/rexel.conversal.io\/wp-content\/uploads\/2026\/01\/SCALANCE-X-1536x1076.jpg 1536w, https:\/\/rexel.conversal.io\/wp-content\/uploads\/2026\/01\/SCALANCE-X-2048x1435.jpg 2048w\" sizes=\"auto, (max-width: 1024px) 100vw, 1024px\" \/><\/figure>\n\n\n\n<h3 class=\"wp-block-heading\">SCALANCE X<\/h3>\n\n\n\n<p><strong>Switch Industriel Ethernet<\/strong><\/p>\n\n\n\n<p>Un large portefeuille de switches Industriels Ethernet, disponibles en diff\u00e9rentes conceptions et classes de performance, permet de trouver des solutions optimales pour tout type de t\u00e2ches de communication, et pas seulement dans les environnements industriels difficiles.<\/p>\n\n\n\n<div class=\"wp-block-buttons is-layout-flex wp-block-buttons-is-layout-flex\">\n<div class=\"wp-block-button\"><a class=\"wp-block-button__link wp-element-button\" href=\"https:\/\/netstore.rexel.be\/NS\/Start?dm&amp;language=FR&amp;action=rd&amp;to=is&amp;var1=scalance%20x\" target=\"_blank\" rel=\"noreferrer noopener\">D\u00e9couvrez-le sur Netstore<\/a><\/div>\n<\/div>\n<\/div>\n\n\n\n<div class=\"wp-block-column is-layout-flow wp-block-column-is-layout-flow\">\n<figure class=\"wp-block-image size-large has-custom-border\"><img loading=\"lazy\" decoding=\"async\" width=\"1024\" height=\"717\" src=\"https:\/\/rexel.conversal.io\/wp-content\/uploads\/2026\/01\/SCALANCE-W-1024x717.jpg\" alt=\"\" class=\"wp-image-4241\" style=\"border-top-left-radius:20px;border-top-right-radius:20px;border-bottom-left-radius:20px;border-bottom-right-radius:20px\" srcset=\"https:\/\/rexel.conversal.io\/wp-content\/uploads\/2026\/01\/SCALANCE-W-1024x717.jpg 1024w, https:\/\/rexel.conversal.io\/wp-content\/uploads\/2026\/01\/SCALANCE-W-300x210.jpg 300w, https:\/\/rexel.conversal.io\/wp-content\/uploads\/2026\/01\/SCALANCE-W-768x538.jpg 768w, https:\/\/rexel.conversal.io\/wp-content\/uploads\/2026\/01\/SCALANCE-W-1536x1076.jpg 1536w, https:\/\/rexel.conversal.io\/wp-content\/uploads\/2026\/01\/SCALANCE-W-2048x1435.jpg 2048w\" sizes=\"auto, (max-width: 1024px) 100vw, 1024px\" \/><\/figure>\n\n\n\n<h3 class=\"wp-block-heading\">SCALANCE W<\/h3>\n\n\n\n<p><strong>LAN industriel sans fil<\/strong><\/p>\n\n\n\n<p>La communication sans fil par LAN industriel sans fil (IWAN) offre une plus grande flexibilit\u00e9 dans la planification du r\u00e9seau, tout en \u00e9tant fiable en termes de s\u00e9curit\u00e9 des personnes et des machines.<\/p>\n\n\n\n<div class=\"wp-block-buttons is-layout-flex wp-block-buttons-is-layout-flex\">\n<div class=\"wp-block-button\"><a class=\"wp-block-button__link wp-element-button\" href=\"https:\/\/netstore.rexel.be\/NS\/Start?dm&amp;language=FR&amp;action=rd&amp;to=is&amp;var1=scalance%20w\" target=\"_blank\" rel=\"noreferrer noopener\">D\u00e9couvrez-le sur Netstore<\/a><\/div>\n<\/div>\n<\/div>\n\n\n\n<div class=\"wp-block-column is-layout-flow wp-block-column-is-layout-flow\">\n<figure class=\"wp-block-image size-large has-custom-border\"><img loading=\"lazy\" decoding=\"async\" width=\"1024\" height=\"717\" src=\"https:\/\/rexel.conversal.io\/wp-content\/uploads\/2026\/01\/SCALANCE-M-1024x717.jpg\" alt=\"\" class=\"wp-image-4239\" style=\"border-top-left-radius:20px;border-top-right-radius:20px;border-bottom-left-radius:20px;border-bottom-right-radius:20px\" srcset=\"https:\/\/rexel.conversal.io\/wp-content\/uploads\/2026\/01\/SCALANCE-M-1024x717.jpg 1024w, https:\/\/rexel.conversal.io\/wp-content\/uploads\/2026\/01\/SCALANCE-M-300x210.jpg 300w, https:\/\/rexel.conversal.io\/wp-content\/uploads\/2026\/01\/SCALANCE-M-768x538.jpg 768w, https:\/\/rexel.conversal.io\/wp-content\/uploads\/2026\/01\/SCALANCE-M-1536x1076.jpg 1536w, https:\/\/rexel.conversal.io\/wp-content\/uploads\/2026\/01\/SCALANCE-M-2048x1435.jpg 2048w\" sizes=\"auto, (max-width: 1024px) 100vw, 1024px\" \/><\/figure>\n\n\n\n<h3 class=\"wp-block-heading\">SCALANCE M<\/h3>\n\n\n\n<p><strong>Routeurs industriels<\/strong><\/p>\n\n\n\n<p>Pour la connexion de machines ou d\u2019installations largement distribu\u00e9es, la vaste gamme de routeurs industriels offre des possibilit\u00e9s de connexion polyvalentes, par t\u00e9l\u00e9phonie mobile sans fil, Internet ou PROFIBUS, selon les besoins.<\/p>\n\n\n\n<div class=\"wp-block-buttons is-layout-flex wp-block-buttons-is-layout-flex\">\n<div class=\"wp-block-button\"><a class=\"wp-block-button__link wp-element-button\" href=\"https:\/\/netstore.rexel.be\/NS\/Start?dm&amp;language=FR&amp;action=rd&amp;to=is&amp;var1=scalance%20m\" target=\"_blank\" rel=\"noreferrer noopener\">D\u00e9couvrez-le sur Netstore<\/a><\/div>\n<\/div>\n<\/div>\n<\/div>\n\n\n\n<div class=\"wp-block-columns is-layout-flex wp-container-core-columns-is-layout-c5deefbf wp-block-columns-is-layout-flex\" style=\"padding-top:var(--wp--preset--spacing--60-40);padding-bottom:var(--wp--preset--spacing--60-40)\">\n<div class=\"wp-block-column is-layout-flow wp-block-column-is-layout-flow\">\n<figure class=\"wp-block-image size-large has-custom-border\"><img loading=\"lazy\" decoding=\"async\" width=\"1024\" height=\"717\" src=\"https:\/\/rexel.conversal.io\/wp-content\/uploads\/2026\/01\/SCALANCE-S-1024x717.jpg\" alt=\"\" class=\"wp-image-4240\" style=\"border-top-left-radius:20px;border-top-right-radius:20px;border-bottom-left-radius:20px;border-bottom-right-radius:20px\" srcset=\"https:\/\/rexel.conversal.io\/wp-content\/uploads\/2026\/01\/SCALANCE-S-1024x717.jpg 1024w, https:\/\/rexel.conversal.io\/wp-content\/uploads\/2026\/01\/SCALANCE-S-300x210.jpg 300w, https:\/\/rexel.conversal.io\/wp-content\/uploads\/2026\/01\/SCALANCE-S-768x538.jpg 768w, https:\/\/rexel.conversal.io\/wp-content\/uploads\/2026\/01\/SCALANCE-S-1536x1076.jpg 1536w, https:\/\/rexel.conversal.io\/wp-content\/uploads\/2026\/01\/SCALANCE-S-2048x1435.jpg 2048w\" sizes=\"auto, (max-width: 1024px) 100vw, 1024px\" \/><\/figure>\n\n\n\n<h3 class=\"wp-block-heading\">SCALANCE S<\/h3>\n\n\n\n<p><strong>Appliances de s\u00e9curit\u00e9 industrielle<\/strong><\/p>\n\n\n\n<p>Le portefeuille d\u2019appliances de s\u00e9curit\u00e9 industrielle propose des solutions de s\u00e9curit\u00e9 sp\u00e9cifiquement con\u00e7ues pour les technologies d\u2019automatisation industrielles et vise \u00e0 \u00e9viter les risques li\u00e9s \u00e0 la cybercriminalit\u00e9.<\/p>\n\n\n\n<div class=\"wp-block-buttons is-layout-flex wp-block-buttons-is-layout-flex\">\n<div class=\"wp-block-button\"><a class=\"wp-block-button__link wp-element-button\" href=\"https:\/\/netstore.rexel.be\/NS\/Start?dm&amp;language=FR&amp;action=rd&amp;to=is&amp;var1=scalance%20s\" target=\"_blank\" rel=\"noreferrer noopener\">D\u00e9couvrez-le sur Netstore<\/a><\/div>\n<\/div>\n<\/div>\n\n\n\n<div class=\"wp-block-column is-layout-flow wp-block-column-is-layout-flow\">\n<figure class=\"wp-block-image size-large has-custom-border\"><img loading=\"lazy\" decoding=\"async\" width=\"1024\" height=\"717\" src=\"https:\/\/rexel.conversal.io\/wp-content\/uploads\/2026\/01\/FastConnect-1024x717.jpg\" alt=\"\" class=\"wp-image-4238\" style=\"border-top-left-radius:20px;border-top-right-radius:20px;border-bottom-left-radius:20px;border-bottom-right-radius:20px\" srcset=\"https:\/\/rexel.conversal.io\/wp-content\/uploads\/2026\/01\/FastConnect-1024x717.jpg 1024w, https:\/\/rexel.conversal.io\/wp-content\/uploads\/2026\/01\/FastConnect-300x210.jpg 300w, https:\/\/rexel.conversal.io\/wp-content\/uploads\/2026\/01\/FastConnect-768x538.jpg 768w, https:\/\/rexel.conversal.io\/wp-content\/uploads\/2026\/01\/FastConnect-1536x1076.jpg 1536w, https:\/\/rexel.conversal.io\/wp-content\/uploads\/2026\/01\/FastConnect-2048x1435.jpg 2048w\" sizes=\"auto, (max-width: 1024px) 100vw, 1024px\" \/><\/figure>\n\n\n\n<h3 class=\"wp-block-heading\">Gamme FastConnect<\/h3>\n\n\n\n<p>Avec FastConnect, vous trouverez toujours la technologie de c\u00e2blage la mieux adapt\u00e9e \u00e0 vos besoins.<\/p>\n\n\n\n<p>Ce syst\u00e8me offre une gamme compl\u00e8te de c\u00e2bles et de connecteurs, notamment pr\u00e9assembl\u00e9s, pour les syst\u00e8mes de connexion M12 et RJ45 dans trois cat\u00e9gories : c\u00e2bles et connecteurs en cuivre, c\u00e2bles en fibre optique et c\u00e2bles d\u2019alimentation.<\/p>\n\n\n\n<div class=\"wp-block-buttons is-layout-flex wp-block-buttons-is-layout-flex\">\n<div class=\"wp-block-button\"><a class=\"wp-block-button__link wp-element-button\" href=\"https:\/\/netstore.rexel.be\/NS\/Start?dm&amp;language=FR&amp;action=rd&amp;to=is&amp;var1=siemens%20fastconnect\" target=\"_blank\" rel=\"noreferrer noopener\">D\u00e9couvrez-le sur Netstore<\/a><\/div>\n<\/div>\n<\/div>\n<\/div>\n","protected":false},"excerpt":{"rendered":"<p>SCALANCE X Switch Industriel Ethernet Un large portefeuille de switches Industriels Ethernet, disponibles en diff\u00e9rentes conceptions et classes de performance, permet de trouver des solutions optimales pour tout type de t\u00e2ches de communication, et pas seulement dans les environnements industriels difficiles. SCALANCE W LAN industriel sans fil La communication sans fil par LAN industriel sans [&hellip;]<\/p>\n","protected":false},"author":3,"featured_media":0,"parent":2887,"menu_order":0,"comment_status":"closed","ping_status":"closed","template":"","meta":{"_acf_changed":false,"inline_featured_image":false,"footnotes":"","_links_to":"","_links_to_target":""},"class_list":["post-4236","page","type-page","status-publish","hentry"],"acf":[],"yoast_head":"<!-- This site is optimized with the Yoast SEO plugin v26.9 - https:\/\/yoast.com\/product\/yoast-seo-wordpress\/ -->\n<title>SCALANCE Composants de r\u00e9seau pour la communication industrielle<\/title>\n<meta name=\"description\" content=\"Les composants Siemens SCALANCE constituent la base des r\u00e9seaux de communication dans l&#039;automatisation de la production et des processus.\" \/>\n<meta name=\"robots\" content=\"noindex, follow, max-snippet:-1, max-image-preview:large, max-video-preview:-1\" \/>\n<meta property=\"og:locale\" content=\"fr_FR\" \/>\n<meta property=\"og:type\" content=\"article\" \/>\n<meta property=\"og:title\" content=\"SCALANCE Composants de r\u00e9seau pour la communication industrielle\" \/>\n<meta property=\"og:description\" content=\"Les composants Siemens SCALANCE constituent la base des r\u00e9seaux de communication dans l&#039;automatisation de la production et des processus.\" \/>\n<meta property=\"og:url\" content=\"https:\/\/rexel.conversal.io\/fr\/siemens\/automatisation-industrielle-entrainements\/scalance-composants-de-reseau-pour-la-communication-industrielle\/\" \/>\n<meta property=\"og:site_name\" content=\"Rexel\" \/>\n<meta property=\"article:modified_time\" content=\"2026-02-02T16:50:31+00:00\" \/>\n<meta property=\"og:image\" content=\"https:\/\/rexel.conversal.io\/wp-content\/uploads\/2025\/12\/Siemens-SCALANCE-netwerkcomponenten-voor-industriele-communicatie-1024x768.jpeg\" \/>\n\t<meta property=\"og:image:width\" content=\"1024\" \/>\n\t<meta property=\"og:image:height\" content=\"768\" \/>\n\t<meta property=\"og:image:type\" content=\"image\/jpeg\" \/>\n<meta name=\"twitter:card\" content=\"summary_large_image\" \/>\n<meta name=\"twitter:label1\" content=\"Dur\u00e9e de lecture estim\u00e9e\" \/>\n\t<meta name=\"twitter:data1\" content=\"3 minutes\" \/>\n<script type=\"application\/ld+json\" class=\"yoast-schema-graph\">{\"@context\":\"https:\/\/schema.org\",\"@graph\":[{\"@type\":\"WebPage\",\"@id\":\"https:\/\/rexel.conversal.io\/fr\/siemens\/automatisation-industrielle-entrainements\/scalance-composants-de-reseau-pour-la-communication-industrielle\/\",\"url\":\"https:\/\/rexel.conversal.io\/fr\/siemens\/automatisation-industrielle-entrainements\/scalance-composants-de-reseau-pour-la-communication-industrielle\/\",\"name\":\"SCALANCE Composants de r\u00e9seau pour la communication industrielle\",\"isPartOf\":{\"@id\":\"https:\/\/rexel.conversal.io\/fr\/#website\"},\"primaryImageOfPage\":{\"@id\":\"https:\/\/rexel.conversal.io\/fr\/siemens\/automatisation-industrielle-entrainements\/scalance-composants-de-reseau-pour-la-communication-industrielle\/#primaryimage\"},\"image\":{\"@id\":\"https:\/\/rexel.conversal.io\/fr\/siemens\/automatisation-industrielle-entrainements\/scalance-composants-de-reseau-pour-la-communication-industrielle\/#primaryimage\"},\"thumbnailUrl\":\"https:\/\/rexel.conversal.io\/wp-content\/uploads\/2025\/12\/Siemens-SCALANCE-netwerkcomponenten-voor-industriele-communicatie.jpeg\",\"datePublished\":\"2026-01-27T07:44:39+00:00\",\"dateModified\":\"2026-02-02T16:50:31+00:00\",\"description\":\"Les composants Siemens SCALANCE constituent la base des r\u00e9seaux de communication dans l'automatisation de la production et des processus.\",\"breadcrumb\":{\"@id\":\"https:\/\/rexel.conversal.io\/fr\/siemens\/automatisation-industrielle-entrainements\/scalance-composants-de-reseau-pour-la-communication-industrielle\/#breadcrumb\"},\"inLanguage\":\"fr-FR\",\"potentialAction\":[{\"@type\":\"ReadAction\",\"target\":[\"https:\/\/rexel.conversal.io\/fr\/siemens\/automatisation-industrielle-entrainements\/scalance-composants-de-reseau-pour-la-communication-industrielle\/\"]}]},{\"@type\":\"ImageObject\",\"inLanguage\":\"fr-FR\",\"@id\":\"https:\/\/rexel.conversal.io\/fr\/siemens\/automatisation-industrielle-entrainements\/scalance-composants-de-reseau-pour-la-communication-industrielle\/#primaryimage\",\"url\":\"https:\/\/rexel.conversal.io\/wp-content\/uploads\/2025\/12\/Siemens-SCALANCE-netwerkcomponenten-voor-industriele-communicatie.jpeg\",\"contentUrl\":\"https:\/\/rexel.conversal.io\/wp-content\/uploads\/2025\/12\/Siemens-SCALANCE-netwerkcomponenten-voor-industriele-communicatie.jpeg\"},{\"@type\":\"BreadcrumbList\",\"@id\":\"https:\/\/rexel.conversal.io\/fr\/siemens\/automatisation-industrielle-entrainements\/scalance-composants-de-reseau-pour-la-communication-industrielle\/#breadcrumb\",\"itemListElement\":[{\"@type\":\"ListItem\",\"position\":1,\"name\":\"Home\",\"item\":\"https:\/\/rexel.conversal.io\/fr\/\"},{\"@type\":\"ListItem\",\"position\":2,\"name\":\"Siemens\",\"item\":\"https:\/\/rexel.conversal.io\/fr\/siemens\/\"},{\"@type\":\"ListItem\",\"position\":3,\"name\":\"Automatisation industrielle &#038; entra\u00eenements\",\"item\":\"https:\/\/rexel.conversal.io\/fr\/siemens\/automatisation-industrielle-entrainements\/\"},{\"@type\":\"ListItem\",\"position\":4,\"name\":\"SCALANCE Composants de r\u00e9seau pour la communication industrielle\"}]},{\"@type\":\"WebSite\",\"@id\":\"https:\/\/rexel.conversal.io\/fr\/#website\",\"url\":\"https:\/\/rexel.conversal.io\/fr\/\",\"name\":\"Rexel\",\"description\":\"\",\"potentialAction\":[{\"@type\":\"SearchAction\",\"target\":{\"@type\":\"EntryPoint\",\"urlTemplate\":\"https:\/\/rexel.conversal.io\/fr\/?s={search_term_string}\"},\"query-input\":{\"@type\":\"PropertyValueSpecification\",\"valueRequired\":true,\"valueName\":\"search_term_string\"}}],\"inLanguage\":\"fr-FR\"}]}<\/script>\n<!-- \/ Yoast SEO plugin. -->","yoast_head_json":{"title":"SCALANCE Composants de r\u00e9seau pour la communication industrielle","description":"Les composants Siemens SCALANCE constituent la base des r\u00e9seaux de communication dans l'automatisation de la production et des processus.","robots":{"index":"noindex","follow":"follow","max-snippet":"max-snippet:-1","max-image-preview":"max-image-preview:large","max-video-preview":"max-video-preview:-1"},"og_locale":"fr_FR","og_type":"article","og_title":"SCALANCE Composants de r\u00e9seau pour la communication industrielle","og_description":"Les composants Siemens SCALANCE constituent la base des r\u00e9seaux de communication dans l'automatisation de la production et des processus.","og_url":"https:\/\/rexel.conversal.io\/fr\/siemens\/automatisation-industrielle-entrainements\/scalance-composants-de-reseau-pour-la-communication-industrielle\/","og_site_name":"Rexel","article_modified_time":"2026-02-02T16:50:31+00:00","og_image":[{"width":1024,"height":768,"url":"https:\/\/rexel.conversal.io\/wp-content\/uploads\/2025\/12\/Siemens-SCALANCE-netwerkcomponenten-voor-industriele-communicatie-1024x768.jpeg","type":"image\/jpeg"}],"twitter_card":"summary_large_image","twitter_misc":{"Dur\u00e9e de lecture estim\u00e9e":"3 minutes"},"schema":{"@context":"https:\/\/schema.org","@graph":[{"@type":"WebPage","@id":"https:\/\/rexel.conversal.io\/fr\/siemens\/automatisation-industrielle-entrainements\/scalance-composants-de-reseau-pour-la-communication-industrielle\/","url":"https:\/\/rexel.conversal.io\/fr\/siemens\/automatisation-industrielle-entrainements\/scalance-composants-de-reseau-pour-la-communication-industrielle\/","name":"SCALANCE Composants de r\u00e9seau pour la communication industrielle","isPartOf":{"@id":"https:\/\/rexel.conversal.io\/fr\/#website"},"primaryImageOfPage":{"@id":"https:\/\/rexel.conversal.io\/fr\/siemens\/automatisation-industrielle-entrainements\/scalance-composants-de-reseau-pour-la-communication-industrielle\/#primaryimage"},"image":{"@id":"https:\/\/rexel.conversal.io\/fr\/siemens\/automatisation-industrielle-entrainements\/scalance-composants-de-reseau-pour-la-communication-industrielle\/#primaryimage"},"thumbnailUrl":"https:\/\/rexel.conversal.io\/wp-content\/uploads\/2025\/12\/Siemens-SCALANCE-netwerkcomponenten-voor-industriele-communicatie.jpeg","datePublished":"2026-01-27T07:44:39+00:00","dateModified":"2026-02-02T16:50:31+00:00","description":"Les composants Siemens SCALANCE constituent la base des r\u00e9seaux de communication dans l'automatisation de la production et des processus.","breadcrumb":{"@id":"https:\/\/rexel.conversal.io\/fr\/siemens\/automatisation-industrielle-entrainements\/scalance-composants-de-reseau-pour-la-communication-industrielle\/#breadcrumb"},"inLanguage":"fr-FR","potentialAction":[{"@type":"ReadAction","target":["https:\/\/rexel.conversal.io\/fr\/siemens\/automatisation-industrielle-entrainements\/scalance-composants-de-reseau-pour-la-communication-industrielle\/"]}]},{"@type":"ImageObject","inLanguage":"fr-FR","@id":"https:\/\/rexel.conversal.io\/fr\/siemens\/automatisation-industrielle-entrainements\/scalance-composants-de-reseau-pour-la-communication-industrielle\/#primaryimage","url":"https:\/\/rexel.conversal.io\/wp-content\/uploads\/2025\/12\/Siemens-SCALANCE-netwerkcomponenten-voor-industriele-communicatie.jpeg","contentUrl":"https:\/\/rexel.conversal.io\/wp-content\/uploads\/2025\/12\/Siemens-SCALANCE-netwerkcomponenten-voor-industriele-communicatie.jpeg"},{"@type":"BreadcrumbList","@id":"https:\/\/rexel.conversal.io\/fr\/siemens\/automatisation-industrielle-entrainements\/scalance-composants-de-reseau-pour-la-communication-industrielle\/#breadcrumb","itemListElement":[{"@type":"ListItem","position":1,"name":"Home","item":"https:\/\/rexel.conversal.io\/fr\/"},{"@type":"ListItem","position":2,"name":"Siemens","item":"https:\/\/rexel.conversal.io\/fr\/siemens\/"},{"@type":"ListItem","position":3,"name":"Automatisation industrielle &#038; entra\u00eenements","item":"https:\/\/rexel.conversal.io\/fr\/siemens\/automatisation-industrielle-entrainements\/"},{"@type":"ListItem","position":4,"name":"SCALANCE Composants de r\u00e9seau pour la communication industrielle"}]},{"@type":"WebSite","@id":"https:\/\/rexel.conversal.io\/fr\/#website","url":"https:\/\/rexel.conversal.io\/fr\/","name":"Rexel","description":"","potentialAction":[{"@type":"SearchAction","target":{"@type":"EntryPoint","urlTemplate":"https:\/\/rexel.conversal.io\/fr\/?s={search_term_string}"},"query-input":{"@type":"PropertyValueSpecification","valueRequired":true,"valueName":"search_term_string"}}],"inLanguage":"fr-FR"}]}},"_links":{"self":[{"href":"https:\/\/rexel.conversal.io\/fr\/wp-json\/wp\/v2\/pages\/4236","targetHints":{"allow":["GET"]}}],"collection":[{"href":"https:\/\/rexel.conversal.io\/fr\/wp-json\/wp\/v2\/pages"}],"about":[{"href":"https:\/\/rexel.conversal.io\/fr\/wp-json\/wp\/v2\/types\/page"}],"author":[{"embeddable":true,"href":"https:\/\/rexel.conversal.io\/fr\/wp-json\/wp\/v2\/users\/3"}],"replies":[{"embeddable":true,"href":"https:\/\/rexel.conversal.io\/fr\/wp-json\/wp\/v2\/comments?post=4236"}],"version-history":[{"count":3,"href":"https:\/\/rexel.conversal.io\/fr\/wp-json\/wp\/v2\/pages\/4236\/revisions"}],"predecessor-version":[{"id":5530,"href":"https:\/\/rexel.conversal.io\/fr\/wp-json\/wp\/v2\/pages\/4236\/revisions\/5530"}],"up":[{"embeddable":true,"href":"https:\/\/rexel.conversal.io\/fr\/wp-json\/wp\/v2\/pages\/2887"}],"wp:attachment":[{"href":"https:\/\/rexel.conversal.io\/fr\/wp-json\/wp\/v2\/media?parent=4236"}],"curies":[{"name":"wp","href":"https:\/\/api.w.org\/{rel}","templated":true}]}}