{"id":4245,"date":"2026-01-27T09:06:53","date_gmt":"2026-01-27T08:06:53","guid":{"rendered":"https:\/\/rexel.conversal.io\/?page_id=4245"},"modified":"2026-02-02T17:53:40","modified_gmt":"2026-02-02T16:53:40","slug":"sirius-materiau-de-commutation-industriel","status":"publish","type":"page","link":"https:\/\/rexel.conversal.io\/fr\/siemens\/automatisation-industrielle-entrainements\/sirius-materiau-de-commutation-industriel\/","title":{"rendered":"SIRIUS mat\u00e9riau de commutation industriel"},"content":{"rendered":"\n<div class=\"wp-block-cover alignfull has-custom-content-position is-position-bottom-left has-white-color has-text-color has-link-color wp-elements-a922793401511b1b96f2216bd3e67afe\" style=\"border-bottom-left-radius:80px;border-bottom-right-radius:80px;padding-bottom:var(--wp--preset--spacing--120-60);min-height:560px;aspect-ratio:unset;\"><img loading=\"lazy\" decoding=\"async\" width=\"2048\" height=\"1536\" class=\"wp-block-cover__image-background wp-image-2892 size-full\" alt=\"\" src=\"https:\/\/rexel.conversal.io\/wp-content\/uploads\/2025\/12\/Siemens-SIRIUS-Industrieel-schakelmateriaal.jpeg\" data-object-fit=\"cover\" srcset=\"https:\/\/rexel.conversal.io\/wp-content\/uploads\/2025\/12\/Siemens-SIRIUS-Industrieel-schakelmateriaal.jpeg 2048w, https:\/\/rexel.conversal.io\/wp-content\/uploads\/2025\/12\/Siemens-SIRIUS-Industrieel-schakelmateriaal-300x225.jpeg 300w, https:\/\/rexel.conversal.io\/wp-content\/uploads\/2025\/12\/Siemens-SIRIUS-Industrieel-schakelmateriaal-1024x768.jpeg 1024w, https:\/\/rexel.conversal.io\/wp-content\/uploads\/2025\/12\/Siemens-SIRIUS-Industrieel-schakelmateriaal-768x576.jpeg 768w, https:\/\/rexel.conversal.io\/wp-content\/uploads\/2025\/12\/Siemens-SIRIUS-Industrieel-schakelmateriaal-1536x1152.jpeg 1536w\" sizes=\"auto, (max-width: 2048px) 100vw, 2048px\" \/><span aria-hidden=\"true\" class=\"wp-block-cover__background has-black-background-color has-background-dim-30 has-background-dim\"><\/span><div class=\"wp-block-cover__inner-container has-global-padding is-layout-constrained wp-container-core-cover-is-layout-2b988179 wp-block-cover-is-layout-constrained\"><h1 class=\"has-link-color wp-elements-88f0857fdc8bad98dfdc5c16977574b2 wp-block-post-title has-text-color has-white-color\">SIRIUS mat\u00e9riau de commutation industriel<\/h1>\n\n<div class=\"yoast-breadcrumbs\"><span><span><a href=\"https:\/\/rexel.conversal.io\/fr\/\">Home<\/a><\/span> <span class=\"sep\"><\/span> <span><a href=\"https:\/\/rexel.conversal.io\/fr\/siemens\/\">Siemens<\/a><\/span> <span class=\"sep\"><\/span> <span><a href=\"https:\/\/rexel.conversal.io\/fr\/siemens\/automatisation-industrielle-entrainements\/\">Automatisation industrielle &#038; entra\u00eenements<\/a><\/span> <span class=\"sep\"><\/span> <span class=\"breadcrumb_last\" aria-current=\"page\">SIRIUS mat\u00e9riau de commutation industriel<\/span><\/span><\/div><\/div><\/div>\n\n\n\n<div class=\"wp-block-columns is-layout-flex wp-container-core-columns-is-layout-c5deefbf wp-block-columns-is-layout-flex\" style=\"padding-top:var(--wp--preset--spacing--60-40);padding-bottom:var(--wp--preset--spacing--60-40)\">\n<div class=\"wp-block-column is-layout-flow wp-block-column-is-layout-flow\">\n<figure class=\"wp-block-image size-large has-custom-border\"><img loading=\"lazy\" decoding=\"async\" width=\"1024\" height=\"717\" src=\"https:\/\/rexel.conversal.io\/wp-content\/uploads\/2026\/01\/SIRIUS-CONTROL-1024x717.jpg\" alt=\"\" class=\"wp-image-4248\" style=\"border-top-left-radius:20px;border-top-right-radius:20px;border-bottom-left-radius:20px;border-bottom-right-radius:20px\" srcset=\"https:\/\/rexel.conversal.io\/wp-content\/uploads\/2026\/01\/SIRIUS-CONTROL-1024x717.jpg 1024w, https:\/\/rexel.conversal.io\/wp-content\/uploads\/2026\/01\/SIRIUS-CONTROL-300x210.jpg 300w, https:\/\/rexel.conversal.io\/wp-content\/uploads\/2026\/01\/SIRIUS-CONTROL-768x538.jpg 768w, https:\/\/rexel.conversal.io\/wp-content\/uploads\/2026\/01\/SIRIUS-CONTROL-1536x1076.jpg 1536w, https:\/\/rexel.conversal.io\/wp-content\/uploads\/2026\/01\/SIRIUS-CONTROL-2048x1435.jpg 2048w\" sizes=\"auto, (max-width: 1024px) 100vw, 1024px\" \/><\/figure>\n\n\n\n<h3 class=\"wp-block-heading\"><strong>SIRIUS CONTROL<\/strong><\/h3>\n\n\n\n<p>Tout pour la commande et la protection : contacteurs \u00e9lectromagn\u00e9tiques, protections moteur, relais de protection et groupes moteurs en sept tailles diff\u00e9rentes jusqu\u2019\u00e0 250kW.<\/p>\n\n\n\n<p>La conception modulaire de ces produits permet de les configurer et de les int\u00e9grer tr\u00e8s facilement, en particulier dans des syst\u00e8mes distribu\u00e9s.<\/p>\n\n\n\n<div class=\"wp-block-buttons is-layout-flex wp-block-buttons-is-layout-flex\">\n<div class=\"wp-block-button\"><a class=\"wp-block-button__link wp-element-button\" href=\"https:\/\/netstore.rexel.be\/NS\/Start?dm&amp;language=FR&amp;action=rd&amp;to=is&amp;var1=sirius%20control\" target=\"_blank\" rel=\"noreferrer noopener\">D\u00e9couvrez-le sur Netstore<\/a><\/div>\n<\/div>\n<\/div>\n\n\n\n<div class=\"wp-block-column is-layout-flow wp-block-column-is-layout-flow\">\n<figure class=\"wp-block-image size-large has-custom-border\"><img loading=\"lazy\" decoding=\"async\" width=\"1024\" height=\"717\" src=\"https:\/\/rexel.conversal.io\/wp-content\/uploads\/2026\/01\/SIRIUS-Hybrid-1024x717.jpg\" alt=\"\" class=\"wp-image-4249\" style=\"border-top-left-radius:20px;border-top-right-radius:20px;border-bottom-left-radius:20px;border-bottom-right-radius:20px\" srcset=\"https:\/\/rexel.conversal.io\/wp-content\/uploads\/2026\/01\/SIRIUS-Hybrid-1024x717.jpg 1024w, https:\/\/rexel.conversal.io\/wp-content\/uploads\/2026\/01\/SIRIUS-Hybrid-300x210.jpg 300w, https:\/\/rexel.conversal.io\/wp-content\/uploads\/2026\/01\/SIRIUS-Hybrid-768x538.jpg 768w, https:\/\/rexel.conversal.io\/wp-content\/uploads\/2026\/01\/SIRIUS-Hybrid-1536x1076.jpg 1536w, https:\/\/rexel.conversal.io\/wp-content\/uploads\/2026\/01\/SIRIUS-Hybrid-2048x1435.jpg 2048w\" sizes=\"auto, (max-width: 1024px) 100vw, 1024px\" \/><\/figure>\n\n\n\n<h3 class=\"wp-block-heading\">SIRIUS Hybrid<\/h3>\n\n\n\n<p>D\u00e9marreurs progressifs et d\u00e9parts-moteurs intelligents, compacts et efficients : la technique de commutation hybride innovante garantit un fonctionnement rapide et efficace pour une faible consommation d\u2019\u00e9nergie.<\/p>\n\n\n\n<p>Robustes et peu encombrants, les modules conviennent pour les applications les plus diverses, y compris \u00e0 s\u00e9curit\u00e9 int\u00e9gr\u00e9e.<\/p>\n\n\n\n<div class=\"wp-block-buttons is-layout-flex wp-block-buttons-is-layout-flex\">\n<div class=\"wp-block-button\"><a class=\"wp-block-button__link wp-element-button\" href=\"https:\/\/netstore.rexel.be\/NS\/Start?dm&amp;language=FR&amp;action=rd&amp;to=is&amp;var1=siemens%20hybrid\" target=\"_blank\" rel=\"noreferrer noopener\">D\u00e9couvrez-le sur Netstore<\/a><\/div>\n<\/div>\n<\/div>\n<\/div>\n\n\n\n<div class=\"wp-block-columns is-layout-flex wp-container-core-columns-is-layout-c5deefbf wp-block-columns-is-layout-flex\" style=\"padding-top:var(--wp--preset--spacing--60-40);padding-bottom:var(--wp--preset--spacing--60-40)\">\n<div class=\"wp-block-column is-layout-flow wp-block-column-is-layout-flow\">\n<figure class=\"wp-block-image size-large has-custom-border\"><img loading=\"lazy\" decoding=\"async\" width=\"1024\" height=\"717\" src=\"https:\/\/rexel.conversal.io\/wp-content\/uploads\/2026\/01\/SIRIUS-Monitor-1024x717.jpg\" alt=\"\" class=\"wp-image-4250\" style=\"border-top-left-radius:20px;border-top-right-radius:20px;border-bottom-left-radius:20px;border-bottom-right-radius:20px\" srcset=\"https:\/\/rexel.conversal.io\/wp-content\/uploads\/2026\/01\/SIRIUS-Monitor-1024x717.jpg 1024w, https:\/\/rexel.conversal.io\/wp-content\/uploads\/2026\/01\/SIRIUS-Monitor-300x210.jpg 300w, https:\/\/rexel.conversal.io\/wp-content\/uploads\/2026\/01\/SIRIUS-Monitor-768x538.jpg 768w, https:\/\/rexel.conversal.io\/wp-content\/uploads\/2026\/01\/SIRIUS-Monitor-1536x1076.jpg 1536w, https:\/\/rexel.conversal.io\/wp-content\/uploads\/2026\/01\/SIRIUS-Monitor-2048x1435.jpg 2048w\" sizes=\"auto, (max-width: 1024px) 100vw, 1024px\" \/><\/figure>\n\n\n\n<h3 class=\"wp-block-heading\">SIRIUS Monitor<\/h3>\n\n\n\n<p>Tout pour prot\u00e9ger, surveiller et contr\u00f4ler : gestion de moteur et gestion \u00e9nerg\u00e9tique avec SIMOCODE Pro, relais temporis\u00e9s, relais de surveillance, relais de couplage et convertisseurs de signaux, relais de s\u00e9curit\u00e9 3SK, syst\u00e8me de s\u00e9curit\u00e9 modulaire 3RK3, relais de s\u00e9curit\u00e9 pour contr\u00f4le d\u2019arr\u00eat et de vitesse, AS-Interface.<\/p>\n\n\n\n<div class=\"wp-block-buttons is-layout-flex wp-block-buttons-is-layout-flex\">\n<div class=\"wp-block-button\"><a class=\"wp-block-button__link wp-element-button\" href=\"https:\/\/netstore.rexel.be\/NS\/Start?dm&amp;language=FR&amp;action=rd&amp;to=is&amp;var1=sirius%20monitor\" target=\"_blank\" rel=\"noreferrer noopener\">D\u00e9couvrez-le sur Netstore<\/a><\/div>\n<\/div>\n<\/div>\n\n\n\n<div class=\"wp-block-column is-layout-flow wp-block-column-is-layout-flow\">\n<figure class=\"wp-block-image size-large has-custom-border\"><img loading=\"lazy\" decoding=\"async\" width=\"1024\" height=\"717\" src=\"https:\/\/rexel.conversal.io\/wp-content\/uploads\/2026\/01\/SIRIUS-Command-1024x717.jpg\" alt=\"\" class=\"wp-image-4247\" style=\"border-top-left-radius:20px;border-top-right-radius:20px;border-bottom-left-radius:20px;border-bottom-right-radius:20px\" srcset=\"https:\/\/rexel.conversal.io\/wp-content\/uploads\/2026\/01\/SIRIUS-Command-1024x717.jpg 1024w, https:\/\/rexel.conversal.io\/wp-content\/uploads\/2026\/01\/SIRIUS-Command-300x210.jpg 300w, https:\/\/rexel.conversal.io\/wp-content\/uploads\/2026\/01\/SIRIUS-Command-768x538.jpg 768w, https:\/\/rexel.conversal.io\/wp-content\/uploads\/2026\/01\/SIRIUS-Command-1536x1076.jpg 1536w, https:\/\/rexel.conversal.io\/wp-content\/uploads\/2026\/01\/SIRIUS-Command-2048x1435.jpg 2048w\" sizes=\"auto, (max-width: 1024px) 100vw, 1024px\" \/><\/figure>\n\n\n\n<h3 class=\"wp-block-heading\">SIRIUS Command<\/h3>\n\n\n\n<p>Auxiliaires de commande et de signalisation : indispensables pour les \u00e9changes d\u2019informations entre les op\u00e9rateurs et les machines.<\/p>\n\n\n\n<p>Ils sont compacts, robustes, faciles \u00e0 monter et offrent des fonctionnalit\u00e9s de communication flexibles.<\/p>\n\n\n\n<div class=\"wp-block-buttons is-layout-flex wp-block-buttons-is-layout-flex\">\n<div class=\"wp-block-button\"><a class=\"wp-block-button__link wp-element-button\" href=\"https:\/\/netstore.rexel.be\/NS\/Start?dm&amp;language=FR&amp;action=rd&amp;to=is&amp;var1=sirius%20command\" target=\"_blank\" rel=\"noreferrer noopener\">D\u00e9couvrez-le sur Netstore<\/a><\/div>\n<\/div>\n<\/div>\n<\/div>\n","protected":false},"excerpt":{"rendered":"<p>SIRIUS CONTROL Tout pour la commande et la protection : contacteurs \u00e9lectromagn\u00e9tiques, protections moteur, relais de protection et groupes moteurs en sept tailles diff\u00e9rentes jusqu\u2019\u00e0 250kW. La conception modulaire de ces produits permet de les configurer et de les int\u00e9grer tr\u00e8s facilement, en particulier dans des syst\u00e8mes distribu\u00e9s. SIRIUS Hybrid D\u00e9marreurs progressifs et d\u00e9parts-moteurs intelligents, [&hellip;]<\/p>\n","protected":false},"author":3,"featured_media":0,"parent":2887,"menu_order":0,"comment_status":"closed","ping_status":"closed","template":"","meta":{"_acf_changed":false,"inline_featured_image":false,"footnotes":"","_links_to":"","_links_to_target":""},"class_list":["post-4245","page","type-page","status-publish","hentry"],"acf":[],"yoast_head":"<!-- This site is optimized with the Yoast SEO plugin v26.9 - https:\/\/yoast.com\/product\/yoast-seo-wordpress\/ -->\n<title>SIRIUS mat\u00e9riau de commutation industriel<\/title>\n<meta name=\"description\" content=\"SIRIUS est une gamme de produits exceptionnellement compl\u00e8te pour toutes les applications de contr\u00f4le industriel.\" \/>\n<meta name=\"robots\" content=\"noindex, follow, max-snippet:-1, max-image-preview:large, max-video-preview:-1\" \/>\n<meta property=\"og:locale\" content=\"fr_FR\" \/>\n<meta property=\"og:type\" content=\"article\" \/>\n<meta property=\"og:title\" content=\"SIRIUS mat\u00e9riau de commutation industriel\" \/>\n<meta property=\"og:description\" content=\"SIRIUS est une gamme de produits exceptionnellement compl\u00e8te pour toutes les applications de contr\u00f4le industriel.\" \/>\n<meta property=\"og:url\" content=\"https:\/\/rexel.conversal.io\/fr\/siemens\/automatisation-industrielle-entrainements\/sirius-materiau-de-commutation-industriel\/\" \/>\n<meta property=\"og:site_name\" content=\"Rexel\" \/>\n<meta property=\"article:modified_time\" content=\"2026-02-02T16:53:40+00:00\" \/>\n<meta property=\"og:image\" content=\"https:\/\/rexel.conversal.io\/wp-content\/uploads\/2025\/12\/Siemens-SIRIUS-Industrieel-schakelmateriaal.jpeg\" \/>\n\t<meta property=\"og:image:width\" content=\"2048\" \/>\n\t<meta property=\"og:image:height\" content=\"1536\" \/>\n\t<meta property=\"og:image:type\" content=\"image\/jpeg\" \/>\n<meta name=\"twitter:card\" content=\"summary_large_image\" \/>\n<meta name=\"twitter:label1\" content=\"Dur\u00e9e de lecture estim\u00e9e\" \/>\n\t<meta name=\"twitter:data1\" content=\"2 minutes\" \/>\n<script type=\"application\/ld+json\" class=\"yoast-schema-graph\">{\"@context\":\"https:\/\/schema.org\",\"@graph\":[{\"@type\":\"WebPage\",\"@id\":\"https:\/\/rexel.conversal.io\/fr\/siemens\/automatisation-industrielle-entrainements\/sirius-materiau-de-commutation-industriel\/\",\"url\":\"https:\/\/rexel.conversal.io\/fr\/siemens\/automatisation-industrielle-entrainements\/sirius-materiau-de-commutation-industriel\/\",\"name\":\"SIRIUS mat\u00e9riau de commutation industriel\",\"isPartOf\":{\"@id\":\"https:\/\/rexel.conversal.io\/fr\/#website\"},\"primaryImageOfPage\":{\"@id\":\"https:\/\/rexel.conversal.io\/fr\/siemens\/automatisation-industrielle-entrainements\/sirius-materiau-de-commutation-industriel\/#primaryimage\"},\"image\":{\"@id\":\"https:\/\/rexel.conversal.io\/fr\/siemens\/automatisation-industrielle-entrainements\/sirius-materiau-de-commutation-industriel\/#primaryimage\"},\"thumbnailUrl\":\"https:\/\/rexel.conversal.io\/wp-content\/uploads\/2025\/12\/Siemens-SIRIUS-Industrieel-schakelmateriaal.jpeg\",\"datePublished\":\"2026-01-27T08:06:53+00:00\",\"dateModified\":\"2026-02-02T16:53:40+00:00\",\"description\":\"SIRIUS est une gamme de produits exceptionnellement compl\u00e8te pour toutes les applications de contr\u00f4le industriel.\",\"breadcrumb\":{\"@id\":\"https:\/\/rexel.conversal.io\/fr\/siemens\/automatisation-industrielle-entrainements\/sirius-materiau-de-commutation-industriel\/#breadcrumb\"},\"inLanguage\":\"fr-FR\",\"potentialAction\":[{\"@type\":\"ReadAction\",\"target\":[\"https:\/\/rexel.conversal.io\/fr\/siemens\/automatisation-industrielle-entrainements\/sirius-materiau-de-commutation-industriel\/\"]}]},{\"@type\":\"ImageObject\",\"inLanguage\":\"fr-FR\",\"@id\":\"https:\/\/rexel.conversal.io\/fr\/siemens\/automatisation-industrielle-entrainements\/sirius-materiau-de-commutation-industriel\/#primaryimage\",\"url\":\"https:\/\/rexel.conversal.io\/wp-content\/uploads\/2025\/12\/Siemens-SIRIUS-Industrieel-schakelmateriaal.jpeg\",\"contentUrl\":\"https:\/\/rexel.conversal.io\/wp-content\/uploads\/2025\/12\/Siemens-SIRIUS-Industrieel-schakelmateriaal.jpeg\"},{\"@type\":\"BreadcrumbList\",\"@id\":\"https:\/\/rexel.conversal.io\/fr\/siemens\/automatisation-industrielle-entrainements\/sirius-materiau-de-commutation-industriel\/#breadcrumb\",\"itemListElement\":[{\"@type\":\"ListItem\",\"position\":1,\"name\":\"Home\",\"item\":\"https:\/\/rexel.conversal.io\/fr\/\"},{\"@type\":\"ListItem\",\"position\":2,\"name\":\"Siemens\",\"item\":\"https:\/\/rexel.conversal.io\/fr\/siemens\/\"},{\"@type\":\"ListItem\",\"position\":3,\"name\":\"Automatisation industrielle &#038; entra\u00eenements\",\"item\":\"https:\/\/rexel.conversal.io\/fr\/siemens\/automatisation-industrielle-entrainements\/\"},{\"@type\":\"ListItem\",\"position\":4,\"name\":\"SIRIUS mat\u00e9riau de commutation industriel\"}]},{\"@type\":\"WebSite\",\"@id\":\"https:\/\/rexel.conversal.io\/fr\/#website\",\"url\":\"https:\/\/rexel.conversal.io\/fr\/\",\"name\":\"Rexel\",\"description\":\"\",\"potentialAction\":[{\"@type\":\"SearchAction\",\"target\":{\"@type\":\"EntryPoint\",\"urlTemplate\":\"https:\/\/rexel.conversal.io\/fr\/?s={search_term_string}\"},\"query-input\":{\"@type\":\"PropertyValueSpecification\",\"valueRequired\":true,\"valueName\":\"search_term_string\"}}],\"inLanguage\":\"fr-FR\"}]}<\/script>\n<!-- \/ Yoast SEO plugin. -->","yoast_head_json":{"title":"SIRIUS mat\u00e9riau de commutation industriel","description":"SIRIUS est une gamme de produits exceptionnellement compl\u00e8te pour toutes les applications de contr\u00f4le industriel.","robots":{"index":"noindex","follow":"follow","max-snippet":"max-snippet:-1","max-image-preview":"max-image-preview:large","max-video-preview":"max-video-preview:-1"},"og_locale":"fr_FR","og_type":"article","og_title":"SIRIUS mat\u00e9riau de commutation industriel","og_description":"SIRIUS est une gamme de produits exceptionnellement compl\u00e8te pour toutes les applications de contr\u00f4le industriel.","og_url":"https:\/\/rexel.conversal.io\/fr\/siemens\/automatisation-industrielle-entrainements\/sirius-materiau-de-commutation-industriel\/","og_site_name":"Rexel","article_modified_time":"2026-02-02T16:53:40+00:00","og_image":[{"width":2048,"height":1536,"url":"https:\/\/rexel.conversal.io\/wp-content\/uploads\/2025\/12\/Siemens-SIRIUS-Industrieel-schakelmateriaal.jpeg","type":"image\/jpeg"}],"twitter_card":"summary_large_image","twitter_misc":{"Dur\u00e9e de lecture estim\u00e9e":"2 minutes"},"schema":{"@context":"https:\/\/schema.org","@graph":[{"@type":"WebPage","@id":"https:\/\/rexel.conversal.io\/fr\/siemens\/automatisation-industrielle-entrainements\/sirius-materiau-de-commutation-industriel\/","url":"https:\/\/rexel.conversal.io\/fr\/siemens\/automatisation-industrielle-entrainements\/sirius-materiau-de-commutation-industriel\/","name":"SIRIUS mat\u00e9riau de commutation industriel","isPartOf":{"@id":"https:\/\/rexel.conversal.io\/fr\/#website"},"primaryImageOfPage":{"@id":"https:\/\/rexel.conversal.io\/fr\/siemens\/automatisation-industrielle-entrainements\/sirius-materiau-de-commutation-industriel\/#primaryimage"},"image":{"@id":"https:\/\/rexel.conversal.io\/fr\/siemens\/automatisation-industrielle-entrainements\/sirius-materiau-de-commutation-industriel\/#primaryimage"},"thumbnailUrl":"https:\/\/rexel.conversal.io\/wp-content\/uploads\/2025\/12\/Siemens-SIRIUS-Industrieel-schakelmateriaal.jpeg","datePublished":"2026-01-27T08:06:53+00:00","dateModified":"2026-02-02T16:53:40+00:00","description":"SIRIUS est une gamme de produits exceptionnellement compl\u00e8te pour toutes les applications de contr\u00f4le industriel.","breadcrumb":{"@id":"https:\/\/rexel.conversal.io\/fr\/siemens\/automatisation-industrielle-entrainements\/sirius-materiau-de-commutation-industriel\/#breadcrumb"},"inLanguage":"fr-FR","potentialAction":[{"@type":"ReadAction","target":["https:\/\/rexel.conversal.io\/fr\/siemens\/automatisation-industrielle-entrainements\/sirius-materiau-de-commutation-industriel\/"]}]},{"@type":"ImageObject","inLanguage":"fr-FR","@id":"https:\/\/rexel.conversal.io\/fr\/siemens\/automatisation-industrielle-entrainements\/sirius-materiau-de-commutation-industriel\/#primaryimage","url":"https:\/\/rexel.conversal.io\/wp-content\/uploads\/2025\/12\/Siemens-SIRIUS-Industrieel-schakelmateriaal.jpeg","contentUrl":"https:\/\/rexel.conversal.io\/wp-content\/uploads\/2025\/12\/Siemens-SIRIUS-Industrieel-schakelmateriaal.jpeg"},{"@type":"BreadcrumbList","@id":"https:\/\/rexel.conversal.io\/fr\/siemens\/automatisation-industrielle-entrainements\/sirius-materiau-de-commutation-industriel\/#breadcrumb","itemListElement":[{"@type":"ListItem","position":1,"name":"Home","item":"https:\/\/rexel.conversal.io\/fr\/"},{"@type":"ListItem","position":2,"name":"Siemens","item":"https:\/\/rexel.conversal.io\/fr\/siemens\/"},{"@type":"ListItem","position":3,"name":"Automatisation industrielle &#038; entra\u00eenements","item":"https:\/\/rexel.conversal.io\/fr\/siemens\/automatisation-industrielle-entrainements\/"},{"@type":"ListItem","position":4,"name":"SIRIUS mat\u00e9riau de commutation industriel"}]},{"@type":"WebSite","@id":"https:\/\/rexel.conversal.io\/fr\/#website","url":"https:\/\/rexel.conversal.io\/fr\/","name":"Rexel","description":"","potentialAction":[{"@type":"SearchAction","target":{"@type":"EntryPoint","urlTemplate":"https:\/\/rexel.conversal.io\/fr\/?s={search_term_string}"},"query-input":{"@type":"PropertyValueSpecification","valueRequired":true,"valueName":"search_term_string"}}],"inLanguage":"fr-FR"}]}},"_links":{"self":[{"href":"https:\/\/rexel.conversal.io\/fr\/wp-json\/wp\/v2\/pages\/4245","targetHints":{"allow":["GET"]}}],"collection":[{"href":"https:\/\/rexel.conversal.io\/fr\/wp-json\/wp\/v2\/pages"}],"about":[{"href":"https:\/\/rexel.conversal.io\/fr\/wp-json\/wp\/v2\/types\/page"}],"author":[{"embeddable":true,"href":"https:\/\/rexel.conversal.io\/fr\/wp-json\/wp\/v2\/users\/3"}],"replies":[{"embeddable":true,"href":"https:\/\/rexel.conversal.io\/fr\/wp-json\/wp\/v2\/comments?post=4245"}],"version-history":[{"count":3,"href":"https:\/\/rexel.conversal.io\/fr\/wp-json\/wp\/v2\/pages\/4245\/revisions"}],"predecessor-version":[{"id":5533,"href":"https:\/\/rexel.conversal.io\/fr\/wp-json\/wp\/v2\/pages\/4245\/revisions\/5533"}],"up":[{"embeddable":true,"href":"https:\/\/rexel.conversal.io\/fr\/wp-json\/wp\/v2\/pages\/2887"}],"wp:attachment":[{"href":"https:\/\/rexel.conversal.io\/fr\/wp-json\/wp\/v2\/media?parent=4245"}],"curies":[{"name":"wp","href":"https:\/\/api.w.org\/{rel}","templated":true}]}}