{"id":4253,"date":"2026-01-27T09:23:05","date_gmt":"2026-01-27T08:23:05","guid":{"rendered":"https:\/\/rexel.conversal.io\/?page_id=4253"},"modified":"2026-02-02T17:58:27","modified_gmt":"2026-02-02T16:58:27","slug":"demarreurs-moteurs","status":"publish","type":"page","link":"https:\/\/rexel.conversal.io\/fr\/siemens\/automatisation-industrielle-entrainements\/demarreurs-moteurs\/","title":{"rendered":"D\u00e9marreurs moteurs"},"content":{"rendered":"\n<div class=\"wp-block-cover alignfull has-custom-content-position is-position-bottom-left has-white-color has-text-color has-link-color wp-elements-b4ae06041d6074341736af8832038ecf\" style=\"border-bottom-left-radius:80px;border-bottom-right-radius:80px;padding-bottom:var(--wp--preset--spacing--120-60);min-height:560px;aspect-ratio:unset;\"><img loading=\"lazy\" decoding=\"async\" width=\"1280\" height=\"720\" class=\"wp-block-cover__image-background wp-image-2888 size-full\" alt=\"\" src=\"https:\/\/rexel.conversal.io\/wp-content\/uploads\/2025\/12\/Motorstarters.png\" data-object-fit=\"cover\" srcset=\"https:\/\/rexel.conversal.io\/wp-content\/uploads\/2025\/12\/Motorstarters.png 1280w, https:\/\/rexel.conversal.io\/wp-content\/uploads\/2025\/12\/Motorstarters-300x169.png 300w, https:\/\/rexel.conversal.io\/wp-content\/uploads\/2025\/12\/Motorstarters-1024x576.png 1024w, https:\/\/rexel.conversal.io\/wp-content\/uploads\/2025\/12\/Motorstarters-768x432.png 768w\" sizes=\"auto, (max-width: 1280px) 100vw, 1280px\" \/><span aria-hidden=\"true\" class=\"wp-block-cover__background has-black-background-color has-background-dim-30 has-background-dim\"><\/span><div class=\"wp-block-cover__inner-container has-global-padding is-layout-constrained wp-container-core-cover-is-layout-2b988179 wp-block-cover-is-layout-constrained\"><h1 class=\"has-link-color wp-elements-88f0857fdc8bad98dfdc5c16977574b2 wp-block-post-title has-text-color has-white-color\">D\u00e9marreurs moteurs<\/h1>\n\n<div class=\"yoast-breadcrumbs\"><span><span><a href=\"https:\/\/rexel.conversal.io\/fr\/\">Home<\/a><\/span> <span class=\"sep\"><\/span> <span><a href=\"https:\/\/rexel.conversal.io\/fr\/siemens\/\">Siemens<\/a><\/span> <span class=\"sep\"><\/span> <span><a href=\"https:\/\/rexel.conversal.io\/fr\/siemens\/automatisation-industrielle-entrainements\/\">Automatisation industrielle &#038; entra\u00eenements<\/a><\/span> <span class=\"sep\"><\/span> <span class=\"breadcrumb_last\" aria-current=\"page\">D\u00e9marreurs moteurs<\/span><\/span><\/div><\/div><\/div>\n\n\n\n<div class=\"wp-block-columns is-layout-flex wp-container-core-columns-is-layout-c5deefbf wp-block-columns-is-layout-flex\" style=\"padding-top:var(--wp--preset--spacing--60-40);padding-bottom:var(--wp--preset--spacing--60-40)\">\n<div class=\"wp-block-column is-layout-flow wp-block-column-is-layout-flow\">\n<figure class=\"wp-block-image size-large has-custom-border\"><img loading=\"lazy\" decoding=\"async\" width=\"1024\" height=\"717\" src=\"https:\/\/rexel.conversal.io\/wp-content\/uploads\/2026\/01\/SIRIUS-Sterdriehoek-Contactoren-1024x717.jpg\" alt=\"\" class=\"wp-image-4260\" style=\"border-top-left-radius:20px;border-top-right-radius:20px;border-bottom-left-radius:20px;border-bottom-right-radius:20px\" srcset=\"https:\/\/rexel.conversal.io\/wp-content\/uploads\/2026\/01\/SIRIUS-Sterdriehoek-Contactoren-1024x717.jpg 1024w, https:\/\/rexel.conversal.io\/wp-content\/uploads\/2026\/01\/SIRIUS-Sterdriehoek-Contactoren-300x210.jpg 300w, https:\/\/rexel.conversal.io\/wp-content\/uploads\/2026\/01\/SIRIUS-Sterdriehoek-Contactoren-768x538.jpg 768w, https:\/\/rexel.conversal.io\/wp-content\/uploads\/2026\/01\/SIRIUS-Sterdriehoek-Contactoren-1536x1076.jpg 1536w, https:\/\/rexel.conversal.io\/wp-content\/uploads\/2026\/01\/SIRIUS-Sterdriehoek-Contactoren-2048x1435.jpg 2048w\" sizes=\"auto, (max-width: 1024px) 100vw, 1024px\" \/><\/figure>\n\n\n\n<h3 class=\"wp-block-heading\">SIRIUS D\u00e9marreurs \u00e9toile-triangle<\/h3>\n\n\n\n<p>Combinaisons pr\u00e9assembl\u00e9es de contacteurs jusqu\u2019\u00e0 90 kW, assembl\u00e9es sur mesure \u00e0 partir de contacteurs individuels jusqu\u2019\u00e0 710 kW.<\/p>\n<\/div>\n\n\n\n<div class=\"wp-block-column is-layout-flow wp-block-column-is-layout-flow\">\n<figure class=\"wp-block-image size-large has-custom-border\"><img loading=\"lazy\" decoding=\"async\" width=\"1024\" height=\"717\" src=\"https:\/\/rexel.conversal.io\/wp-content\/uploads\/2026\/01\/SIRIUS-softstarters-1024x717.jpg\" alt=\"\" class=\"wp-image-4259\" style=\"border-top-left-radius:20px;border-top-right-radius:20px;border-bottom-left-radius:20px;border-bottom-right-radius:20px\" srcset=\"https:\/\/rexel.conversal.io\/wp-content\/uploads\/2026\/01\/SIRIUS-softstarters-1024x717.jpg 1024w, https:\/\/rexel.conversal.io\/wp-content\/uploads\/2026\/01\/SIRIUS-softstarters-300x210.jpg 300w, https:\/\/rexel.conversal.io\/wp-content\/uploads\/2026\/01\/SIRIUS-softstarters-768x538.jpg 768w, https:\/\/rexel.conversal.io\/wp-content\/uploads\/2026\/01\/SIRIUS-softstarters-1536x1076.jpg 1536w, https:\/\/rexel.conversal.io\/wp-content\/uploads\/2026\/01\/SIRIUS-softstarters-2048x1435.jpg 2048w\" sizes=\"auto, (max-width: 1024px) 100vw, 1024px\" \/><\/figure>\n\n\n\n<h3 class=\"wp-block-heading\"><strong>SIRIUS d\u00e9marreurs progressifs<\/strong><\/h3>\n\n\n\n<p>La meilleure solution lorsque le d\u00e9marrage direct en ligne ou en \u00e9toile-triangle ne suffit pas, par exemple en raison de probl\u00e8mes d\u2019impact m\u00e9canique important sur la machine ou de fluctuations de tension de l\u2019alimentation \u00e9lectrique.<\/p>\n\n\n\n<div class=\"wp-block-buttons is-layout-flex wp-block-buttons-is-layout-flex\">\n<div class=\"wp-block-button\"><a class=\"wp-block-button__link wp-element-button\" href=\"https:\/\/netstore.rexel.be\/NS\/Start?dm&amp;language=FR&amp;action=rd&amp;to=is&amp;var1=sirius%20softstarter\" target=\"_blank\" rel=\"noreferrer noopener\">D\u00e9couvrez-le sur Netstore<\/a><\/div>\n<\/div>\n<\/div>\n\n\n\n<div class=\"wp-block-column is-layout-flow wp-block-column-is-layout-flow\">\n<figure class=\"wp-block-image size-large has-custom-border\"><img loading=\"lazy\" decoding=\"async\" width=\"1024\" height=\"717\" src=\"https:\/\/rexel.conversal.io\/wp-content\/uploads\/2026\/01\/SIRIUS-compacte-motorstarters-1024x717.jpg\" alt=\"\" class=\"wp-image-4258\" style=\"border-top-left-radius:20px;border-top-right-radius:20px;border-bottom-left-radius:20px;border-bottom-right-radius:20px\" srcset=\"https:\/\/rexel.conversal.io\/wp-content\/uploads\/2026\/01\/SIRIUS-compacte-motorstarters-1024x717.jpg 1024w, https:\/\/rexel.conversal.io\/wp-content\/uploads\/2026\/01\/SIRIUS-compacte-motorstarters-300x210.jpg 300w, https:\/\/rexel.conversal.io\/wp-content\/uploads\/2026\/01\/SIRIUS-compacte-motorstarters-768x538.jpg 768w, https:\/\/rexel.conversal.io\/wp-content\/uploads\/2026\/01\/SIRIUS-compacte-motorstarters-1536x1076.jpg 1536w, https:\/\/rexel.conversal.io\/wp-content\/uploads\/2026\/01\/SIRIUS-compacte-motorstarters-2048x1435.jpg 2048w\" sizes=\"auto, (max-width: 1024px) 100vw, 1024px\" \/><\/figure>\n\n\n\n<h3 class=\"wp-block-heading\">SIRIUS d\u00e9marreurs compacts<\/h3>\n\n\n\n<p>Avec une largeur de seulement 22,5 mm, ils d\u00e9marrent et prot\u00e8gent les moteurs jusqu\u2019\u00e0 3 kW et se d\u00e9clinent en d\u00e9marreurs directs ou invers\u00e9s, standard ou \u00e0 s\u00e9curit\u00e9 int\u00e9gr\u00e9e.<\/p>\n<\/div>\n<\/div>\n\n\n\n<div class=\"wp-block-columns is-layout-flex wp-container-core-columns-is-layout-c5deefbf wp-block-columns-is-layout-flex\" style=\"padding-top:var(--wp--preset--spacing--60-40);padding-bottom:var(--wp--preset--spacing--60-40)\">\n<div class=\"wp-block-column is-layout-flow wp-block-column-is-layout-flow\">\n<figure class=\"wp-block-image size-large has-custom-border\"><img loading=\"lazy\" decoding=\"async\" width=\"1024\" height=\"717\" src=\"https:\/\/rexel.conversal.io\/wp-content\/uploads\/2026\/01\/SIMATIC-ET200SP-Motor-Starters-1024x717.jpg\" alt=\"\" class=\"wp-image-4256\" style=\"border-top-left-radius:20px;border-top-right-radius:20px;border-bottom-left-radius:20px;border-bottom-right-radius:20px\" srcset=\"https:\/\/rexel.conversal.io\/wp-content\/uploads\/2026\/01\/SIMATIC-ET200SP-Motor-Starters-1024x717.jpg 1024w, https:\/\/rexel.conversal.io\/wp-content\/uploads\/2026\/01\/SIMATIC-ET200SP-Motor-Starters-300x210.jpg 300w, https:\/\/rexel.conversal.io\/wp-content\/uploads\/2026\/01\/SIMATIC-ET200SP-Motor-Starters-768x538.jpg 768w, https:\/\/rexel.conversal.io\/wp-content\/uploads\/2026\/01\/SIMATIC-ET200SP-Motor-Starters-1536x1076.jpg 1536w, https:\/\/rexel.conversal.io\/wp-content\/uploads\/2026\/01\/SIMATIC-ET200SP-Motor-Starters-2048x1435.jpg 2048w\" sizes=\"auto, (max-width: 1024px) 100vw, 1024px\" \/><\/figure>\n\n\n\n<h3 class=\"wp-block-heading\">Le d\u00e9part-moteur SIMATIC ET 200SP<\/h3>\n\n\n\n<p>Avec une largeur de seulement 30 mm, vous obtenez un d\u00e9marreur compact et puissant pour les moteurs jusqu\u2019\u00e0 5,5 kW.<\/p>\n\n\n\n<p>Enti\u00e8rement int\u00e9gr\u00e9 au syst\u00e8me d\u2019I\/O distribu\u00e9es SIMATIC ET 200SP et disponible en tant que d\u00e9marreur direct ou invers\u00e9, standard ou \u00e0 s\u00e9curit\u00e9 int\u00e9gr\u00e9e.<\/p>\n\n\n\n<div class=\"wp-block-buttons is-layout-flex wp-block-buttons-is-layout-flex\">\n<div class=\"wp-block-button\"><a class=\"wp-block-button__link wp-element-button\" href=\"https:\/\/netstore.rexel.be\/NS\/Start?dm&amp;language=FR&amp;action=rd&amp;to=is&amp;var1=simatic%20ET200SP\" target=\"_blank\" rel=\"noreferrer noopener\">D\u00e9couvrez-le sur Netstore<\/a><\/div>\n<\/div>\n<\/div>\n\n\n\n<div class=\"wp-block-column is-layout-flow wp-block-column-is-layout-flow\">\n<figure class=\"wp-block-image size-large has-custom-border\"><img loading=\"lazy\" decoding=\"async\" width=\"1024\" height=\"717\" src=\"https:\/\/rexel.conversal.io\/wp-content\/uploads\/2026\/01\/Sinamics-Frequentieomvormers-1024x717.jpg\" alt=\"\" class=\"wp-image-4257\" style=\"border-top-left-radius:20px;border-top-right-radius:20px;border-bottom-left-radius:20px;border-bottom-right-radius:20px\" srcset=\"https:\/\/rexel.conversal.io\/wp-content\/uploads\/2026\/01\/Sinamics-Frequentieomvormers-1024x717.jpg 1024w, https:\/\/rexel.conversal.io\/wp-content\/uploads\/2026\/01\/Sinamics-Frequentieomvormers-300x210.jpg 300w, https:\/\/rexel.conversal.io\/wp-content\/uploads\/2026\/01\/Sinamics-Frequentieomvormers-768x538.jpg 768w, https:\/\/rexel.conversal.io\/wp-content\/uploads\/2026\/01\/Sinamics-Frequentieomvormers-1536x1076.jpg 1536w, https:\/\/rexel.conversal.io\/wp-content\/uploads\/2026\/01\/Sinamics-Frequentieomvormers-2048x1435.jpg 2048w\" sizes=\"auto, (max-width: 1024px) 100vw, 1024px\" \/><\/figure>\n\n\n\n<h3 class=\"wp-block-heading\">Sinamics variateurs de fr\u00e9quence<\/h3>\n\n\n\n<p>Vitesses variables avec des performances standard et des variateurs de fr\u00e9quence sp\u00e9cifiques \u00e0 l\u2019industrie.<\/p>\n\n\n\n<div class=\"wp-block-buttons is-layout-flex wp-block-buttons-is-layout-flex\">\n<div class=\"wp-block-button\"><a class=\"wp-block-button__link wp-element-button\" href=\"https:\/\/netstore.rexel.be\/NS\/Start?dm&amp;language=FR&amp;action=rd&amp;to=is&amp;var1=sinamics%20frequentie\" target=\"_blank\" rel=\"noreferrer noopener\">D\u00e9couvrez-le sur Netstore<\/a><\/div>\n<\/div>\n<\/div>\n<\/div>\n\n\n\n<div class=\"wp-block-columns is-layout-flex wp-container-core-columns-is-layout-c5deefbf wp-block-columns-is-layout-flex\" style=\"padding-top:var(--wp--preset--spacing--60-40);padding-bottom:var(--wp--preset--spacing--60-40)\">\n<div class=\"wp-block-column is-layout-flow wp-block-column-is-layout-flow\">\n<h3 class=\"wp-block-heading\">Control Panel Design<\/h3>\n\n\n\n<p>Il y a de tr\u00e8s nombreuses \u00e9tapes \u00e0 franchir pour r\u00e9aliser toute l\u2019ing\u00e9nierie d\u2019un panneau de commande dans le respect des normes. L\u2019\u00e9lectrotechnique est une mati\u00e8re complexe aux multiples facettes qui peut prendre beaucoup de temps \u2013 \u00e0 moins de la r\u00e9aliser en mode digital avec Control Panel Design dans le TIA Selection Tool de Siemens.<\/p>\n\n\n\n<div class=\"wp-block-buttons is-layout-flex wp-container-core-buttons-is-layout-9bedd9bf wp-block-buttons-is-layout-flex\">\n<div class=\"wp-block-button is-style-outline-green is-style-outline-green--1\"><a class=\"wp-block-button__link wp-element-button\" href=\"https:\/\/new.siemens.com\/global\/en\/markets\/panel-building\/tools\/smart-control-panel-design.html\" target=\"_blank\" rel=\"noreferrer noopener\">Infos &amp; t\u00e9l\u00e9chargement<\/a><\/div>\n<\/div>\n<\/div>\n\n\n\n<div class=\"wp-block-column is-layout-flow wp-block-column-is-layout-flow\">\n<h3 class=\"wp-block-heading\">Guide de s\u00e9lection Motor Start<\/h3>\n\n\n\n<p>Vous ne savez pas quelle solution d\u2019entra\u00eenement convient le mieux \u00e0 votre application ?<\/p>\n\n\n\n<p>Le guide de s\u00e9lection des d\u00e9marreurs de Siemens vous aide \u00e0 trouver la bonne approche pour votre d\u00e9marrage de moteur en r\u00e9pondant \u00e0 quelques questions simples.<\/p>\n\n\n\n<div class=\"wp-block-buttons is-layout-flex wp-container-core-buttons-is-layout-9bedd9bf wp-block-buttons-is-layout-flex\">\n<div class=\"wp-block-button is-style-outline-green is-style-outline-green--2\"><a class=\"wp-block-button__link wp-element-button\" href=\"https:\/\/new.siemens.com\/global\/en\/markets\/panel-building\/tools\/smart-control-panel-design.html\" target=\"_blank\" rel=\"noreferrer noopener\">Infos &amp; t\u00e9l\u00e9chargement<\/a><\/div>\n<\/div>\n<\/div>\n\n\n\n<div class=\"wp-block-column is-vertically-aligned-stretch has-white-color has-blue-to-green-gradient-background has-text-color has-background has-link-color wp-elements-5bbdd4be13cb6f57a5bce8b157b5fe38 is-layout-flow wp-block-column-is-layout-flow\" style=\"border-radius:24px;padding-top:var(--wp--preset--spacing--60-40);padding-right:var(--wp--preset--spacing--80-60);padding-bottom:var(--wp--preset--spacing--60-40);padding-left:var(--wp--preset--spacing--80-60)\">\n<h2 class=\"wp-block-heading has-text-align-center has-white-color has-text-color has-link-color wp-elements-e391aceabea424179a1d48d3daf688fe\">T\u00e9l\u00e9chargez le catalogue<\/h2>\n\n\n\n<div class=\"wp-block-buttons is-content-justification-center is-layout-flex wp-container-core-buttons-is-layout-a89b3969 wp-block-buttons-is-layout-flex\">\n<div class=\"wp-block-button is-style-white is-style-white--3\"><a class=\"wp-block-button__link wp-element-button\" href=\"https:\/\/support.industry.siemens.com\/cs\/document\/109771990\/catalog-ic-10-and-catalog-abridged-ic-10-a-%E2%80%93-sirius-industrial-controls?dti=0&amp;lc=en-WW\" target=\"_blank\" rel=\"noreferrer noopener\">IC Catalog<\/a><\/div>\n<\/div>\n<\/div>\n<\/div>\n","protected":false},"excerpt":{"rendered":"<p>SIRIUS D\u00e9marreurs \u00e9toile-triangle Combinaisons pr\u00e9assembl\u00e9es de contacteurs jusqu\u2019\u00e0 90 kW, assembl\u00e9es sur mesure \u00e0 partir de contacteurs individuels jusqu\u2019\u00e0 710 kW. SIRIUS d\u00e9marreurs progressifs La meilleure solution lorsque le d\u00e9marrage direct en ligne ou en \u00e9toile-triangle ne suffit pas, par exemple en raison de probl\u00e8mes d\u2019impact m\u00e9canique important sur la machine ou de fluctuations de [&hellip;]<\/p>\n","protected":false},"author":3,"featured_media":0,"parent":2887,"menu_order":0,"comment_status":"closed","ping_status":"closed","template":"","meta":{"_acf_changed":false,"inline_featured_image":false,"footnotes":"","_links_to":"","_links_to_target":""},"class_list":["post-4253","page","type-page","status-publish","hentry"],"acf":[],"yoast_head":"<!-- This site is optimized with the Yoast SEO plugin v26.9 - https:\/\/yoast.com\/product\/yoast-seo-wordpress\/ -->\n<title>D\u00e9marreurs moteurs - Rexel Belgium<\/title>\n<meta name=\"description\" content=\"Une large gamme de produits et de solutions est disponible pour le d\u00e9marrage et la commande des moteurs asynchrones triphas\u00e9s.\" \/>\n<meta name=\"robots\" content=\"noindex, follow, max-snippet:-1, max-image-preview:large, max-video-preview:-1\" \/>\n<meta property=\"og:locale\" content=\"fr_FR\" \/>\n<meta property=\"og:type\" content=\"article\" \/>\n<meta property=\"og:title\" content=\"D\u00e9marreurs moteurs - Rexel Belgium\" \/>\n<meta property=\"og:description\" content=\"Une large gamme de produits et de solutions est disponible pour le d\u00e9marrage et la commande des moteurs asynchrones triphas\u00e9s.\" \/>\n<meta property=\"og:url\" content=\"https:\/\/rexel.conversal.io\/fr\/siemens\/automatisation-industrielle-entrainements\/demarreurs-moteurs\/\" \/>\n<meta property=\"og:site_name\" content=\"Rexel\" \/>\n<meta property=\"article:modified_time\" content=\"2026-02-02T16:58:27+00:00\" \/>\n<meta property=\"og:image\" content=\"https:\/\/rexel.conversal.io\/wp-content\/uploads\/2025\/12\/Motorstarters.png\" \/>\n\t<meta property=\"og:image:width\" content=\"1280\" \/>\n\t<meta property=\"og:image:height\" content=\"720\" \/>\n\t<meta property=\"og:image:type\" content=\"image\/png\" \/>\n<meta name=\"twitter:card\" content=\"summary_large_image\" \/>\n<meta name=\"twitter:label1\" content=\"Dur\u00e9e de lecture estim\u00e9e\" \/>\n\t<meta name=\"twitter:data1\" content=\"3 minutes\" \/>\n<script type=\"application\/ld+json\" class=\"yoast-schema-graph\">{\"@context\":\"https:\/\/schema.org\",\"@graph\":[{\"@type\":\"WebPage\",\"@id\":\"https:\/\/rexel.conversal.io\/fr\/siemens\/automatisation-industrielle-entrainements\/demarreurs-moteurs\/\",\"url\":\"https:\/\/rexel.conversal.io\/fr\/siemens\/automatisation-industrielle-entrainements\/demarreurs-moteurs\/\",\"name\":\"D\u00e9marreurs moteurs - Rexel Belgium\",\"isPartOf\":{\"@id\":\"https:\/\/rexel.conversal.io\/fr\/#website\"},\"primaryImageOfPage\":{\"@id\":\"https:\/\/rexel.conversal.io\/fr\/siemens\/automatisation-industrielle-entrainements\/demarreurs-moteurs\/#primaryimage\"},\"image\":{\"@id\":\"https:\/\/rexel.conversal.io\/fr\/siemens\/automatisation-industrielle-entrainements\/demarreurs-moteurs\/#primaryimage\"},\"thumbnailUrl\":\"https:\/\/rexel.conversal.io\/wp-content\/uploads\/2025\/12\/Motorstarters.png\",\"datePublished\":\"2026-01-27T08:23:05+00:00\",\"dateModified\":\"2026-02-02T16:58:27+00:00\",\"description\":\"Une large gamme de produits et de solutions est disponible pour le d\u00e9marrage et la commande des moteurs asynchrones triphas\u00e9s.\",\"breadcrumb\":{\"@id\":\"https:\/\/rexel.conversal.io\/fr\/siemens\/automatisation-industrielle-entrainements\/demarreurs-moteurs\/#breadcrumb\"},\"inLanguage\":\"fr-FR\",\"potentialAction\":[{\"@type\":\"ReadAction\",\"target\":[\"https:\/\/rexel.conversal.io\/fr\/siemens\/automatisation-industrielle-entrainements\/demarreurs-moteurs\/\"]}]},{\"@type\":\"ImageObject\",\"inLanguage\":\"fr-FR\",\"@id\":\"https:\/\/rexel.conversal.io\/fr\/siemens\/automatisation-industrielle-entrainements\/demarreurs-moteurs\/#primaryimage\",\"url\":\"https:\/\/rexel.conversal.io\/wp-content\/uploads\/2025\/12\/Motorstarters.png\",\"contentUrl\":\"https:\/\/rexel.conversal.io\/wp-content\/uploads\/2025\/12\/Motorstarters.png\"},{\"@type\":\"BreadcrumbList\",\"@id\":\"https:\/\/rexel.conversal.io\/fr\/siemens\/automatisation-industrielle-entrainements\/demarreurs-moteurs\/#breadcrumb\",\"itemListElement\":[{\"@type\":\"ListItem\",\"position\":1,\"name\":\"Home\",\"item\":\"https:\/\/rexel.conversal.io\/fr\/\"},{\"@type\":\"ListItem\",\"position\":2,\"name\":\"Siemens\",\"item\":\"https:\/\/rexel.conversal.io\/fr\/siemens\/\"},{\"@type\":\"ListItem\",\"position\":3,\"name\":\"Automatisation industrielle &#038; entra\u00eenements\",\"item\":\"https:\/\/rexel.conversal.io\/fr\/siemens\/automatisation-industrielle-entrainements\/\"},{\"@type\":\"ListItem\",\"position\":4,\"name\":\"D\u00e9marreurs moteurs\"}]},{\"@type\":\"WebSite\",\"@id\":\"https:\/\/rexel.conversal.io\/fr\/#website\",\"url\":\"https:\/\/rexel.conversal.io\/fr\/\",\"name\":\"Rexel\",\"description\":\"\",\"potentialAction\":[{\"@type\":\"SearchAction\",\"target\":{\"@type\":\"EntryPoint\",\"urlTemplate\":\"https:\/\/rexel.conversal.io\/fr\/?s={search_term_string}\"},\"query-input\":{\"@type\":\"PropertyValueSpecification\",\"valueRequired\":true,\"valueName\":\"search_term_string\"}}],\"inLanguage\":\"fr-FR\"}]}<\/script>\n<!-- \/ Yoast SEO plugin. -->","yoast_head_json":{"title":"D\u00e9marreurs moteurs - Rexel Belgium","description":"Une large gamme de produits et de solutions est disponible pour le d\u00e9marrage et la commande des moteurs asynchrones triphas\u00e9s.","robots":{"index":"noindex","follow":"follow","max-snippet":"max-snippet:-1","max-image-preview":"max-image-preview:large","max-video-preview":"max-video-preview:-1"},"og_locale":"fr_FR","og_type":"article","og_title":"D\u00e9marreurs moteurs - Rexel Belgium","og_description":"Une large gamme de produits et de solutions est disponible pour le d\u00e9marrage et la commande des moteurs asynchrones triphas\u00e9s.","og_url":"https:\/\/rexel.conversal.io\/fr\/siemens\/automatisation-industrielle-entrainements\/demarreurs-moteurs\/","og_site_name":"Rexel","article_modified_time":"2026-02-02T16:58:27+00:00","og_image":[{"width":1280,"height":720,"url":"https:\/\/rexel.conversal.io\/wp-content\/uploads\/2025\/12\/Motorstarters.png","type":"image\/png"}],"twitter_card":"summary_large_image","twitter_misc":{"Dur\u00e9e de lecture estim\u00e9e":"3 minutes"},"schema":{"@context":"https:\/\/schema.org","@graph":[{"@type":"WebPage","@id":"https:\/\/rexel.conversal.io\/fr\/siemens\/automatisation-industrielle-entrainements\/demarreurs-moteurs\/","url":"https:\/\/rexel.conversal.io\/fr\/siemens\/automatisation-industrielle-entrainements\/demarreurs-moteurs\/","name":"D\u00e9marreurs moteurs - Rexel Belgium","isPartOf":{"@id":"https:\/\/rexel.conversal.io\/fr\/#website"},"primaryImageOfPage":{"@id":"https:\/\/rexel.conversal.io\/fr\/siemens\/automatisation-industrielle-entrainements\/demarreurs-moteurs\/#primaryimage"},"image":{"@id":"https:\/\/rexel.conversal.io\/fr\/siemens\/automatisation-industrielle-entrainements\/demarreurs-moteurs\/#primaryimage"},"thumbnailUrl":"https:\/\/rexel.conversal.io\/wp-content\/uploads\/2025\/12\/Motorstarters.png","datePublished":"2026-01-27T08:23:05+00:00","dateModified":"2026-02-02T16:58:27+00:00","description":"Une large gamme de produits et de solutions est disponible pour le d\u00e9marrage et la commande des moteurs asynchrones triphas\u00e9s.","breadcrumb":{"@id":"https:\/\/rexel.conversal.io\/fr\/siemens\/automatisation-industrielle-entrainements\/demarreurs-moteurs\/#breadcrumb"},"inLanguage":"fr-FR","potentialAction":[{"@type":"ReadAction","target":["https:\/\/rexel.conversal.io\/fr\/siemens\/automatisation-industrielle-entrainements\/demarreurs-moteurs\/"]}]},{"@type":"ImageObject","inLanguage":"fr-FR","@id":"https:\/\/rexel.conversal.io\/fr\/siemens\/automatisation-industrielle-entrainements\/demarreurs-moteurs\/#primaryimage","url":"https:\/\/rexel.conversal.io\/wp-content\/uploads\/2025\/12\/Motorstarters.png","contentUrl":"https:\/\/rexel.conversal.io\/wp-content\/uploads\/2025\/12\/Motorstarters.png"},{"@type":"BreadcrumbList","@id":"https:\/\/rexel.conversal.io\/fr\/siemens\/automatisation-industrielle-entrainements\/demarreurs-moteurs\/#breadcrumb","itemListElement":[{"@type":"ListItem","position":1,"name":"Home","item":"https:\/\/rexel.conversal.io\/fr\/"},{"@type":"ListItem","position":2,"name":"Siemens","item":"https:\/\/rexel.conversal.io\/fr\/siemens\/"},{"@type":"ListItem","position":3,"name":"Automatisation industrielle &#038; entra\u00eenements","item":"https:\/\/rexel.conversal.io\/fr\/siemens\/automatisation-industrielle-entrainements\/"},{"@type":"ListItem","position":4,"name":"D\u00e9marreurs moteurs"}]},{"@type":"WebSite","@id":"https:\/\/rexel.conversal.io\/fr\/#website","url":"https:\/\/rexel.conversal.io\/fr\/","name":"Rexel","description":"","potentialAction":[{"@type":"SearchAction","target":{"@type":"EntryPoint","urlTemplate":"https:\/\/rexel.conversal.io\/fr\/?s={search_term_string}"},"query-input":{"@type":"PropertyValueSpecification","valueRequired":true,"valueName":"search_term_string"}}],"inLanguage":"fr-FR"}]}},"_links":{"self":[{"href":"https:\/\/rexel.conversal.io\/fr\/wp-json\/wp\/v2\/pages\/4253","targetHints":{"allow":["GET"]}}],"collection":[{"href":"https:\/\/rexel.conversal.io\/fr\/wp-json\/wp\/v2\/pages"}],"about":[{"href":"https:\/\/rexel.conversal.io\/fr\/wp-json\/wp\/v2\/types\/page"}],"author":[{"embeddable":true,"href":"https:\/\/rexel.conversal.io\/fr\/wp-json\/wp\/v2\/users\/3"}],"replies":[{"embeddable":true,"href":"https:\/\/rexel.conversal.io\/fr\/wp-json\/wp\/v2\/comments?post=4253"}],"version-history":[{"count":3,"href":"https:\/\/rexel.conversal.io\/fr\/wp-json\/wp\/v2\/pages\/4253\/revisions"}],"predecessor-version":[{"id":5536,"href":"https:\/\/rexel.conversal.io\/fr\/wp-json\/wp\/v2\/pages\/4253\/revisions\/5536"}],"up":[{"embeddable":true,"href":"https:\/\/rexel.conversal.io\/fr\/wp-json\/wp\/v2\/pages\/2887"}],"wp:attachment":[{"href":"https:\/\/rexel.conversal.io\/fr\/wp-json\/wp\/v2\/media?parent=4253"}],"curies":[{"name":"wp","href":"https:\/\/api.w.org\/{rel}","templated":true}]}}