{"id":1414,"date":"2025-10-08T11:26:09","date_gmt":"2025-10-08T09:26:09","guid":{"rendered":"https:\/\/rexel.conversal.io\/?post_type=product&#038;p=1414"},"modified":"2026-02-02T12:44:10","modified_gmt":"2026-02-02T11:44:10","slug":"industrie","status":"publish","type":"product","link":"https:\/\/rexel.conversal.io\/fr\/produits\/industrie\/","title":{"rendered":"Industrie"},"content":{"rendered":"\n<div class=\"wp-block-group has-global-padding is-layout-constrained wp-block-group-is-layout-constrained\" style=\"padding-top:var(--wp--preset--spacing--120-60);padding-bottom:var(--wp--preset--spacing--120-60)\">\n<div class=\"wp-block-columns are-vertically-aligned-center is-layout-flex wp-container-core-columns-is-layout-d2ad5bd7 wp-block-columns-is-layout-flex\">\n<div class=\"wp-block-column is-vertically-aligned-center is-layout-flow wp-block-column-is-layout-flow\">\n<h2 class=\"wp-block-heading\"><strong><strong>Solutions industrielles et automatisation<\/strong><\/strong><\/h2>\n\n\n\n<p>Dans l&rsquo;industrie, l\u2019automatisation, la s\u00e9curit\u00e9 et l&rsquo;efficacit\u00e9 \u00e9nerg\u00e9tique sont indispensables. Chez Rexel, vous trouverez une large gamme de produits et solutions industriels pour l&rsquo;automatisation, le contr\u00f4le et la distribution d&rsquo;\u00e9nergie. Notre gamme comprend notamment des fusibles industriels, des armoires, des PLC, des capteurs et des appareils de commutation.<\/p>\n\n\n\n<p>Gr\u00e2ce \u00e0 notre \u00e9quipe sp\u00e9cialis\u00e9e, nous accompagnons aussi bien les grandes entreprises industrielles que les installateurs dans la r\u00e9alisation de leurs projets. Ensemble, nous vous proposons une solution efficace et fiable, enti\u00e8rement adapt\u00e9e \u00e0 vos besoins.<\/p>\n\n\n\n<div class=\"wp-block-buttons is-layout-flex wp-block-buttons-is-layout-flex\">\n<div class=\"wp-block-button is-style-fill\"><a class=\"wp-block-button__link wp-element-button\" href=\"https:\/\/rexel.conversal.io\/fr\/solution\/pour-installateurs-industriels\/\">D\u00e9couvrez nos solutions pour les clients industriels<\/a><\/div>\n<\/div>\n<\/div>\n\n\n\n<div class=\"wp-block-column is-vertically-aligned-center is-layout-flow wp-block-column-is-layout-flow\">\n<figure class=\"wp-block-image size-full is-style-right-outside orange is-style-right-outside--1\"><img loading=\"lazy\" decoding=\"async\" width=\"770\" height=\"540\" src=\"https:\/\/rexel.conversal.io\/wp-content\/uploads\/2025\/10\/Industriele-oplossingen-en-automatisatie.webp\" alt=\"\" class=\"wp-image-1416\" srcset=\"https:\/\/rexel.conversal.io\/wp-content\/uploads\/2025\/10\/Industriele-oplossingen-en-automatisatie.webp 770w, https:\/\/rexel.conversal.io\/wp-content\/uploads\/2025\/10\/Industriele-oplossingen-en-automatisatie-300x210.webp 300w, https:\/\/rexel.conversal.io\/wp-content\/uploads\/2025\/10\/Industriele-oplossingen-en-automatisatie-768x539.webp 768w\" sizes=\"auto, (max-width: 770px) 100vw, 770px\" \/><\/figure>\n<\/div>\n<\/div>\n<\/div>\n\n\n\n<div class=\"wp-block-group bg_shape has-global-padding is-layout-constrained wp-block-group-is-layout-constrained\" style=\"margin-top:0;margin-bottom:0;padding-top:var(--wp--preset--spacing--120-60);padding-bottom:var(--wp--preset--spacing--120-60)\">\n<h2 class=\"wp-block-heading has-text-align-center\"><strong>Notre offre pour l&rsquo;industrie<\/strong><\/h2>\n\n\n\n<p class=\"has-text-align-center\">Rexel vous propose tout ce dont vous avez besoin pour une installation industrielle s\u00fbre et performante :<\/p>\n\n\n\n<div class=\"wp-block-group is-layout-grid wp-container-core-group-is-layout-988b637e wp-block-group-is-layout-grid\">\n<div class=\"wp-block-group has-border-color has-white-background-color has-background is-layout-flow wp-block-group-is-layout-flow\" style=\"border-color:#2896d752;border-width:1px;border-radius:16px;padding-top:var(--wp--preset--spacing--40-20);padding-right:var(--wp--preset--spacing--40-20);padding-bottom:var(--wp--preset--spacing--40-20);padding-left:var(--wp--preset--spacing--40-20);box-shadow:var(--wp--preset--shadow--shadow-1)\">\n<h4 class=\"wp-block-heading has-dark-color has-text-color has-link-color wp-elements-ca1deb43d1c46dbec72ac7b81986d89b\"><strong>Sectionneurs et disjoncteurs<\/strong><\/h4>\n<\/div>\n\n\n\n<div class=\"wp-block-group has-border-color has-white-background-color has-background is-layout-flow wp-block-group-is-layout-flow\" style=\"border-color:#2896d752;border-width:1px;border-radius:16px;padding-top:var(--wp--preset--spacing--40-20);padding-right:var(--wp--preset--spacing--40-20);padding-bottom:var(--wp--preset--spacing--40-20);padding-left:var(--wp--preset--spacing--40-20);box-shadow:var(--wp--preset--shadow--shadow-1)\">\n<h4 class=\"wp-block-heading has-dark-color has-text-color has-link-color wp-elements-942c2910825358a6feecee9ea3089245\"><strong>Fusibles industriels et armoires<\/strong><\/h4>\n<\/div>\n\n\n\n<div class=\"wp-block-group has-border-color has-white-background-color has-background is-layout-flow wp-block-group-is-layout-flow\" style=\"border-color:#2896d752;border-width:1px;border-radius:16px;padding-top:var(--wp--preset--spacing--40-20);padding-right:var(--wp--preset--spacing--40-20);padding-bottom:var(--wp--preset--spacing--40-20);padding-left:var(--wp--preset--spacing--40-20);box-shadow:var(--wp--preset--shadow--shadow-1)\">\n<h4 class=\"wp-block-heading has-dark-color has-text-color has-link-color wp-elements-03dd67810a94bef755dee760dbb04e18\"><strong>Compteurs et gestion de l&rsquo;\u00e9nergie<\/strong><\/h4>\n<\/div>\n\n\n\n<div class=\"wp-block-group has-border-color has-white-background-color has-background is-layout-flow wp-block-group-is-layout-flow\" style=\"border-color:#2896d752;border-width:1px;border-radius:16px;padding-top:var(--wp--preset--spacing--40-20);padding-right:var(--wp--preset--spacing--40-20);padding-bottom:var(--wp--preset--spacing--40-20);padding-left:var(--wp--preset--spacing--40-20);box-shadow:var(--wp--preset--shadow--shadow-1)\">\n<h4 class=\"wp-block-heading has-dark-color has-text-color has-link-color wp-elements-f1dfdb98ffad78e41b111f73e3bb3a3d\"><strong>Capteurs, d\u00e9tecteurs et automates programmables<\/strong><\/h4>\n<\/div>\n\n\n\n<div class=\"wp-block-group has-border-color has-white-background-color has-background is-layout-flow wp-block-group-is-layout-flow\" style=\"border-color:#2896d752;border-width:1px;border-radius:16px;padding-top:var(--wp--preset--spacing--40-20);padding-right:var(--wp--preset--spacing--40-20);padding-bottom:var(--wp--preset--spacing--40-20);padding-left:var(--wp--preset--spacing--40-20);box-shadow:var(--wp--preset--shadow--shadow-1)\">\n<h4 class=\"wp-block-heading has-dark-color has-text-color has-link-color wp-elements-dacf365cd9b911341313d63457ca9372\"><strong>Boutons-poussoirs et \u00e9l\u00e9ments de commande<\/strong><\/h4>\n<\/div>\n\n\n\n<div class=\"wp-block-group has-border-color has-white-background-color has-background is-layout-flow wp-block-group-is-layout-flow\" style=\"border-color:#2896d752;border-width:1px;border-radius:16px;padding-top:var(--wp--preset--spacing--40-20);padding-right:var(--wp--preset--spacing--40-20);padding-bottom:var(--wp--preset--spacing--40-20);padding-left:var(--wp--preset--spacing--40-20);box-shadow:var(--wp--preset--shadow--shadow-1)\">\n<h4 class=\"wp-block-heading has-dark-color has-text-color has-link-color wp-elements-b523b82250f47e12e1457ab932843380\"><strong>Protection et commande des moteurs<\/strong><\/h4>\n<\/div>\n\n\n\n<div class=\"wp-block-group has-border-color has-white-background-color has-background is-layout-flow wp-block-group-is-layout-flow\" style=\"border-color:#2896d752;border-width:1px;border-radius:16px;padding-top:var(--wp--preset--spacing--40-20);padding-right:var(--wp--preset--spacing--40-20);padding-bottom:var(--wp--preset--spacing--40-20);padding-left:var(--wp--preset--spacing--40-20);box-shadow:var(--wp--preset--shadow--shadow-1)\">\n<h4 class=\"wp-block-heading has-dark-color has-text-color has-link-color wp-elements-37cd01f93acc67498d265993541477fc\"><strong>Fiches CEE et connecteurs industriels<\/strong><\/h4>\n<\/div>\n<\/div>\n<\/div>\n\n\n\n<div class=\"wp-block-group top_minus_35 has-global-padding is-layout-constrained wp-block-group-is-layout-constrained\" style=\"padding-top:var(--wp--preset--spacing--80-60);padding-bottom:var(--wp--preset--spacing--80-60)\">\n<div class=\"wp-block-columns are-vertically-aligned-center has-border-color has-white-background-color has-background is-layout-flex wp-container-core-columns-is-layout-5fd65f55 wp-block-columns-is-layout-flex\" style=\"border-color:#2896d729;border-width:1px;border-radius:24px;padding-top:var(--wp--preset--spacing--60-40);padding-right:var(--wp--preset--spacing--60-40);padding-bottom:var(--wp--preset--spacing--60-40);padding-left:var(--wp--preset--spacing--60-40)\">\n<div class=\"wp-block-column is-vertically-aligned-center is-layout-flow wp-block-column-is-layout-flow\" style=\"flex-basis:33%\">\n<h4 class=\"wp-block-heading mobile-text-center wp-container-content-9cfa9a5a\"><strong>Partenaires avec lesquels nous collaborons<\/strong><\/h4>\n<\/div>\n\n\n\n<div class=\"wp-block-column is-vertically-aligned-center is-layout-flow wp-block-column-is-layout-flow\">\n<div class=\"wp-block-cb-carousel-v2 cb-carousel-block\" data-cb-slides-per-view=\"2\" data-cb-slides-per-group=\"2\" data-cb-space-between=\"10\" data-cb-speed=\"300\" data-cb-loop=\"true\" data-cb-autoplay=\"true\" data-cb-autoplay-speed=\"3000\" data-cb-breakpoints=\"{&quot;768&quot;:{&quot;slidesPerView&quot;:5,&quot;slidesPerGroup&quot;:1}}\"><div class=\"swiper\"><div class=\"cb-wrapper swiper-wrapper\">\n<div class=\"wp-block-cb-slide-v2 cb-slide swiper-slide\">\n<figure class=\"wp-block-image aligncenter size-full\"><img loading=\"lazy\" decoding=\"async\" width=\"425\" height=\"265\" src=\"https:\/\/rexel.conversal.io\/wp-content\/uploads\/2025\/10\/ABB-web.jpg\" alt=\"\" class=\"wp-image-1364\" srcset=\"https:\/\/rexel.conversal.io\/wp-content\/uploads\/2025\/10\/ABB-web.jpg 425w, https:\/\/rexel.conversal.io\/wp-content\/uploads\/2025\/10\/ABB-web-300x187.jpg 300w\" sizes=\"auto, (max-width: 425px) 100vw, 425px\" \/><\/figure>\n<\/div>\n\n\n\n<div class=\"wp-block-cb-slide-v2 cb-slide swiper-slide\">\n<figure class=\"wp-block-image aligncenter size-full\"><img loading=\"lazy\" decoding=\"async\" width=\"425\" height=\"265\" src=\"https:\/\/rexel.conversal.io\/wp-content\/uploads\/2025\/10\/Eaton-web.jpg\" alt=\"\" class=\"wp-image-1365\" style=\"aspect-ratio:1.696899672636241\" srcset=\"https:\/\/rexel.conversal.io\/wp-content\/uploads\/2025\/10\/Eaton-web.jpg 425w, https:\/\/rexel.conversal.io\/wp-content\/uploads\/2025\/10\/Eaton-web-300x187.jpg 300w\" sizes=\"auto, (max-width: 425px) 100vw, 425px\" \/><\/figure>\n<\/div>\n\n\n\n<div class=\"wp-block-cb-slide-v2 cb-slide swiper-slide\">\n<figure class=\"wp-block-image aligncenter size-full\"><img loading=\"lazy\" decoding=\"async\" width=\"425\" height=\"265\" src=\"https:\/\/rexel.conversal.io\/wp-content\/uploads\/2025\/10\/Erea-web.jpg\" alt=\"\" class=\"wp-image-1366\" srcset=\"https:\/\/rexel.conversal.io\/wp-content\/uploads\/2025\/10\/Erea-web.jpg 425w, https:\/\/rexel.conversal.io\/wp-content\/uploads\/2025\/10\/Erea-web-300x187.jpg 300w\" sizes=\"auto, (max-width: 425px) 100vw, 425px\" \/><\/figure>\n<\/div>\n\n\n\n<div class=\"wp-block-cb-slide-v2 cb-slide swiper-slide\">\n<figure class=\"wp-block-image aligncenter size-full\"><img loading=\"lazy\" decoding=\"async\" width=\"425\" height=\"265\" src=\"https:\/\/rexel.conversal.io\/wp-content\/uploads\/2025\/10\/Finder-web.jpg\" alt=\"\" class=\"wp-image-1367\" srcset=\"https:\/\/rexel.conversal.io\/wp-content\/uploads\/2025\/10\/Finder-web.jpg 425w, https:\/\/rexel.conversal.io\/wp-content\/uploads\/2025\/10\/Finder-web-300x187.jpg 300w\" sizes=\"auto, (max-width: 425px) 100vw, 425px\" \/><\/figure>\n<\/div>\n\n\n\n<div class=\"wp-block-cb-slide-v2 cb-slide swiper-slide\">\n<figure class=\"wp-block-image aligncenter size-full\" style=\"margin-top:0;margin-bottom:0\"><img loading=\"lazy\" decoding=\"async\" width=\"425\" height=\"265\" src=\"https:\/\/rexel.conversal.io\/wp-content\/uploads\/2025\/10\/Legrand-web.jpg\" alt=\"\" class=\"wp-image-1368\" srcset=\"https:\/\/rexel.conversal.io\/wp-content\/uploads\/2025\/10\/Legrand-web.jpg 425w, https:\/\/rexel.conversal.io\/wp-content\/uploads\/2025\/10\/Legrand-web-300x187.jpg 300w\" sizes=\"auto, (max-width: 425px) 100vw, 425px\" \/><\/figure>\n<\/div>\n\n\n\n<div class=\"wp-block-cb-slide-v2 cb-slide swiper-slide\">\n<figure class=\"wp-block-image aligncenter size-full\"><img loading=\"lazy\" decoding=\"async\" width=\"425\" height=\"265\" src=\"https:\/\/rexel.conversal.io\/wp-content\/uploads\/2025\/10\/Mennekes-web.jpg\" alt=\"\" class=\"wp-image-1369\" srcset=\"https:\/\/rexel.conversal.io\/wp-content\/uploads\/2025\/10\/Mennekes-web.jpg 425w, https:\/\/rexel.conversal.io\/wp-content\/uploads\/2025\/10\/Mennekes-web-300x187.jpg 300w\" sizes=\"auto, (max-width: 425px) 100vw, 425px\" \/><\/figure>\n<\/div>\n\n\n\n<div class=\"wp-block-cb-slide-v2 cb-slide swiper-slide\">\n<figure class=\"wp-block-image aligncenter size-full is-resized\"><img loading=\"lazy\" decoding=\"async\" width=\"92\" height=\"60\" src=\"https:\/\/rexel.conversal.io\/wp-content\/uploads\/2025\/10\/nVent_Logo_RGB_F2.jpg.png\" alt=\"\" class=\"wp-image-1370\" style=\"aspect-ratio:1.5335900727428327;width:66px;height:auto\"\/><\/figure>\n<\/div>\n\n\n\n<div class=\"wp-block-cb-slide-v2 cb-slide swiper-slide\">\n<figure class=\"wp-block-image aligncenter size-full\"><img loading=\"lazy\" decoding=\"async\" width=\"425\" height=\"265\" src=\"https:\/\/rexel.conversal.io\/wp-content\/uploads\/2025\/10\/Omron-web.jpg\" alt=\"\" class=\"wp-image-1371\" style=\"aspect-ratio:1.604319321249518\" srcset=\"https:\/\/rexel.conversal.io\/wp-content\/uploads\/2025\/10\/Omron-web.jpg 425w, https:\/\/rexel.conversal.io\/wp-content\/uploads\/2025\/10\/Omron-web-300x187.jpg 300w\" sizes=\"auto, (max-width: 425px) 100vw, 425px\" \/><\/figure>\n<\/div>\n\n\n\n<div class=\"wp-block-cb-slide-v2 cb-slide swiper-slide\">\n<figure class=\"wp-block-image aligncenter size-full\"><img loading=\"lazy\" decoding=\"async\" width=\"425\" height=\"265\" src=\"https:\/\/rexel.conversal.io\/wp-content\/uploads\/2025\/10\/Phoenix-contact-web.jpg\" alt=\"\" class=\"wp-image-1372\" style=\"aspect-ratio:1.6039315617036767\" srcset=\"https:\/\/rexel.conversal.io\/wp-content\/uploads\/2025\/10\/Phoenix-contact-web.jpg 425w, https:\/\/rexel.conversal.io\/wp-content\/uploads\/2025\/10\/Phoenix-contact-web-300x187.jpg 300w\" sizes=\"auto, (max-width: 425px) 100vw, 425px\" \/><\/figure>\n<\/div>\n\n\n\n<div class=\"wp-block-cb-slide-v2 cb-slide swiper-slide\">\n<figure class=\"wp-block-image aligncenter size-full is-resized\"><img loading=\"lazy\" decoding=\"async\" width=\"2160\" height=\"978\" src=\"https:\/\/rexel.conversal.io\/wp-content\/uploads\/2025\/10\/Pilz-new.png\" alt=\"\" class=\"wp-image-1373\" style=\"aspect-ratio:2.2094081942336876;width:77px;height:auto\" srcset=\"https:\/\/rexel.conversal.io\/wp-content\/uploads\/2025\/10\/Pilz-new.png 2160w, https:\/\/rexel.conversal.io\/wp-content\/uploads\/2025\/10\/Pilz-new-300x136.png 300w, https:\/\/rexel.conversal.io\/wp-content\/uploads\/2025\/10\/Pilz-new-1024x464.png 1024w, https:\/\/rexel.conversal.io\/wp-content\/uploads\/2025\/10\/Pilz-new-768x348.png 768w, https:\/\/rexel.conversal.io\/wp-content\/uploads\/2025\/10\/Pilz-new-1536x695.png 1536w, https:\/\/rexel.conversal.io\/wp-content\/uploads\/2025\/10\/Pilz-new-2048x927.png 2048w\" sizes=\"auto, (max-width: 2160px) 100vw, 2160px\" \/><\/figure>\n<\/div>\n\n\n\n<div class=\"wp-block-cb-slide-v2 cb-slide swiper-slide\">\n<figure class=\"wp-block-image aligncenter size-full is-resized\"><img loading=\"lazy\" decoding=\"async\" width=\"732\" height=\"1024\" src=\"https:\/\/rexel.conversal.io\/wp-content\/uploads\/2025\/10\/RITTAL_4c_w_N-RGB-732x1024-1.jpg\" alt=\"\" class=\"wp-image-1374\" style=\"aspect-ratio:0.7148980387063255;width:37px;height:auto\" srcset=\"https:\/\/rexel.conversal.io\/wp-content\/uploads\/2025\/10\/RITTAL_4c_w_N-RGB-732x1024-1.jpg 732w, https:\/\/rexel.conversal.io\/wp-content\/uploads\/2025\/10\/RITTAL_4c_w_N-RGB-732x1024-1-214x300.jpg 214w\" sizes=\"auto, (max-width: 732px) 100vw, 732px\" \/><\/figure>\n<\/div>\n\n\n\n<div class=\"wp-block-cb-slide-v2 cb-slide swiper-slide\">\n<figure class=\"wp-block-image aligncenter size-full\"><a href=\"https:\/\/rexel.conversal.io\/fr\/binnenpagina-14\/\"><img loading=\"lazy\" decoding=\"async\" width=\"425\" height=\"265\" src=\"https:\/\/rexel.conversal.io\/wp-content\/uploads\/2025\/10\/Schneider-web.jpg\" alt=\"\" class=\"wp-image-1375\" srcset=\"https:\/\/rexel.conversal.io\/wp-content\/uploads\/2025\/10\/Schneider-web.jpg 425w, https:\/\/rexel.conversal.io\/wp-content\/uploads\/2025\/10\/Schneider-web-300x187.jpg 300w\" sizes=\"auto, (max-width: 425px) 100vw, 425px\" \/><\/a><\/figure>\n<\/div>\n\n\n\n<div class=\"wp-block-cb-slide-v2 cb-slide swiper-slide\">\n<figure class=\"wp-block-image aligncenter size-full\"><img loading=\"lazy\" decoding=\"async\" width=\"425\" height=\"265\" src=\"https:\/\/rexel.conversal.io\/wp-content\/uploads\/2025\/10\/Sick-web.jpg\" alt=\"\" class=\"wp-image-1376\" srcset=\"https:\/\/rexel.conversal.io\/wp-content\/uploads\/2025\/10\/Sick-web.jpg 425w, https:\/\/rexel.conversal.io\/wp-content\/uploads\/2025\/10\/Sick-web-300x187.jpg 300w\" sizes=\"auto, (max-width: 425px) 100vw, 425px\" \/><\/figure>\n<\/div>\n\n\n\n<div class=\"wp-block-cb-slide-v2 cb-slide swiper-slide\">\n<figure class=\"wp-block-image size-full\"><a href=\"https:\/\/rexel.conversal.io\/fr\/binnenpagina-15\/\"><img loading=\"lazy\" decoding=\"async\" width=\"425\" height=\"265\" src=\"https:\/\/rexel.conversal.io\/wp-content\/uploads\/2025\/10\/Siemens-web.jpg\" alt=\"\" class=\"wp-image-1377\" srcset=\"https:\/\/rexel.conversal.io\/wp-content\/uploads\/2025\/10\/Siemens-web.jpg 425w, https:\/\/rexel.conversal.io\/wp-content\/uploads\/2025\/10\/Siemens-web-300x187.jpg 300w\" sizes=\"auto, (max-width: 425px) 100vw, 425px\" \/><\/a><\/figure>\n<\/div>\n\n\n\n<div class=\"wp-block-cb-slide-v2 cb-slide swiper-slide\">\n<figure class=\"wp-block-image size-large is-resized\"><img loading=\"lazy\" decoding=\"async\" width=\"1024\" height=\"185\" src=\"https:\/\/rexel.conversal.io\/wp-content\/uploads\/2025\/10\/werma-1024x185.jpg\" alt=\"\" class=\"wp-image-1378\" style=\"aspect-ratio:5.5378995433789955;width:111px;height:auto\" srcset=\"https:\/\/rexel.conversal.io\/wp-content\/uploads\/2025\/10\/werma-1024x185.jpg 1024w, https:\/\/rexel.conversal.io\/wp-content\/uploads\/2025\/10\/werma-300x54.jpg 300w, https:\/\/rexel.conversal.io\/wp-content\/uploads\/2025\/10\/werma-768x138.jpg 768w, https:\/\/rexel.conversal.io\/wp-content\/uploads\/2025\/10\/werma-1536x277.jpg 1536w, https:\/\/rexel.conversal.io\/wp-content\/uploads\/2025\/10\/werma.jpg 1847w\" sizes=\"auto, (max-width: 1024px) 100vw, 1024px\" \/><\/figure>\n<\/div>\n<\/div><\/div><\/div>\n<\/div>\n<\/div>\n<\/div>\n","protected":false},"featured_media":1418,"parent":0,"menu_order":0,"template":"","meta":{"_acf_changed":false,"inline_featured_image":false,"_links_to":"","_links_to_target":""},"class_list":["post-1414","product","type-product","status-publish","has-post-thumbnail","hentry"],"acf":[],"yoast_head":"<!-- This site is optimized with the Yoast SEO plugin v26.9 - https:\/\/yoast.com\/product\/yoast-seo-wordpress\/ -->\n<title>Solutions industrielles et automatisation - Rexel Belgium<\/title>\n<meta name=\"description\" content=\"Large gamme de produits et de solutions pour l&#039;automatisation, le contr\u00f4le et la distribution d&#039;\u00e9nergie : fusibles, armoires, automate programmable (PLC)...\" \/>\n<meta name=\"robots\" content=\"noindex, follow, max-snippet:-1, max-image-preview:large, max-video-preview:-1\" \/>\n<meta property=\"og:locale\" content=\"fr_FR\" \/>\n<meta property=\"og:type\" content=\"article\" \/>\n<meta property=\"og:title\" content=\"Solutions industrielles et automatisation - Rexel Belgium\" \/>\n<meta property=\"og:description\" content=\"Large gamme de produits et de solutions pour l&#039;automatisation, le contr\u00f4le et la distribution d&#039;\u00e9nergie : fusibles, armoires, automate programmable (PLC)...\" \/>\n<meta property=\"og:url\" content=\"https:\/\/rexel.conversal.io\/fr\/produits\/industrie\/\" \/>\n<meta property=\"og:site_name\" content=\"Rexel\" \/>\n<meta property=\"article:modified_time\" content=\"2026-02-02T11:44:10+00:00\" \/>\n<meta property=\"og:image\" content=\"https:\/\/rexel.conversal.io\/wp-content\/uploads\/2025\/10\/Industriele-installatie-scaled.webp\" \/>\n\t<meta property=\"og:image:width\" content=\"2560\" \/>\n\t<meta property=\"og:image:height\" content=\"1709\" \/>\n\t<meta property=\"og:image:type\" content=\"image\/webp\" \/>\n<meta name=\"twitter:card\" content=\"summary_large_image\" \/>\n<meta name=\"twitter:label1\" content=\"Dur\u00e9e de lecture estim\u00e9e\" \/>\n\t<meta name=\"twitter:data1\" content=\"5 minutes\" \/>\n<script type=\"application\/ld+json\" class=\"yoast-schema-graph\">{\"@context\":\"https:\/\/schema.org\",\"@graph\":[{\"@type\":\"WebPage\",\"@id\":\"https:\/\/rexel.conversal.io\/fr\/produits\/industrie\/\",\"url\":\"https:\/\/rexel.conversal.io\/fr\/produits\/industrie\/\",\"name\":\"Solutions industrielles et automatisation - Rexel Belgium\",\"isPartOf\":{\"@id\":\"https:\/\/rexel.conversal.io\/fr\/#website\"},\"primaryImageOfPage\":{\"@id\":\"https:\/\/rexel.conversal.io\/fr\/produits\/industrie\/#primaryimage\"},\"image\":{\"@id\":\"https:\/\/rexel.conversal.io\/fr\/produits\/industrie\/#primaryimage\"},\"thumbnailUrl\":\"https:\/\/rexel.conversal.io\/wp-content\/uploads\/2025\/10\/Industriele-installatie-scaled.webp\",\"datePublished\":\"2025-10-08T09:26:09+00:00\",\"dateModified\":\"2026-02-02T11:44:10+00:00\",\"description\":\"Large gamme de produits et de solutions pour l'automatisation, le contr\u00f4le et la distribution d'\u00e9nergie : fusibles, armoires, automate programmable (PLC)...\",\"breadcrumb\":{\"@id\":\"https:\/\/rexel.conversal.io\/fr\/produits\/industrie\/#breadcrumb\"},\"inLanguage\":\"fr-FR\",\"potentialAction\":[{\"@type\":\"ReadAction\",\"target\":[\"https:\/\/rexel.conversal.io\/fr\/produits\/industrie\/\"]}]},{\"@type\":\"ImageObject\",\"inLanguage\":\"fr-FR\",\"@id\":\"https:\/\/rexel.conversal.io\/fr\/produits\/industrie\/#primaryimage\",\"url\":\"https:\/\/rexel.conversal.io\/wp-content\/uploads\/2025\/10\/Industriele-installatie-scaled.webp\",\"contentUrl\":\"https:\/\/rexel.conversal.io\/wp-content\/uploads\/2025\/10\/Industriele-installatie-scaled.webp\",\"width\":2560,\"height\":1709},{\"@type\":\"BreadcrumbList\",\"@id\":\"https:\/\/rexel.conversal.io\/fr\/produits\/industrie\/#breadcrumb\",\"itemListElement\":[{\"@type\":\"ListItem\",\"position\":1,\"name\":\"Home\",\"item\":\"https:\/\/rexel.conversal.io\/fr\/\"},{\"@type\":\"ListItem\",\"position\":2,\"name\":\"Produits\",\"item\":\"https:\/\/rexel.conversal.io\/fr\/produits\/\"},{\"@type\":\"ListItem\",\"position\":3,\"name\":\"Industrie\"}]},{\"@type\":\"WebSite\",\"@id\":\"https:\/\/rexel.conversal.io\/fr\/#website\",\"url\":\"https:\/\/rexel.conversal.io\/fr\/\",\"name\":\"Rexel\",\"description\":\"\",\"potentialAction\":[{\"@type\":\"SearchAction\",\"target\":{\"@type\":\"EntryPoint\",\"urlTemplate\":\"https:\/\/rexel.conversal.io\/fr\/?s={search_term_string}\"},\"query-input\":{\"@type\":\"PropertyValueSpecification\",\"valueRequired\":true,\"valueName\":\"search_term_string\"}}],\"inLanguage\":\"fr-FR\"}]}<\/script>\n<!-- \/ Yoast SEO plugin. -->","yoast_head_json":{"title":"Solutions industrielles et automatisation - Rexel Belgium","description":"Large gamme de produits et de solutions pour l'automatisation, le contr\u00f4le et la distribution d'\u00e9nergie : fusibles, armoires, automate programmable (PLC)...","robots":{"index":"noindex","follow":"follow","max-snippet":"max-snippet:-1","max-image-preview":"max-image-preview:large","max-video-preview":"max-video-preview:-1"},"og_locale":"fr_FR","og_type":"article","og_title":"Solutions industrielles et automatisation - Rexel Belgium","og_description":"Large gamme de produits et de solutions pour l'automatisation, le contr\u00f4le et la distribution d'\u00e9nergie : fusibles, armoires, automate programmable (PLC)...","og_url":"https:\/\/rexel.conversal.io\/fr\/produits\/industrie\/","og_site_name":"Rexel","article_modified_time":"2026-02-02T11:44:10+00:00","og_image":[{"width":2560,"height":1709,"url":"https:\/\/rexel.conversal.io\/wp-content\/uploads\/2025\/10\/Industriele-installatie-scaled.webp","type":"image\/webp"}],"twitter_card":"summary_large_image","twitter_misc":{"Dur\u00e9e de lecture estim\u00e9e":"5 minutes"},"schema":{"@context":"https:\/\/schema.org","@graph":[{"@type":"WebPage","@id":"https:\/\/rexel.conversal.io\/fr\/produits\/industrie\/","url":"https:\/\/rexel.conversal.io\/fr\/produits\/industrie\/","name":"Solutions industrielles et automatisation - Rexel Belgium","isPartOf":{"@id":"https:\/\/rexel.conversal.io\/fr\/#website"},"primaryImageOfPage":{"@id":"https:\/\/rexel.conversal.io\/fr\/produits\/industrie\/#primaryimage"},"image":{"@id":"https:\/\/rexel.conversal.io\/fr\/produits\/industrie\/#primaryimage"},"thumbnailUrl":"https:\/\/rexel.conversal.io\/wp-content\/uploads\/2025\/10\/Industriele-installatie-scaled.webp","datePublished":"2025-10-08T09:26:09+00:00","dateModified":"2026-02-02T11:44:10+00:00","description":"Large gamme de produits et de solutions pour l'automatisation, le contr\u00f4le et la distribution d'\u00e9nergie : fusibles, armoires, automate programmable (PLC)...","breadcrumb":{"@id":"https:\/\/rexel.conversal.io\/fr\/produits\/industrie\/#breadcrumb"},"inLanguage":"fr-FR","potentialAction":[{"@type":"ReadAction","target":["https:\/\/rexel.conversal.io\/fr\/produits\/industrie\/"]}]},{"@type":"ImageObject","inLanguage":"fr-FR","@id":"https:\/\/rexel.conversal.io\/fr\/produits\/industrie\/#primaryimage","url":"https:\/\/rexel.conversal.io\/wp-content\/uploads\/2025\/10\/Industriele-installatie-scaled.webp","contentUrl":"https:\/\/rexel.conversal.io\/wp-content\/uploads\/2025\/10\/Industriele-installatie-scaled.webp","width":2560,"height":1709},{"@type":"BreadcrumbList","@id":"https:\/\/rexel.conversal.io\/fr\/produits\/industrie\/#breadcrumb","itemListElement":[{"@type":"ListItem","position":1,"name":"Home","item":"https:\/\/rexel.conversal.io\/fr\/"},{"@type":"ListItem","position":2,"name":"Produits","item":"https:\/\/rexel.conversal.io\/fr\/produits\/"},{"@type":"ListItem","position":3,"name":"Industrie"}]},{"@type":"WebSite","@id":"https:\/\/rexel.conversal.io\/fr\/#website","url":"https:\/\/rexel.conversal.io\/fr\/","name":"Rexel","description":"","potentialAction":[{"@type":"SearchAction","target":{"@type":"EntryPoint","urlTemplate":"https:\/\/rexel.conversal.io\/fr\/?s={search_term_string}"},"query-input":{"@type":"PropertyValueSpecification","valueRequired":true,"valueName":"search_term_string"}}],"inLanguage":"fr-FR"}]}},"_links":{"self":[{"href":"https:\/\/rexel.conversal.io\/fr\/wp-json\/wp\/v2\/product\/1414","targetHints":{"allow":["GET"]}}],"collection":[{"href":"https:\/\/rexel.conversal.io\/fr\/wp-json\/wp\/v2\/product"}],"about":[{"href":"https:\/\/rexel.conversal.io\/fr\/wp-json\/wp\/v2\/types\/product"}],"wp:featuredmedia":[{"embeddable":true,"href":"https:\/\/rexel.conversal.io\/fr\/wp-json\/wp\/v2\/media\/1418"}],"wp:attachment":[{"href":"https:\/\/rexel.conversal.io\/fr\/wp-json\/wp\/v2\/media?parent=1414"}],"curies":[{"name":"wp","href":"https:\/\/api.w.org\/{rel}","templated":true}]}}