{"id":1468,"date":"2025-10-09T11:02:19","date_gmt":"2025-10-09T09:02:19","guid":{"rendered":"https:\/\/rexel.conversal.io\/?post_type=product&#038;p=1468"},"modified":"2026-02-03T10:57:44","modified_gmt":"2026-02-03T09:57:44","slug":"residentiel","status":"publish","type":"product","link":"https:\/\/rexel.conversal.io\/fr\/produits\/residentiel\/","title":{"rendered":"R\u00e9sidentiel"},"content":{"rendered":"\n<div class=\"wp-block-group has-global-padding is-layout-constrained wp-block-group-is-layout-constrained\" style=\"padding-top:var(--wp--preset--spacing--120-60);padding-bottom:var(--wp--preset--spacing--120-60)\">\n<div class=\"wp-block-columns are-vertically-aligned-center is-layout-flex wp-container-core-columns-is-layout-d2ad5bd7 wp-block-columns-is-layout-flex\">\n<div class=\"wp-block-column is-vertically-aligned-center is-layout-flow wp-block-column-is-layout-flow\">\n<h2 class=\"wp-block-heading\"><strong><strong>Solutions \u00e9lectriques r\u00e9sidentielles<\/strong><\/strong><\/h2>\n\n\n\n<p>Chez Rexel, vous trouverez une large gamme de mat\u00e9riel \u00e9lectrique pour les projets r\u00e9sidentiels. Avec un stock de plus de 8 000 r\u00e9f\u00e9rences, nous proposons tout ce dont vous avez besoin pour une installation domestique moderne : des appareils de commutation et coffrets de distribution aux disjoncteurs modulaires, goulottes en plastique et mat\u00e9riel de fixation.<\/p>\n\n\n\n<p>Nous suivons en permanence les derni\u00e8res tendances et innovations dans le domaine de l&rsquo;\u00e9lectricit\u00e9 r\u00e9sidentielle, afin que vous disposiez toujours des solutions les plus r\u00e9centes et les plus fiables.<\/p>\n\n\n\n<div class=\"wp-block-buttons is-layout-flex wp-block-buttons-is-layout-flex\">\n<div class=\"wp-block-button is-style-fill\"><a class=\"wp-block-button__link wp-element-button\" href=\"https:\/\/rexel.conversal.io\/fr\/solution\/pour-l-installateur-electricien\/\">D\u00e9couvrez nos solutions pour l&rsquo;\u00e9lectricien-installateur<\/a><\/div>\n<\/div>\n<\/div>\n\n\n\n<div class=\"wp-block-column is-vertically-aligned-center is-layout-flow wp-block-column-is-layout-flow\">\n<figure class=\"wp-block-image size-full is-style-right-outside orange is-style-right-outside--1\"><img loading=\"lazy\" decoding=\"async\" width=\"770\" height=\"540\" src=\"https:\/\/rexel.conversal.io\/wp-content\/uploads\/2025\/10\/Residentieel-installatiemateriaal.webp\" alt=\"\" class=\"wp-image-1481\" srcset=\"https:\/\/rexel.conversal.io\/wp-content\/uploads\/2025\/10\/Residentieel-installatiemateriaal.webp 770w, https:\/\/rexel.conversal.io\/wp-content\/uploads\/2025\/10\/Residentieel-installatiemateriaal-300x210.webp 300w, https:\/\/rexel.conversal.io\/wp-content\/uploads\/2025\/10\/Residentieel-installatiemateriaal-768x539.webp 768w\" sizes=\"auto, (max-width: 770px) 100vw, 770px\" \/><\/figure>\n<\/div>\n<\/div>\n<\/div>\n\n\n\n<div class=\"wp-block-group bg_shape has-global-padding is-layout-constrained wp-block-group-is-layout-constrained\" style=\"margin-top:0;margin-bottom:0;padding-top:var(--wp--preset--spacing--120-60);padding-bottom:var(--wp--preset--spacing--120-60)\">\n<h2 class=\"wp-block-heading has-text-align-center\"><strong><strong>Notre offre pour les installations r\u00e9sidentielles<\/strong><\/strong><\/h2>\n\n\n\n<p class=\"has-text-align-center\">Notre gamme comprend entre autres :<\/p>\n\n\n\n<div class=\"wp-block-group is-layout-grid wp-container-core-group-is-layout-988b637e wp-block-group-is-layout-grid\">\n<div class=\"wp-block-group has-border-color has-white-background-color has-background is-layout-flow wp-block-group-is-layout-flow\" style=\"border-color:#2896d752;border-width:1px;border-radius:16px;padding-top:var(--wp--preset--spacing--40-20);padding-right:var(--wp--preset--spacing--40-20);padding-bottom:var(--wp--preset--spacing--40-20);padding-left:var(--wp--preset--spacing--40-20);box-shadow:var(--wp--preset--shadow--shadow-1)\">\n<h4 class=\"wp-block-heading has-dark-color has-text-color has-link-color wp-elements-37e2a61b7e47e2e06a805d2de6f56c78\"><strong>Appareillage de commutation<\/strong><\/h4>\n\n\n\n<p>pour une commande s\u00fbre et \u00e9l\u00e9gante<\/p>\n<\/div>\n\n\n\n<div class=\"wp-block-group has-border-color has-white-background-color has-background is-layout-flow wp-block-group-is-layout-flow\" style=\"border-color:#2896d752;border-width:1px;border-radius:16px;padding-top:var(--wp--preset--spacing--40-20);padding-right:var(--wp--preset--spacing--40-20);padding-bottom:var(--wp--preset--spacing--40-20);padding-left:var(--wp--preset--spacing--40-20);box-shadow:var(--wp--preset--shadow--shadow-1)\">\n<h4 class=\"wp-block-heading has-dark-color has-text-color has-link-color wp-elements-81fd55347627d0fcfe735891ad86c796\"><strong>Des disjoncteurs modulaires et des interrupteurs diff\u00e9rentiels<\/strong><\/h4>\n\n\n\n<p>pour une protection optimale<\/p>\n<\/div>\n\n\n\n<div class=\"wp-block-group has-border-color has-white-background-color has-background is-layout-flow wp-block-group-is-layout-flow\" style=\"border-color:#2896d752;border-width:1px;border-radius:16px;padding-top:var(--wp--preset--spacing--40-20);padding-right:var(--wp--preset--spacing--40-20);padding-bottom:var(--wp--preset--spacing--40-20);padding-left:var(--wp--preset--spacing--40-20);box-shadow:var(--wp--preset--shadow--shadow-1)\">\n<h4 class=\"wp-block-heading has-dark-color has-text-color has-link-color wp-elements-63eb020903ff9bb478013b1bb5336bf4\"><strong>Des t\u00e9l\u00e9rupteurs et des contacteurs<\/strong><\/h4>\n\n\n\n<p>pour des circuits contr\u00f4l\u00e9s<\/p>\n<\/div>\n\n\n\n<div class=\"wp-block-group has-border-color has-white-background-color has-background is-layout-flow wp-block-group-is-layout-flow\" style=\"border-color:#2896d752;border-width:1px;border-radius:16px;padding-top:var(--wp--preset--spacing--40-20);padding-right:var(--wp--preset--spacing--40-20);padding-bottom:var(--wp--preset--spacing--40-20);padding-left:var(--wp--preset--spacing--40-20);box-shadow:var(--wp--preset--shadow--shadow-1)\">\n<h4 class=\"wp-block-heading has-dark-color has-text-color has-link-color wp-elements-21019c0eedb6dcf22e53773d1ab47be5\"><strong>Des boutons et des rep\u00e8res<\/strong><\/h4>\n\n\n\n<p>pour une vue d&rsquo;ensemble et une utilisation facile<\/p>\n<\/div>\n\n\n\n<div class=\"wp-block-group has-border-color has-white-background-color has-background is-layout-flow wp-block-group-is-layout-flow\" style=\"border-color:#2896d752;border-width:1px;border-radius:16px;padding-top:var(--wp--preset--spacing--40-20);padding-right:var(--wp--preset--spacing--40-20);padding-bottom:var(--wp--preset--spacing--40-20);padding-left:var(--wp--preset--spacing--40-20);box-shadow:var(--wp--preset--shadow--shadow-1)\">\n<h4 class=\"wp-block-heading has-dark-color has-text-color has-link-color wp-elements-75260baddcae8b63280cc883d074e55a\"><strong>Des armoires de distribution et des armoires murales<\/strong><\/h4>\n\n\n\n<p>pour des installations propres et s\u00fbres<\/p>\n<\/div>\n\n\n\n<div class=\"wp-block-group has-border-color has-white-background-color has-background is-layout-flow wp-block-group-is-layout-flow\" style=\"border-color:#2896d752;border-width:1px;border-radius:16px;padding-top:var(--wp--preset--spacing--40-20);padding-right:var(--wp--preset--spacing--40-20);padding-bottom:var(--wp--preset--spacing--40-20);padding-left:var(--wp--preset--spacing--40-20);box-shadow:var(--wp--preset--shadow--shadow-1)\">\n<h4 class=\"wp-block-heading has-dark-color has-text-color has-link-color wp-elements-12120d56d9290d19202615c71d6fdb88\"><strong>Des connexions et des raccordements<\/strong><\/h4>\n\n\n\n<p>pour des raccordements \u00e9lectriques fiables<\/p>\n<\/div>\n<\/div>\n<\/div>\n\n\n\n<div class=\"wp-block-group top_minus_35 has-global-padding is-layout-constrained wp-block-group-is-layout-constrained\" style=\"padding-top:var(--wp--preset--spacing--80-60);padding-bottom:var(--wp--preset--spacing--80-60)\">\n<div class=\"wp-block-columns are-vertically-aligned-center has-border-color has-white-background-color has-background is-layout-flex wp-container-core-columns-is-layout-5fd65f55 wp-block-columns-is-layout-flex\" style=\"border-color:#2896d729;border-width:1px;border-radius:24px;padding-top:var(--wp--preset--spacing--60-40);padding-right:var(--wp--preset--spacing--60-40);padding-bottom:var(--wp--preset--spacing--60-40);padding-left:var(--wp--preset--spacing--60-40)\">\n<div class=\"wp-block-column is-vertically-aligned-center is-layout-flow wp-block-column-is-layout-flow\" style=\"flex-basis:33%\">\n<h4 class=\"wp-block-heading mobile-text-center wp-container-content-9cfa9a5a\"><strong>Partenaires avec lesquels nous collaborons<\/strong><\/h4>\n<\/div>\n\n\n\n<div class=\"wp-block-column is-vertically-aligned-center is-layout-flow wp-block-column-is-layout-flow\">\n<div class=\"wp-block-cb-carousel-v2 cb-carousel-block\" data-cb-slides-per-view=\"2\" data-cb-slides-per-group=\"2\" data-cb-space-between=\"20\" data-cb-speed=\"300\" data-cb-loop=\"true\" data-cb-autoplay=\"true\" data-cb-autoplay-speed=\"3000\" data-cb-breakpoints=\"{&quot;768&quot;:{&quot;slidesPerView&quot;:5,&quot;slidesPerGroup&quot;:1}}\"><div class=\"swiper\"><div class=\"cb-wrapper swiper-wrapper\">\n<div class=\"wp-block-cb-slide-v2 cb-slide swiper-slide\">\n<figure class=\"wp-block-image aligncenter size-full is-resized\"><img loading=\"lazy\" decoding=\"async\" width=\"425\" height=\"265\" src=\"https:\/\/rexel.conversal.io\/wp-content\/uploads\/2025\/10\/ABB-web-1.jpg\" alt=\"\" class=\"wp-image-1469\" style=\"aspect-ratio:1.6042537030003798;width:95px;height:auto\" srcset=\"https:\/\/rexel.conversal.io\/wp-content\/uploads\/2025\/10\/ABB-web-1.jpg 425w, https:\/\/rexel.conversal.io\/wp-content\/uploads\/2025\/10\/ABB-web-1-300x187.jpg 300w\" sizes=\"auto, (max-width: 425px) 100vw, 425px\" \/><\/figure>\n<\/div>\n\n\n\n<div class=\"wp-block-cb-slide-v2 cb-slide swiper-slide\">\n<figure class=\"wp-block-image aligncenter size-full is-resized\"><img loading=\"lazy\" decoding=\"async\" width=\"425\" height=\"265\" src=\"https:\/\/rexel.conversal.io\/wp-content\/uploads\/2025\/10\/Bizline-web.jpg\" alt=\"\" class=\"wp-image-1470\" style=\"aspect-ratio:1.696899672636241;width:120px;height:auto\" srcset=\"https:\/\/rexel.conversal.io\/wp-content\/uploads\/2025\/10\/Bizline-web.jpg 425w, https:\/\/rexel.conversal.io\/wp-content\/uploads\/2025\/10\/Bizline-web-300x187.jpg 300w\" sizes=\"auto, (max-width: 425px) 100vw, 425px\" \/><\/figure>\n<\/div>\n\n\n\n<div class=\"wp-block-cb-slide-v2 cb-slide swiper-slide\">\n<figure class=\"wp-block-image aligncenter size-full is-resized\"><img loading=\"lazy\" decoding=\"async\" width=\"425\" height=\"265\" src=\"https:\/\/rexel.conversal.io\/wp-content\/uploads\/2025\/10\/Bticino-web.jpg\" alt=\"\" class=\"wp-image-1471\" style=\"aspect-ratio:1.6040781648258284;width:107px;height:auto\" srcset=\"https:\/\/rexel.conversal.io\/wp-content\/uploads\/2025\/10\/Bticino-web.jpg 425w, https:\/\/rexel.conversal.io\/wp-content\/uploads\/2025\/10\/Bticino-web-300x187.jpg 300w\" sizes=\"auto, (max-width: 425px) 100vw, 425px\" \/><\/figure>\n<\/div>\n\n\n\n<div class=\"wp-block-cb-slide-v2 cb-slide swiper-slide\">\n<figure class=\"wp-block-image aligncenter size-full is-resized\"><img loading=\"lazy\" decoding=\"async\" width=\"425\" height=\"265\" src=\"https:\/\/rexel.conversal.io\/wp-content\/uploads\/2025\/10\/Hager-web.jpg\" alt=\"\" class=\"wp-image-1472\" style=\"aspect-ratio:1.6043869956913435;width:104px;height:auto\" srcset=\"https:\/\/rexel.conversal.io\/wp-content\/uploads\/2025\/10\/Hager-web.jpg 425w, https:\/\/rexel.conversal.io\/wp-content\/uploads\/2025\/10\/Hager-web-300x187.jpg 300w\" sizes=\"auto, (max-width: 425px) 100vw, 425px\" \/><\/figure>\n<\/div>\n\n\n\n<div class=\"wp-block-cb-slide-v2 cb-slide swiper-slide\">\n<figure class=\"wp-block-image aligncenter size-full is-resized\" style=\"margin-top:0;margin-bottom:0\"><img loading=\"lazy\" decoding=\"async\" width=\"425\" height=\"265\" src=\"https:\/\/rexel.conversal.io\/wp-content\/uploads\/2025\/10\/Helia-web.jpg\" alt=\"\" class=\"wp-image-1473\" style=\"aspect-ratio:1.6039315617036767;width:112px;height:auto\" srcset=\"https:\/\/rexel.conversal.io\/wp-content\/uploads\/2025\/10\/Helia-web.jpg 425w, https:\/\/rexel.conversal.io\/wp-content\/uploads\/2025\/10\/Helia-web-300x187.jpg 300w\" sizes=\"auto, (max-width: 425px) 100vw, 425px\" \/><\/figure>\n<\/div>\n\n\n\n<div class=\"wp-block-cb-slide-v2 cb-slide swiper-slide\">\n<figure class=\"wp-block-image aligncenter size-full is-resized\"><img loading=\"lazy\" decoding=\"async\" width=\"425\" height=\"265\" src=\"https:\/\/rexel.conversal.io\/wp-content\/uploads\/2025\/10\/Legrand-web-2.jpg\" alt=\"\" class=\"wp-image-1474\" style=\"aspect-ratio:1.6039315617036767;width:122px;height:auto\" srcset=\"https:\/\/rexel.conversal.io\/wp-content\/uploads\/2025\/10\/Legrand-web-2.jpg 425w, https:\/\/rexel.conversal.io\/wp-content\/uploads\/2025\/10\/Legrand-web-2-300x187.jpg 300w\" sizes=\"auto, (max-width: 425px) 100vw, 425px\" \/><\/figure>\n<\/div>\n\n\n\n<div class=\"wp-block-cb-slide-v2 cb-slide swiper-slide\">\n<figure class=\"wp-block-image aligncenter size-full is-resized\"><img loading=\"lazy\" decoding=\"async\" width=\"425\" height=\"265\" src=\"https:\/\/rexel.conversal.io\/wp-content\/uploads\/2025\/10\/Niko-web.jpg\" alt=\"\" class=\"wp-image-1475\" style=\"aspect-ratio:1.6042972247090421;width:117px;height:auto\" srcset=\"https:\/\/rexel.conversal.io\/wp-content\/uploads\/2025\/10\/Niko-web.jpg 425w, https:\/\/rexel.conversal.io\/wp-content\/uploads\/2025\/10\/Niko-web-300x187.jpg 300w\" sizes=\"auto, (max-width: 425px) 100vw, 425px\" \/><\/figure>\n<\/div>\n\n\n\n<div class=\"wp-block-cb-slide-v2 cb-slide swiper-slide\">\n<figure class=\"wp-block-image aligncenter size-full is-resized\"><img loading=\"lazy\" decoding=\"async\" width=\"425\" height=\"265\" src=\"https:\/\/rexel.conversal.io\/wp-content\/uploads\/2025\/10\/Obo-web.jpg\" alt=\"\" class=\"wp-image-1476\" style=\"aspect-ratio:1.604319321249518;width:116px;height:auto\" srcset=\"https:\/\/rexel.conversal.io\/wp-content\/uploads\/2025\/10\/Obo-web.jpg 425w, https:\/\/rexel.conversal.io\/wp-content\/uploads\/2025\/10\/Obo-web-300x187.jpg 300w\" sizes=\"auto, (max-width: 425px) 100vw, 425px\" \/><\/figure>\n<\/div>\n\n\n\n<div class=\"wp-block-cb-slide-v2 cb-slide swiper-slide\">\n<figure class=\"wp-block-image aligncenter size-full\"><img loading=\"lazy\" decoding=\"async\" width=\"600\" height=\"300\" src=\"https:\/\/rexel.conversal.io\/wp-content\/uploads\/2025\/10\/Schnabl_logo_600x300px_website.png\" alt=\"\" class=\"wp-image-1477\" srcset=\"https:\/\/rexel.conversal.io\/wp-content\/uploads\/2025\/10\/Schnabl_logo_600x300px_website.png 600w, https:\/\/rexel.conversal.io\/wp-content\/uploads\/2025\/10\/Schnabl_logo_600x300px_website-300x150.png 300w\" sizes=\"auto, (max-width: 600px) 100vw, 600px\" \/><\/figure>\n<\/div>\n\n\n\n<div class=\"wp-block-cb-slide-v2 cb-slide swiper-slide\">\n<figure class=\"wp-block-image aligncenter size-full is-resized\"><img loading=\"lazy\" decoding=\"async\" width=\"425\" height=\"265\" src=\"https:\/\/rexel.conversal.io\/wp-content\/uploads\/2025\/10\/Schneider-web-2.jpg\" alt=\"\" class=\"wp-image-1478\" style=\"aspect-ratio:1.6040609137055837;width:117px;height:auto\" srcset=\"https:\/\/rexel.conversal.io\/wp-content\/uploads\/2025\/10\/Schneider-web-2.jpg 425w, https:\/\/rexel.conversal.io\/wp-content\/uploads\/2025\/10\/Schneider-web-2-300x187.jpg 300w\" sizes=\"auto, (max-width: 425px) 100vw, 425px\" \/><\/figure>\n<\/div>\n\n\n\n<div class=\"wp-block-cb-slide-v2 cb-slide swiper-slide\">\n<figure class=\"wp-block-image aligncenter size-full is-resized\"><img loading=\"lazy\" decoding=\"async\" width=\"768\" height=\"502\" src=\"https:\/\/rexel.conversal.io\/wp-content\/uploads\/2025\/10\/VanderElst-Logo_2023_CMYK_Verticaal-768x502-1.png\" alt=\"\" class=\"wp-image-1479\" style=\"aspect-ratio:1.452926628194559;width:83px;height:auto\" srcset=\"https:\/\/rexel.conversal.io\/wp-content\/uploads\/2025\/10\/VanderElst-Logo_2023_CMYK_Verticaal-768x502-1.png 768w, https:\/\/rexel.conversal.io\/wp-content\/uploads\/2025\/10\/VanderElst-Logo_2023_CMYK_Verticaal-768x502-1-300x196.png 300w\" sizes=\"auto, (max-width: 768px) 100vw, 768px\" \/><\/figure>\n<\/div>\n\n\n\n<div class=\"wp-block-cb-slide-v2 cb-slide swiper-slide\">\n<figure class=\"wp-block-image aligncenter size-full is-resized\"><img loading=\"lazy\" decoding=\"async\" width=\"768\" height=\"277\" src=\"https:\/\/rexel.conversal.io\/wp-content\/uploads\/2025\/10\/WAGO-Logo-main_use_green_RGB-768x277-1.jpg\" alt=\"\" class=\"wp-image-1480\" style=\"aspect-ratio:2.772813089993707;width:116px;height:auto\" srcset=\"https:\/\/rexel.conversal.io\/wp-content\/uploads\/2025\/10\/WAGO-Logo-main_use_green_RGB-768x277-1.jpg 768w, https:\/\/rexel.conversal.io\/wp-content\/uploads\/2025\/10\/WAGO-Logo-main_use_green_RGB-768x277-1-300x108.jpg 300w\" sizes=\"auto, (max-width: 768px) 100vw, 768px\" \/><\/figure>\n<\/div>\n<\/div><\/div><\/div>\n<\/div>\n<\/div>\n<\/div>\n","protected":false},"featured_media":1482,"parent":0,"menu_order":0,"template":"","meta":{"_acf_changed":false,"inline_featured_image":false,"_links_to":"","_links_to_target":""},"class_list":["post-1468","product","type-product","status-publish","has-post-thumbnail","hentry"],"acf":[],"yoast_head":"<!-- This site is optimized with the Yoast SEO plugin v26.9 - https:\/\/yoast.com\/product\/yoast-seo-wordpress\/ -->\n<title>Solutions \u00e9lectriques r\u00e9sidentielles - Rexel Belgium<\/title>\n<meta name=\"description\" content=\"Large gamme de mat\u00e9riel \u00e9lectrique pour projets r\u00e9sidentiels : appareillage de commande, tableaux de distribution, disjoncteurs modulaires,...\" \/>\n<meta name=\"robots\" content=\"noindex, follow, max-snippet:-1, max-image-preview:large, max-video-preview:-1\" \/>\n<meta property=\"og:locale\" content=\"fr_FR\" \/>\n<meta property=\"og:type\" content=\"article\" \/>\n<meta property=\"og:title\" content=\"Solutions \u00e9lectriques r\u00e9sidentielles - Rexel Belgium\" \/>\n<meta property=\"og:description\" content=\"Large gamme de mat\u00e9riel \u00e9lectrique pour projets r\u00e9sidentiels : appareillage de commande, tableaux de distribution, disjoncteurs modulaires,...\" \/>\n<meta property=\"og:url\" content=\"https:\/\/rexel.conversal.io\/fr\/produits\/residentiel\/\" \/>\n<meta property=\"og:site_name\" content=\"Rexel\" \/>\n<meta property=\"article:modified_time\" content=\"2026-02-03T09:57:44+00:00\" \/>\n<meta property=\"og:image\" content=\"https:\/\/rexel.conversal.io\/wp-content\/uploads\/2025\/10\/Residentieel.webp\" \/>\n\t<meta property=\"og:image:width\" content=\"2400\" \/>\n\t<meta property=\"og:image:height\" content=\"1600\" \/>\n\t<meta property=\"og:image:type\" content=\"image\/webp\" \/>\n<meta name=\"twitter:card\" content=\"summary_large_image\" \/>\n<meta name=\"twitter:label1\" content=\"Dur\u00e9e de lecture estim\u00e9e\" \/>\n\t<meta name=\"twitter:data1\" content=\"4 minutes\" \/>\n<script type=\"application\/ld+json\" class=\"yoast-schema-graph\">{\"@context\":\"https:\/\/schema.org\",\"@graph\":[{\"@type\":\"WebPage\",\"@id\":\"https:\/\/rexel.conversal.io\/fr\/produits\/residentiel\/\",\"url\":\"https:\/\/rexel.conversal.io\/fr\/produits\/residentiel\/\",\"name\":\"Solutions \u00e9lectriques r\u00e9sidentielles - Rexel Belgium\",\"isPartOf\":{\"@id\":\"https:\/\/rexel.conversal.io\/fr\/#website\"},\"primaryImageOfPage\":{\"@id\":\"https:\/\/rexel.conversal.io\/fr\/produits\/residentiel\/#primaryimage\"},\"image\":{\"@id\":\"https:\/\/rexel.conversal.io\/fr\/produits\/residentiel\/#primaryimage\"},\"thumbnailUrl\":\"https:\/\/rexel.conversal.io\/wp-content\/uploads\/2025\/10\/Residentieel.webp\",\"datePublished\":\"2025-10-09T09:02:19+00:00\",\"dateModified\":\"2026-02-03T09:57:44+00:00\",\"description\":\"Large gamme de mat\u00e9riel \u00e9lectrique pour projets r\u00e9sidentiels : appareillage de commande, tableaux de distribution, disjoncteurs modulaires,...\",\"breadcrumb\":{\"@id\":\"https:\/\/rexel.conversal.io\/fr\/produits\/residentiel\/#breadcrumb\"},\"inLanguage\":\"fr-FR\",\"potentialAction\":[{\"@type\":\"ReadAction\",\"target\":[\"https:\/\/rexel.conversal.io\/fr\/produits\/residentiel\/\"]}]},{\"@type\":\"ImageObject\",\"inLanguage\":\"fr-FR\",\"@id\":\"https:\/\/rexel.conversal.io\/fr\/produits\/residentiel\/#primaryimage\",\"url\":\"https:\/\/rexel.conversal.io\/wp-content\/uploads\/2025\/10\/Residentieel.webp\",\"contentUrl\":\"https:\/\/rexel.conversal.io\/wp-content\/uploads\/2025\/10\/Residentieel.webp\",\"width\":2400,\"height\":1600},{\"@type\":\"BreadcrumbList\",\"@id\":\"https:\/\/rexel.conversal.io\/fr\/produits\/residentiel\/#breadcrumb\",\"itemListElement\":[{\"@type\":\"ListItem\",\"position\":1,\"name\":\"Home\",\"item\":\"https:\/\/rexel.conversal.io\/fr\/\"},{\"@type\":\"ListItem\",\"position\":2,\"name\":\"Produits\",\"item\":\"https:\/\/rexel.conversal.io\/fr\/produits\/\"},{\"@type\":\"ListItem\",\"position\":3,\"name\":\"R\u00e9sidentiel\"}]},{\"@type\":\"WebSite\",\"@id\":\"https:\/\/rexel.conversal.io\/fr\/#website\",\"url\":\"https:\/\/rexel.conversal.io\/fr\/\",\"name\":\"Rexel\",\"description\":\"\",\"potentialAction\":[{\"@type\":\"SearchAction\",\"target\":{\"@type\":\"EntryPoint\",\"urlTemplate\":\"https:\/\/rexel.conversal.io\/fr\/?s={search_term_string}\"},\"query-input\":{\"@type\":\"PropertyValueSpecification\",\"valueRequired\":true,\"valueName\":\"search_term_string\"}}],\"inLanguage\":\"fr-FR\"}]}<\/script>\n<!-- \/ Yoast SEO plugin. -->","yoast_head_json":{"title":"Solutions \u00e9lectriques r\u00e9sidentielles - Rexel Belgium","description":"Large gamme de mat\u00e9riel \u00e9lectrique pour projets r\u00e9sidentiels : appareillage de commande, tableaux de distribution, disjoncteurs modulaires,...","robots":{"index":"noindex","follow":"follow","max-snippet":"max-snippet:-1","max-image-preview":"max-image-preview:large","max-video-preview":"max-video-preview:-1"},"og_locale":"fr_FR","og_type":"article","og_title":"Solutions \u00e9lectriques r\u00e9sidentielles - Rexel Belgium","og_description":"Large gamme de mat\u00e9riel \u00e9lectrique pour projets r\u00e9sidentiels : appareillage de commande, tableaux de distribution, disjoncteurs modulaires,...","og_url":"https:\/\/rexel.conversal.io\/fr\/produits\/residentiel\/","og_site_name":"Rexel","article_modified_time":"2026-02-03T09:57:44+00:00","og_image":[{"width":2400,"height":1600,"url":"https:\/\/rexel.conversal.io\/wp-content\/uploads\/2025\/10\/Residentieel.webp","type":"image\/webp"}],"twitter_card":"summary_large_image","twitter_misc":{"Dur\u00e9e de lecture estim\u00e9e":"4 minutes"},"schema":{"@context":"https:\/\/schema.org","@graph":[{"@type":"WebPage","@id":"https:\/\/rexel.conversal.io\/fr\/produits\/residentiel\/","url":"https:\/\/rexel.conversal.io\/fr\/produits\/residentiel\/","name":"Solutions \u00e9lectriques r\u00e9sidentielles - Rexel Belgium","isPartOf":{"@id":"https:\/\/rexel.conversal.io\/fr\/#website"},"primaryImageOfPage":{"@id":"https:\/\/rexel.conversal.io\/fr\/produits\/residentiel\/#primaryimage"},"image":{"@id":"https:\/\/rexel.conversal.io\/fr\/produits\/residentiel\/#primaryimage"},"thumbnailUrl":"https:\/\/rexel.conversal.io\/wp-content\/uploads\/2025\/10\/Residentieel.webp","datePublished":"2025-10-09T09:02:19+00:00","dateModified":"2026-02-03T09:57:44+00:00","description":"Large gamme de mat\u00e9riel \u00e9lectrique pour projets r\u00e9sidentiels : appareillage de commande, tableaux de distribution, disjoncteurs modulaires,...","breadcrumb":{"@id":"https:\/\/rexel.conversal.io\/fr\/produits\/residentiel\/#breadcrumb"},"inLanguage":"fr-FR","potentialAction":[{"@type":"ReadAction","target":["https:\/\/rexel.conversal.io\/fr\/produits\/residentiel\/"]}]},{"@type":"ImageObject","inLanguage":"fr-FR","@id":"https:\/\/rexel.conversal.io\/fr\/produits\/residentiel\/#primaryimage","url":"https:\/\/rexel.conversal.io\/wp-content\/uploads\/2025\/10\/Residentieel.webp","contentUrl":"https:\/\/rexel.conversal.io\/wp-content\/uploads\/2025\/10\/Residentieel.webp","width":2400,"height":1600},{"@type":"BreadcrumbList","@id":"https:\/\/rexel.conversal.io\/fr\/produits\/residentiel\/#breadcrumb","itemListElement":[{"@type":"ListItem","position":1,"name":"Home","item":"https:\/\/rexel.conversal.io\/fr\/"},{"@type":"ListItem","position":2,"name":"Produits","item":"https:\/\/rexel.conversal.io\/fr\/produits\/"},{"@type":"ListItem","position":3,"name":"R\u00e9sidentiel"}]},{"@type":"WebSite","@id":"https:\/\/rexel.conversal.io\/fr\/#website","url":"https:\/\/rexel.conversal.io\/fr\/","name":"Rexel","description":"","potentialAction":[{"@type":"SearchAction","target":{"@type":"EntryPoint","urlTemplate":"https:\/\/rexel.conversal.io\/fr\/?s={search_term_string}"},"query-input":{"@type":"PropertyValueSpecification","valueRequired":true,"valueName":"search_term_string"}}],"inLanguage":"fr-FR"}]}},"_links":{"self":[{"href":"https:\/\/rexel.conversal.io\/fr\/wp-json\/wp\/v2\/product\/1468","targetHints":{"allow":["GET"]}}],"collection":[{"href":"https:\/\/rexel.conversal.io\/fr\/wp-json\/wp\/v2\/product"}],"about":[{"href":"https:\/\/rexel.conversal.io\/fr\/wp-json\/wp\/v2\/types\/product"}],"wp:featuredmedia":[{"embeddable":true,"href":"https:\/\/rexel.conversal.io\/fr\/wp-json\/wp\/v2\/media\/1482"}],"wp:attachment":[{"href":"https:\/\/rexel.conversal.io\/fr\/wp-json\/wp\/v2\/media?parent=1468"}],"curies":[{"name":"wp","href":"https:\/\/api.w.org\/{rel}","templated":true}]}}